{"id":1000,"date":"2025-01-29T10:25:14","date_gmt":"2025-01-29T10:25:14","guid":{"rendered":"https:\/\/ani-mex.com\/?post_type=product&#038;p=1000"},"modified":"2025-01-29T10:25:14","modified_gmt":"2025-01-29T10:25:14","slug":"zestaw-powstrzymujacy-upadek-basic-szelkiamort-linka-xxl","status":"publish","type":"product","link":"https:\/\/ani-mex.com\/?product=zestaw-powstrzymujacy-upadek-basic-szelkiamort-linka-xxl","title":{"rendered":"Zestaw powstrzymuj\u0105cy upadek BASIC (szelki+amort.+linka) &#8211; XXL"},"content":{"rendered":"<p>\u2022 szelki bezpiecze\u0144stwa P 01 z tylnym punktem zaczepowym, rozmiar M-XL lub XXL<br \/>\n\u2022 amortyzator bezpiecze\u0144stwa ABM z link\u0105 bezpiecze\u0144stwa LB 101 d\u0142. 2 m i zatrza\u015bnikami stalowymi AZ 011<br \/>\n\u2022 torba transportowa, wymiary 31 x 27 x 10 cm<\/p>\n","protected":false},"excerpt":{"rendered":"<p>\u2022 szelki bezpiecze\u0144stwa P 01 z tylnym punktem zaczepowym, rozmiar M-XL lub XXL \u2022 amortyzator bezpiecze\u0144stwa ABM z link\u0105 bezpiecze\u0144stwa LB 101 d\u0142. 2 m i zatrza\u015bnikami stalowymi AZ 011 \u2022 torba transportowa, wymiary 31 x 27 x 10 cm<\/p>\n","protected":false},"featured_media":1001,"template":"","meta":{"_et_pb_use_builder":"","_et_pb_old_content":"","_et_gb_content_width":""},"product_brand":[],"product_cat":[42],"product_tag":[],"class_list":{"0":"post-1000","1":"product","2":"type-product","3":"status-publish","4":"has-post-thumbnail","6":"product_cat-ochrona-przed-upadkiem-z-wysokosci","8":"first","9":"instock","10":"shipping-taxable","11":"purchasable","12":"product-type-simple"},"_links":{"self":[{"href":"https:\/\/ani-mex.com\/index.php?rest_route=\/wp\/v2\/product\/1000","targetHints":{"allow":["GET"]}}],"collection":[{"href":"https:\/\/ani-mex.com\/index.php?rest_route=\/wp\/v2\/product"}],"about":[{"href":"https:\/\/ani-mex.com\/index.php?rest_route=\/wp\/v2\/types\/product"}],"wp:featuredmedia":[{"embeddable":true,"href":"https:\/\/ani-mex.com\/index.php?rest_route=\/wp\/v2\/media\/1001"}],"wp:attachment":[{"href":"https:\/\/ani-mex.com\/index.php?rest_route=%2Fwp%2Fv2%2Fmedia&parent=1000"}],"wp:term":[{"taxonomy":"product_brand","embeddable":true,"href":"https:\/\/ani-mex.com\/index.php?rest_route=%2Fwp%2Fv2%2Fproduct_brand&post=1000"},{"taxonomy":"product_cat","embeddable":true,"href":"https:\/\/ani-mex.com\/index.php?rest_route=%2Fwp%2Fv2%2Fproduct_cat&post=1000"},{"taxonomy":"product_tag","embeddable":true,"href":"https:\/\/ani-mex.com\/index.php?rest_route=%2Fwp%2Fv2%2Fproduct_tag&post=1000"}],"curies":[{"name":"wp","href":"https:\/\/api.w.org\/{rel}","templated":true}]}}