{"id":1005,"date":"2025-01-29T10:29:45","date_gmt":"2025-01-29T10:29:45","guid":{"rendered":"https:\/\/ani-mex.com\/?post_type=product&#038;p=1005"},"modified":"2025-01-29T10:29:45","modified_gmt":"2025-01-29T10:29:45","slug":"zestaw-powstrzymujacy-upadek-grider-szelkiamort-linka-xxl","status":"publish","type":"product","link":"https:\/\/ani-mex.com\/?product=zestaw-powstrzymujacy-upadek-grider-szelkiamort-linka-xxl","title":{"rendered":"Zestaw powstrzymuj\u0105cy upadek GRIDER (szelki+amort.+linka) &#8211; XXL"},"content":{"rendered":"<p>\u2022<strong> szelki bezpiecze\u0144stwa<\/strong> P 05S z przednim i tylnym punktem zaczepowym oraz z pasem i bocznymi klamrami, rozmiar MXL lub XXL<br \/>\n\u2022 <strong>amortyzator bezpiecze\u0144stwa<\/strong> z podw\u00f3jn\u0105 ta\u015bm\u0105 poliamidow\u0105 ABM-2T oraz zatrza\u015bnikami AZ 011 i 2 x AZ 029<br \/>\n\u2022 <strong>linka bezpiecze\u0144stwa<\/strong> regulowana LB 100 o d\u0142. 1,2 m z zatrza\u015bnikami AZ 011<br \/>\n\u2022 <strong>torba transportowa<\/strong>, wymiary 31 x 27 x 10 cm<\/p>\n<p>Zabezpieczenie dla maksymalnej wagi u\u017cytkownika 100 kg<\/p>\n","protected":false},"excerpt":{"rendered":"<p>\u2022 szelki bezpiecze\u0144stwa P 05S z przednim i tylnym punktem zaczepowym oraz z pasem i bocznymi klamrami, rozmiar MXL lub XXL \u2022 amortyzator bezpiecze\u0144stwa z podw\u00f3jn\u0105 ta\u015bm\u0105 poliamidow\u0105 ABM-2T oraz zatrza\u015bnikami AZ 011 i 2 x AZ 029 \u2022 linka bezpiecze\u0144stwa regulowana LB 100 o d\u0142. 1,2 m z zatrza\u015bnikami AZ 011 \u2022 torba transportowa, [&hellip;]<\/p>\n","protected":false},"featured_media":1006,"template":"","meta":{"_et_pb_use_builder":"","_et_pb_old_content":"","_et_gb_content_width":""},"product_brand":[],"product_cat":[42],"product_tag":[],"class_list":{"0":"post-1005","1":"product","2":"type-product","3":"status-publish","4":"has-post-thumbnail","6":"product_cat-ochrona-przed-upadkiem-z-wysokosci","8":"first","9":"instock","10":"shipping-taxable","11":"product-type-simple"},"_links":{"self":[{"href":"https:\/\/ani-mex.com\/index.php?rest_route=\/wp\/v2\/product\/1005","targetHints":{"allow":["GET"]}}],"collection":[{"href":"https:\/\/ani-mex.com\/index.php?rest_route=\/wp\/v2\/product"}],"about":[{"href":"https:\/\/ani-mex.com\/index.php?rest_route=\/wp\/v2\/types\/product"}],"wp:featuredmedia":[{"embeddable":true,"href":"https:\/\/ani-mex.com\/index.php?rest_route=\/wp\/v2\/media\/1006"}],"wp:attachment":[{"href":"https:\/\/ani-mex.com\/index.php?rest_route=%2Fwp%2Fv2%2Fmedia&parent=1005"}],"wp:term":[{"taxonomy":"product_brand","embeddable":true,"href":"https:\/\/ani-mex.com\/index.php?rest_route=%2Fwp%2Fv2%2Fproduct_brand&post=1005"},{"taxonomy":"product_cat","embeddable":true,"href":"https:\/\/ani-mex.com\/index.php?rest_route=%2Fwp%2Fv2%2Fproduct_cat&post=1005"},{"taxonomy":"product_tag","embeddable":true,"href":"https:\/\/ani-mex.com\/index.php?rest_route=%2Fwp%2Fv2%2Fproduct_tag&post=1005"}],"curies":[{"name":"wp","href":"https:\/\/api.w.org\/{rel}","templated":true}]}}