{"id":1026,"date":"2025-02-04T11:05:03","date_gmt":"2025-02-04T11:05:03","guid":{"rendered":"https:\/\/ani-mex.com\/?post_type=product&#038;p=1026"},"modified":"2025-02-04T11:05:03","modified_gmt":"2025-02-04T11:05:03","slug":"class-top-grey-bezrekawnik","status":"publish","type":"product","link":"https:\/\/ani-mex.com\/?product=class-top-grey-bezrekawnik","title":{"rendered":"CLASS-TOP Grey Bezr\u0119kawnik"},"content":{"rendered":"<div>\n<p>Bezr\u0119kawnik ocieplany, grupa: ubrania robocze<\/p>\n<p><strong>Opakowanie zbiorcze:<\/strong> 10 szt<\/p>\n<p><strong>Waga:<\/strong> 9 kg<\/p>\n<p><strong>Opakowanie jednostkowe:<\/strong> 1 szt<\/p>\n<p><strong>Rozmiary: <\/strong>M, L, XL, XXL, XXXL<\/p>\n<\/div>\n","protected":false},"excerpt":{"rendered":"<div id=\"nav-text\" class=\"tab-pane fade show active\" role=\"tabpanel\" aria-labelledby=\"nav-text-tab\">\n<p>Ocieplany bezr\u0119kawnik, wykonany z wodoodpornego materia\u0142u Oxford 450D poliester impregnowany PU. W kolorze szaro-czarnym. Poliestrowa ocieplina 180g\/m2, od wewn\u0105trz ocieplany polarem.<\/p>\n<p>&nbsp;<\/p>\n<p><strong>Charakterystyka:<\/strong><\/p>\n<ul>\n<li>zapinana na suwak, kryty listw\u0105 z rzepami i napami,<\/li>\n<li>wyko\u0144czony pod szyj\u0105 st\u00f3jk\u0105,<\/li>\n<li>6 funkcjonalnych kieszeni, w tym 4 na klatce piersiowej (3 zamykane na klapk\u0119 z rzepem, oraz 1 napoleo\u0144ska zamykana na suwak ), dwie kieszenie boczne zamykane na suwak.<\/li>\n<\/ul>\n<p><strong>Kolor:<\/strong> szaro-czarny<\/p>\n<p><strong>Dost\u0119pne rozmiary:<\/strong> M,L,XL,XXL,XXXL<\/p>\n<p><strong>CE Kat.I EN ISO 13688:2013<\/strong> &#8211; opakowanie zbiorcze 1\/10<\/p>\n<\/div>\n","protected":false},"featured_media":1027,"template":"","meta":{"_et_pb_use_builder":"","_et_pb_old_content":"","_et_gb_content_width":""},"product_brand":[],"product_cat":[83,37],"product_tag":[],"class_list":{"0":"post-1026","1":"product","2":"type-product","3":"status-publish","4":"has-post-thumbnail","6":"product_cat-kamizelki-i-bezrekawniki","7":"product_cat-ochrona-ciala","9":"first","10":"instock","11":"shipping-taxable","12":"product-type-simple"},"_links":{"self":[{"href":"https:\/\/ani-mex.com\/index.php?rest_route=\/wp\/v2\/product\/1026","targetHints":{"allow":["GET"]}}],"collection":[{"href":"https:\/\/ani-mex.com\/index.php?rest_route=\/wp\/v2\/product"}],"about":[{"href":"https:\/\/ani-mex.com\/index.php?rest_route=\/wp\/v2\/types\/product"}],"wp:featuredmedia":[{"embeddable":true,"href":"https:\/\/ani-mex.com\/index.php?rest_route=\/wp\/v2\/media\/1027"}],"wp:attachment":[{"href":"https:\/\/ani-mex.com\/index.php?rest_route=%2Fwp%2Fv2%2Fmedia&parent=1026"}],"wp:term":[{"taxonomy":"product_brand","embeddable":true,"href":"https:\/\/ani-mex.com\/index.php?rest_route=%2Fwp%2Fv2%2Fproduct_brand&post=1026"},{"taxonomy":"product_cat","embeddable":true,"href":"https:\/\/ani-mex.com\/index.php?rest_route=%2Fwp%2Fv2%2Fproduct_cat&post=1026"},{"taxonomy":"product_tag","embeddable":true,"href":"https:\/\/ani-mex.com\/index.php?rest_route=%2Fwp%2Fv2%2Fproduct_tag&post=1026"}],"curies":[{"name":"wp","href":"https:\/\/api.w.org\/{rel}","templated":true}]}}