{"id":1034,"date":"2025-02-04T11:19:30","date_gmt":"2025-02-04T11:19:30","guid":{"rendered":"https:\/\/ani-mex.com\/?post_type=product&#038;p=1034"},"modified":"2025-02-04T11:19:30","modified_gmt":"2025-02-04T11:19:30","slug":"professional-grey-bezrekawnik","status":"publish","type":"product","link":"https:\/\/ani-mex.com\/?product=professional-grey-bezrekawnik","title":{"rendered":"PROFESSIONAL Grey Bezr\u0119kawnik"},"content":{"rendered":"<p>Bezr\u0119kawnik ocieplany Professional,<\/p>\n<p>Kolor: czarno-stalowy z pomara\u0144czowymi wstawkami.<\/p>\n<p>Gramatura: 280+\/-10 gram\/m<sup>2<\/sup>.<\/p>\n<p>opakowanie jednostkowe: 1<br \/>\nkarton: 20<\/p>\n","protected":false},"excerpt":{"rendered":"<p>Bezr\u0119kawnik\u00a0<strong>ocieplany Professional<\/strong>, o atrakcyjnym wzornictwie i doskona\u0142ej funkcjonalno\u015bci.<\/p>\n<p>Wykonany z bardzo wytrzyma\u0142ej specjalistycznej tkaniny CANVAS 80 % poliestru i 20 % bawe\u0142ny, o bardzo wysokiej gramaturze\u00a0<strong>280+\/-10 gram\/m<sup>2<\/sup><\/strong>\u00a0oraz mocnym zwartym splocie.<\/p>\n<p><strong>Charakterystyka:<\/strong><\/p>\n<ul>\n<li>profesjonalne szycie i estetyka wykonania,<\/li>\n<li>zasuwany na zamek os\u0142oni\u0119ty plis\u0105 zapinan\u0105 na rzepy,<\/li>\n<li>pod szyj\u0105 wyko\u0144czony st\u00f3jk\u0105,<\/li>\n<li>podwy\u017cszona gramatura ociepliny, podszewka z poliestru\u00a0przeszywana<\/li>\n<li>4 kieszenie \u2013 2 g\u00f3rne z patkami zapinanymi na rzepy, u do\u0142u 2 kieszenie wpuszczane zamykane na suwak<\/li>\n<li>1 kiesze\u0144 wewn\u0119trzna z lewej strony<\/li>\n<li>odpowiednio dobrana szeroko\u015b\u0107 karczka do wykonania pod nim nadruku na w\u0142a\u015bciwej wysoko\u015bci<\/li>\n<li>d\u00f3\u0142 bezr\u0119kawnika zako\u0144czony paskiem ze \u015bci\u0105gaczami po bokach,<\/li>\n<li>podszewka wok\u00f3\u0142 ramion wyko\u0144czona elastyczn\u0105 gumk\u0105 umo\u017cliwiaj\u0105c\u0105 optymalne dopasowanie bezr\u0119kawnika i zabezpieczaj\u0105ca przed utrat\u0105 ciep\u0142a,<\/li>\n<li>bardzo niska kurczliwo\u015b\u0107, nawet po wielokrotnym praniu,<\/li>\n<li>stabilno\u015b\u0107 koloru.<\/li>\n<\/ul>\n<p><strong>Kolor:<\/strong> stalowy, karczek czarnym, dodatki w kolorze pomara\u0144czowym i czarny<\/p>\n<p><strong>CE Kat.I\u00a0EN ISO 13688:2013 &#8211; opakowanie zbiorcze 1\/20<\/strong><\/p>\n<hr \/>\n<h2><strong>Znaki towarowe u\u017cywane w odzie\u017cy PROFESSIONAL s\u0105 znakami towarowymi prawnie chronionymi firmy ART.MAS na podstawie Rozporz\u0105dzenia Parlamentu Europejskiego I Rady (UE) 2017\/1001 z dnia 14 czerwca 2017 r. w sprawie znaku towarowego Unii Europejskiej<\/strong><\/h2>\n","protected":false},"featured_media":1035,"template":"","meta":{"_et_pb_use_builder":"","_et_pb_old_content":"","_et_gb_content_width":""},"product_brand":[],"product_cat":[83,37],"product_tag":[],"class_list":{"0":"post-1034","1":"product","2":"type-product","3":"status-publish","4":"has-post-thumbnail","6":"product_cat-kamizelki-i-bezrekawniki","7":"product_cat-ochrona-ciala","9":"first","10":"instock","11":"shipping-taxable","12":"purchasable","13":"product-type-simple"},"_links":{"self":[{"href":"https:\/\/ani-mex.com\/index.php?rest_route=\/wp\/v2\/product\/1034","targetHints":{"allow":["GET"]}}],"collection":[{"href":"https:\/\/ani-mex.com\/index.php?rest_route=\/wp\/v2\/product"}],"about":[{"href":"https:\/\/ani-mex.com\/index.php?rest_route=\/wp\/v2\/types\/product"}],"wp:featuredmedia":[{"embeddable":true,"href":"https:\/\/ani-mex.com\/index.php?rest_route=\/wp\/v2\/media\/1035"}],"wp:attachment":[{"href":"https:\/\/ani-mex.com\/index.php?rest_route=%2Fwp%2Fv2%2Fmedia&parent=1034"}],"wp:term":[{"taxonomy":"product_brand","embeddable":true,"href":"https:\/\/ani-mex.com\/index.php?rest_route=%2Fwp%2Fv2%2Fproduct_brand&post=1034"},{"taxonomy":"product_cat","embeddable":true,"href":"https:\/\/ani-mex.com\/index.php?rest_route=%2Fwp%2Fv2%2Fproduct_cat&post=1034"},{"taxonomy":"product_tag","embeddable":true,"href":"https:\/\/ani-mex.com\/index.php?rest_route=%2Fwp%2Fv2%2Fproduct_tag&post=1034"}],"curies":[{"name":"wp","href":"https:\/\/api.w.org\/{rel}","templated":true}]}}