{"id":1043,"date":"2025-02-04T11:37:40","date_gmt":"2025-02-04T11:37:40","guid":{"rendered":"https:\/\/ani-mex.com\/?post_type=product&#038;p=1043"},"modified":"2025-02-04T11:37:40","modified_gmt":"2025-02-04T11:37:40","slug":"obuwie-trekkingowe-spinney-brazowy","status":"publish","type":"product","link":"https:\/\/ani-mex.com\/?product=obuwie-trekkingowe-spinney-brazowy","title":{"rendered":"Obuwie trekkingowe SPINNEY &#8211; br\u0105zowy"},"content":{"rendered":"<p>P\u00f3\u0142buty trekkingowe SPINNEY firmy ARDON. Cholewka wykonane z wysokiej jako\u015bci oszlifowanej sk\u00f3ry bydl\u0119cej WELUR i materia\u0142u tekstylnego NYLON OXFORD. Wy\u015bcie\u0142any j\u0119zyk i ko\u0142nierz kostki sprawiaj\u0105, \u017ce buty nie uwieraj\u0105. Wewn\u0105trz zastosowano laminowany oddyc&#8230;<\/p>\n","protected":false},"excerpt":{"rendered":"<p><strong>P\u00f3\u0142buty trekkingowe SPINNEY firmy ARDON. <\/strong>Cholewka wykonane z wysokiej jako\u015bci oszlifowanej <strong>sk\u00f3ry bydl\u0119cej WELUR i materia\u0142u tekstylnego NYLON OXFORD.<\/strong> Wy\u015bcie\u0142any j\u0119zyk i ko\u0142nierz kostki sprawiaj\u0105, \u017ce buty nie uwieraj\u0105. Wewn\u0105trz zastosowano laminowany oddychaj\u0105cy materia\u0142 MESH i wymienn\u0105 wk\u0142adk\u0119 BASIC, podnosi komfort u\u017cytkowania przez co stopy si\u0119 nie m\u0119cz\u0105. Nieprzepuszczalno\u015b\u0107 wody zapewnia membrana HYDROGUARD. Wzmocnienie z poliuretanu pi\u0119ty i czubk\u00f3w palc\u00f3w. Podeszwa klejona z phylonu i gumy. Doskona\u0142\u0105 amortyzacj\u0119 zapewnia phylon, zewn\u0119trzna warstwa kauczukowa zwi\u0119ksza przyczepno\u015b\u0107 na mokrych nawierzchniach. Dopasowanie za pomoc\u0105 sznur\u00f3wek przewleczonych przez metalowe oczka. Buty w designerskiej kolorystyce z kontrastowymi szwami. Bardzo wygodne p\u00f3\u0142buty do codziennego u\u017cytku i aktywno\u015bci turystycznej.<\/p>\n<p><strong>CECHY PRODUKTU<\/strong><\/p>\n<ul>\n<li><strong>Buty trekkingowe SPINNEY\/ ARDON<\/strong><\/li>\n<li>Cholewka ze sk\u00f3ry bydl\u0119cej WELUR i materia\u0142u tekstylnego NYLON OXFORD<\/li>\n<li>Membrana HYDROGUARD<\/li>\n<li>Podszewka z oddychaj\u0105cego materia\u0142u MESH<\/li>\n<li>Wymienna wk\u0142adka BASIC<\/li>\n<li>Podeszwa klejona z phylon\/guma<\/li>\n<li>Dopasowanie za pomoc\u0105 sznur\u00f3wek przewleczonych przez metalowe oczka<\/li>\n<\/ul>\n","protected":false},"featured_media":1044,"template":"","meta":{"_et_pb_use_builder":"","_et_pb_old_content":"","_et_gb_content_width":""},"product_brand":[],"product_cat":[40,94],"product_tag":[],"class_list":{"0":"post-1043","1":"product","2":"type-product","3":"status-publish","4":"has-post-thumbnail","6":"product_cat-ochrona-nog","7":"product_cat-polbuty","9":"first","10":"instock","11":"shipping-taxable","12":"purchasable","13":"product-type-simple"},"_links":{"self":[{"href":"https:\/\/ani-mex.com\/index.php?rest_route=\/wp\/v2\/product\/1043","targetHints":{"allow":["GET"]}}],"collection":[{"href":"https:\/\/ani-mex.com\/index.php?rest_route=\/wp\/v2\/product"}],"about":[{"href":"https:\/\/ani-mex.com\/index.php?rest_route=\/wp\/v2\/types\/product"}],"wp:featuredmedia":[{"embeddable":true,"href":"https:\/\/ani-mex.com\/index.php?rest_route=\/wp\/v2\/media\/1044"}],"wp:attachment":[{"href":"https:\/\/ani-mex.com\/index.php?rest_route=%2Fwp%2Fv2%2Fmedia&parent=1043"}],"wp:term":[{"taxonomy":"product_brand","embeddable":true,"href":"https:\/\/ani-mex.com\/index.php?rest_route=%2Fwp%2Fv2%2Fproduct_brand&post=1043"},{"taxonomy":"product_cat","embeddable":true,"href":"https:\/\/ani-mex.com\/index.php?rest_route=%2Fwp%2Fv2%2Fproduct_cat&post=1043"},{"taxonomy":"product_tag","embeddable":true,"href":"https:\/\/ani-mex.com\/index.php?rest_route=%2Fwp%2Fv2%2Fproduct_tag&post=1043"}],"curies":[{"name":"wp","href":"https:\/\/api.w.org\/{rel}","templated":true}]}}