{"id":1069,"date":"2025-02-05T08:22:43","date_gmt":"2025-02-05T08:22:43","guid":{"rendered":"https:\/\/ani-mex.com\/?post_type=product&#038;p=1069"},"modified":"2025-02-05T08:22:43","modified_gmt":"2025-02-05T08:22:43","slug":"nauszniki-nahelmowe-3m-optime-i-h510p3e","status":"publish","type":"product","link":"https:\/\/ani-mex.com\/?product=nauszniki-nahelmowe-3m-optime-i-h510p3e","title":{"rendered":"Nauszniki nahe\u0142mowe 3M OPTIME I H510P3E"},"content":{"rendered":"<div class=\"col-md-4\">\n<div id=\"3abe82de-bab5-4be3-a8c1-8f8ddc26d243\" class=\"ins-v-photo-browser product-item\"><\/div>\n<\/div>\n<div class=\"col-md-8 product-details\">\n<div class=\"row\">\n<div class=\"description col-xl-10 mb-1\">Wyj\u0105tkowa lekko\u015b\u0107 (180 g) i niskoprofilowa konstrukcja profil u\u0142atwiaj\u0105ce kompatybilno\u015b\u0107 z innym sprz\u0119tem ochronnym. Znaczna przestrze\u0144 w czaszach pomaga zwi\u0119kszy\u0107 wygod\u0119. Mi\u0119kkie, szerokie pier\u015bcienie uczszelniaj\u0105ce<\/div>\n<\/div>\n<\/div>\n","protected":false},"excerpt":{"rendered":"<p><strong>Przeciwha\u0142asowe nauszniki nahe\u0142mowe 3M OPTIME I H510P3E 405-GU <\/strong>spe\u0142niaj\u0105 normy<strong> EN 352-3 (nauszniki przeciwha\u0142asowe mocowane do przemys\u0142owego he\u0142mu ochronnego). <\/strong>Najwy\u017cszej jako\u015bci nauszniki o nowoczesnym wygl\u0105dzie w kolorze \u017c\u00f3\u0142to &#8211; czarnym. Nauszniki w lekkiej konstrukcji gwarantuj\u0105 doskona\u0142\u0105 ochron\u0119 s\u0142uchu. Poziomy t\u0142umienia ha\u0142asu zapewniaj\u0105 odpowiedni\u0105 ochron\u0119 i dzia\u0142anie w r\u00f3\u017cnych \u015brodowiskach. \u015aredni poziom t\u0142umienia ha\u0142asu: SNR= 26 dB, H= 32 dB, M= 23 dB, L= 15 dB. <strong>Nauszniki pasuj\u0105 do he\u0142mu serii Peltor OPTIME I<\/strong>, mocuje si\u0119 je do specjalnych otwor\u00f3w na he\u0142mie. Nauszniki nahe\u0142mowe przeznaczone s\u0105 do miejsc w kt\u00f3rych mamy do czynienia z ha\u0142asem oraz tam gdzie wymagane jest noszenie nausznik\u00f3w razem z kaskiem. Szerokie pier\u015bcienie uszczelniaj\u0105ce s\u0105 wype\u0142nione unikalnym po\u0142\u0105czeniem p\u0142ynu i pianki, co umo\u017cliwia optymalne dopasowanie. Pier\u015bcienie zapewniaj\u0105 szczelno\u015b\u0107 i niewielki ucisk, gwarantuj\u0105 maksymaln\u0105 wygod\u0119 nawet w czasie d\u0142ugotrwa\u0142ego u\u017cytkowania. \u0141atwa wymiana pier\u015bcieni i wk\u0142adek gwarantuje higien\u0119 i zapewniaj\u0105 komfort podczas pracy. Bezstopniowa regulacja u\u0142atwia dopasowanie do ka\u017cdego rodzaju kszta\u0142tu g\u0142owy. Nauszniki idealnie sprawdz\u0105 si\u0119 podczas pracy przy obs\u0142udze maszyn, linii monta\u017cowych, w rolnictwie, ogrodnictwie, le\u015bnictwie i budownictwie. Wybierz najlepiej dopasowany do siebie spos\u00f3b ochrony s\u0142uchu, zapewnij sobie wygod\u0119 i nie nara\u017caj si\u0119 na ha\u0142as. Ju\u017c dzi\u015b zapobiegaj ubytkowi s\u0142uchu!!!<\/p>\n<p><strong>CECHY PRODUKTU<\/strong><\/p>\n<ul>\n<li><strong>Przeciwha\u0142asowe nauszniki nahe\u0142mowe 3M OPTIME I H510P3E 405-GU<\/strong><\/li>\n<li>EN 352-3 (ochronniki s\u0142uchu &#8211; wymagania og\u00f3lne &#8211; cz\u0119\u015b\u0107 3: nauszniki przeciwha\u0142asowe mocowane do przemys\u0142owego he\u0142mu ochronnego)<\/li>\n<li>Poziom t\u0142umienia ha\u0142asu: SNR= 26 dB, H= 32 dB, M= 23 dB, L= 15 dB<\/li>\n<li>Mocowanie do he\u0142mu serii Peltor OPTIME I<\/li>\n<li>Stalowa spr\u0119\u017cyna dociskowa<\/li>\n<li>Szerokie wygodne pier\u015bcienie uszczelniaj\u0105ce<\/li>\n<li>Optymalna szczelno\u015b\u0107, niewielki nacisk<\/li>\n<li>\u0141atwa wymiana pier\u015bcieni i wk\u0142adek pozwala utrzyma\u0107 higieniczn\u0105 czysto\u015b\u0107 produktu<\/li>\n<li>Bezstopniowa regulacja<\/li>\n<li>Idealne do miejsc o \u015brednim nasileniu ha\u0142asu<\/li>\n<li>Zapobieganie ubytkom s\u0142uchu w \u015brodowisku roboczym<\/li>\n<\/ul>\n<p><strong>WARTO\u015a\u0106 T\u0141UMIENIA<\/strong><\/p>\n<p><strong>SNR= 26 dB, H= 32 dB, M= 23 dB, L= 15 dB<\/strong><\/p>\n<p><strong>SNR- <\/strong>uproszczony wska\u017anik redukcji szum : 26 dB<\/p>\n<p><strong>H- <\/strong>T\u0142umienie na wysokich cz\u0119stotliwo\u015bciach: 32 dB<\/p>\n<p><strong>M- <\/strong>T\u0142umienie na \u015brednich cz\u0119stotliwo\u015bciach: 23 dB<\/p>\n<p><strong>L-<\/strong>T\u0142umienie na niskich cz\u0119stotliwo\u015bciach: 15 dB<\/p>\n","protected":false},"featured_media":1070,"template":"","meta":{"_et_pb_use_builder":"","_et_pb_old_content":"","_et_gb_content_width":""},"product_brand":[],"product_cat":[44],"product_tag":[],"class_list":{"0":"post-1069","1":"product","2":"type-product","3":"status-publish","4":"has-post-thumbnail","6":"product_cat-ochrona-sluchu","8":"first","9":"instock","10":"shipping-taxable","11":"product-type-simple"},"_links":{"self":[{"href":"https:\/\/ani-mex.com\/index.php?rest_route=\/wp\/v2\/product\/1069","targetHints":{"allow":["GET"]}}],"collection":[{"href":"https:\/\/ani-mex.com\/index.php?rest_route=\/wp\/v2\/product"}],"about":[{"href":"https:\/\/ani-mex.com\/index.php?rest_route=\/wp\/v2\/types\/product"}],"wp:featuredmedia":[{"embeddable":true,"href":"https:\/\/ani-mex.com\/index.php?rest_route=\/wp\/v2\/media\/1070"}],"wp:attachment":[{"href":"https:\/\/ani-mex.com\/index.php?rest_route=%2Fwp%2Fv2%2Fmedia&parent=1069"}],"wp:term":[{"taxonomy":"product_brand","embeddable":true,"href":"https:\/\/ani-mex.com\/index.php?rest_route=%2Fwp%2Fv2%2Fproduct_brand&post=1069"},{"taxonomy":"product_cat","embeddable":true,"href":"https:\/\/ani-mex.com\/index.php?rest_route=%2Fwp%2Fv2%2Fproduct_cat&post=1069"},{"taxonomy":"product_tag","embeddable":true,"href":"https:\/\/ani-mex.com\/index.php?rest_route=%2Fwp%2Fv2%2Fproduct_tag&post=1069"}],"curies":[{"name":"wp","href":"https:\/\/api.w.org\/{rel}","templated":true}]}}