{"id":1081,"date":"2025-02-05T08:34:42","date_gmt":"2025-02-05T08:34:42","guid":{"rendered":"https:\/\/ani-mex.com\/?post_type=product&#038;p=1081"},"modified":"2025-02-05T08:34:42","modified_gmt":"2025-02-05T08:34:42","slug":"nauszniki-3m-optime-i-h510a","status":"publish","type":"product","link":"https:\/\/ani-mex.com\/?product=nauszniki-3m-optime-i-h510a","title":{"rendered":"Nauszniki 3M OPTIME I H510A"},"content":{"rendered":"<p>Skuteczno\u015b\u0107 t\u0142umienia do 27 dB. Niskoprofilowa konstrukcja umo\u017cliwiaj\u0105ca \u0142atwe \u0142\u0105czenie z innym sprz\u0119tem ochronnym. Pier\u015bcienie uszczelniaj\u0105ce wype\u0142nione unikaln\u0105 mieszank\u0105 p\u0142ynu i pianki. Du\u017ca przestrze\u0144 wewn\u0105trz czasz ogranicza generowanie wilgoci i cie&#8230;<\/p>\n","protected":false},"excerpt":{"rendered":"<p><strong>Nauszniki ochronne 3M OPTIME I H510A <\/strong>spe\u0142niaj\u0105 normy<strong> EN 352-1 (ochrona s\u0142uchu, wymagania og\u00f3lne, nauszniki przeciwha\u0142asowe). <\/strong>Nauszniki zosta\u0142y wykonane z najwy\u017csz\u0105 precyzj\u0105 zapewniaj\u0105c tym samym komfort u\u017cytkowania. Model z pa\u0142\u0105kiem nag\u0142ownym. \u017b\u00f3\u0142ty kolor o podwy\u017cszonej widzialno\u015bci. R\u00f3\u017cne poziomy t\u0142umienia ha\u0142asu zapewniaj\u0105 odpowiedni\u0105 ochron\u0119 i dzia\u0142anie w r\u00f3\u017cnych \u015brodowiskach. \u015aredni poziom t\u0142umienia ha\u0142asu: SNR= 27dB, H= 32dB, M= 25dB, L= 15dB. Unikatowa forma pa\u0142\u0105ka i drut wykonany ze stali nierdzewnej zapewniaj\u0105 r\u00f3wnomierne roz\u0142o\u017cenie nacisku na sk\u00f3r\u0119, nawet podczas d\u0142ugotrwa\u0142ego u\u017cytkowania. Mi\u0119kkie, szerokie poduszki uszczelniaj\u0105ce wype\u0142nione unikatowym po\u0142\u0105czeniem p\u0142ynu i pianki umo\u017cliwiaj\u0105 optymalne uszczelnienie i niski poziom ucisku. Du\u017ca przestrze\u0144 wewn\u0105trz czasz ogranicza generowanie wilgoci i ciep\u0142a. \u0141atwa wymiana pier\u015bcieni i wk\u0142adek gwarantuje higien\u0119 i zapewniaj\u0105 komfort podczas pracy. Nauszniki idealnie sprawdz\u0105 si\u0119 w \u015brodowisku przemys\u0142owym, np. warsztatach naprawczych, blacharskich lub lakierniczych. Wybierz najlepiej dopasowany do siebie spos\u00f3b ochrony s\u0142uchu, zapewnij sobie wygod\u0119 i nie nara\u017caj si\u0119 na ha\u0142as. Ju\u017c dzi\u015b zapobiegaj ubytkowi s\u0142uchu!!!<\/p>\n<p><strong>CECHY PRODUKTU<\/strong><\/p>\n<ul>\n<li><strong>Nauszniki ochronne 3M OPTIME I H510A<\/strong><\/li>\n<li>EN 352-1 (ochrona s\u0142uchu, wymagania og\u00f3lne, nauszniki przeciwha\u0142asowe)<\/li>\n<li>Poziom t\u0142umienia ha\u0142asu: SNR= 27dB, H= 32dB, M= 25dB, L= 15dB<\/li>\n<li>Waga: 180g<\/li>\n<li>Model z pa\u0142\u0105kiem nag\u0142ownym<\/li>\n<li>Kolor: \u017c\u00f3\u0142ty kolor o podwy\u017cszonej widzialno\u015bci<\/li>\n<li>Pier\u015bcienie uszczelniaj\u0105ce wype\u0142nione unikaln\u0105 mieszank\u0105 p\u0142ynu i pianki<\/li>\n<li>Du\u017ca przestrze\u0144 wewn\u0105trz czasz<\/li>\n<li>Mi\u0119kkie, szerokie poduszki zmniejszaj\u0105 ucisk wok\u00f3\u0142 uszu<\/li>\n<li>Unikatowa konstrukcja pa\u0142\u0105ka<\/li>\n<li>Optymalna szczelno\u015b\u0107, niewielki nacisk<\/li>\n<li>\u0141atwa wymiana pier\u015bcieni i wk\u0142adek pozwala utrzyma\u0107 higieniczn\u0105 czysto\u015b\u0107 produktu<\/li>\n<li>Idealne do miejsc o \u015brednim nat\u0119\u017ceniu ha\u0142asu<\/li>\n<li>Zapobieganie ubytkom s\u0142uchu w \u015brodowisku roboczym<\/li>\n<li>Niskoprofilowa konstrukcja umo\u017cliwiaj\u0105ca \u0142atwe \u0142\u0105czenie z innym sprz\u0119tem ochronnym<\/li>\n<\/ul>\n<p><strong>WARTO\u015a\u0106 T\u0141UMIENIA<\/strong><\/p>\n<p><strong>SNR= 27dB, H= 32dB, M= 25dB, L= 15dB<\/strong><\/p>\n<p><strong>SNR- <\/strong>uproszczony wska\u017anik redukcji szum : 27 dB<\/p>\n<p><strong>H- <\/strong>T\u0142umienie na wysokich cz\u0119stotliwo\u015bciach: 32 dB<\/p>\n<p><strong>M- <\/strong>T\u0142umienie na \u015brednich cz\u0119stotliwo\u015bciach: 25 dB<\/p>\n<p><strong>L-<\/strong>T\u0142umienie na niskich cz\u0119stotliwo\u015bciach: 15 dB<\/p>\n","protected":false},"featured_media":1082,"template":"","meta":{"_et_pb_use_builder":"","_et_pb_old_content":"","_et_gb_content_width":""},"product_brand":[],"product_cat":[44],"product_tag":[],"class_list":{"0":"post-1081","1":"product","2":"type-product","3":"status-publish","4":"has-post-thumbnail","6":"product_cat-ochrona-sluchu","8":"first","9":"instock","10":"shipping-taxable","11":"product-type-simple"},"_links":{"self":[{"href":"https:\/\/ani-mex.com\/index.php?rest_route=\/wp\/v2\/product\/1081","targetHints":{"allow":["GET"]}}],"collection":[{"href":"https:\/\/ani-mex.com\/index.php?rest_route=\/wp\/v2\/product"}],"about":[{"href":"https:\/\/ani-mex.com\/index.php?rest_route=\/wp\/v2\/types\/product"}],"wp:featuredmedia":[{"embeddable":true,"href":"https:\/\/ani-mex.com\/index.php?rest_route=\/wp\/v2\/media\/1082"}],"wp:attachment":[{"href":"https:\/\/ani-mex.com\/index.php?rest_route=%2Fwp%2Fv2%2Fmedia&parent=1081"}],"wp:term":[{"taxonomy":"product_brand","embeddable":true,"href":"https:\/\/ani-mex.com\/index.php?rest_route=%2Fwp%2Fv2%2Fproduct_brand&post=1081"},{"taxonomy":"product_cat","embeddable":true,"href":"https:\/\/ani-mex.com\/index.php?rest_route=%2Fwp%2Fv2%2Fproduct_cat&post=1081"},{"taxonomy":"product_tag","embeddable":true,"href":"https:\/\/ani-mex.com\/index.php?rest_route=%2Fwp%2Fv2%2Fproduct_tag&post=1081"}],"curies":[{"name":"wp","href":"https:\/\/api.w.org\/{rel}","templated":true}]}}