{"id":1164,"date":"2025-02-05T10:10:49","date_gmt":"2025-02-05T10:10:49","guid":{"rendered":"https:\/\/ani-mex.com\/?post_type=product&#038;p=1164"},"modified":"2025-02-05T10:10:49","modified_gmt":"2025-02-05T10:10:49","slug":"professional-4-dynamic-spod-pas-kat-i","status":"publish","type":"product","link":"https:\/\/ani-mex.com\/?product=professional-4-dynamic-spod-pas-kat-i","title":{"rendered":"PROFESSIONAL 4 DYNAMIC spod. pas kat. I"},"content":{"rendered":"<p><strong>Spodnie ochronne Professional4DYNAMIC do pasa nowej generacji, o\u00a0<\/strong><strong>wyj\u0105tkowo atrakcyjnym wzornictwie i doskona\u0142ej funkcjonalno\u015bci. <\/strong><\/p>\n<p><strong>Wygodny i\u00a0<\/strong><strong>nowoczesny fason Slim doskonale dopasowuje si\u0119 do sylwetki, w \u017caden\u00a0<\/strong><strong>spos\u00f3b nie kr\u0119puj\u0105c ruch\u00f3w, dzi\u0119ki zastosowaniu materia\u0142u z dodatkiem\u00a0<\/strong><strong>elastanu.<\/strong><\/p>\n<p><strong>Wykonane z bardzo wytrzyma\u0142ych i elastycznych tkanin o sk\u0142adzie:<\/strong><\/p>\n<p><strong>60% bawe\u0142na, 38% poliester, 2% spandex &#8211; <\/strong><strong>2way &#8211; rozci\u0105ganie w 2\u00a0<\/strong><strong>kierunkach<\/strong><strong> oraz 95% poliester, 5% spandex &#8211; <\/strong><strong>4way &#8211; rozci\u0105ganie w 4\u00a0<\/strong><strong>kierunkach<\/strong><strong> o gramaturze 260 +\/-10 g\/m2 oraz mocnym zwartym splocie.<\/strong><\/p>\n","protected":false},"excerpt":{"rendered":"<p><strong>&#8211; dzi\u0119ki odpowiednio dobranym szwom i ukierunkowaniu w\u0142\u00f3kien w<\/strong><\/p>\n<p><strong>dw\u00f3ch tkaninach &#8211; 4 way stretch o zmiennej charakterystyce kierunk\u00f3w<\/strong><\/p>\n<p><strong>rozci\u0105gania elastanu spodnie s\u0105 rozci\u0105gliwe w czterech kierunkach,<\/strong><\/p>\n<p><strong>&#8211; wysokiej jako\u015bci szycie i estetyka wykonania,<\/strong><\/p>\n<p><strong>&#8211; zapinane z przodu na guzik i suwak,<\/strong><\/p>\n<p><strong>&#8211; czarny klin,<\/strong><strong> mocne podw\u00f3jne szwy oraz liczne rygl\u00f3wki wzmacniaj\u0105ce miejsca szczeg\u00f3lnie podatne na rozerwanie,<\/strong><\/p>\n<p>&nbsp;<\/p>\n<p><strong>&#8211; <\/strong><strong>elementy odblaskowe z przodu i z ty\u0142u spodni<\/strong>,<\/p>\n<p><strong>&#8211; wiele funkcjonalnych kieszeni wzmocnionych tkanin\u0105 poliestrow\u0105<\/strong> <strong>Oxford600D<\/strong> w tym kieszenie narz\u0119dziowe oraz na metr\u00f3wk\u0119, szlufka na m\u0142otek,<\/p>\n<p><strong>&#8211; <\/strong><strong>2 kieszenie kolanowe<\/strong> z otworem od do\u0142u zapinane na rzep pozwalaj\u0105ce na zastosowanie wymiennych nakolannik\u00f3w. Kieszenie wzmocnione s\u0105 tkanin\u0105 poliester Oxford 600D, kt\u00f3ra charakteryzuje si\u0119 du\u017c\u0105 wytrzyma\u0142o\u015bci\u0105, odporno\u015bci\u0105 na \u015bcieranie i rozci\u0105ganie oraz wodoodporno\u015bci\u0105,<\/p>\n<p>&#8211; wygodny i praktyczny system regulacji obwodu pasa za pomoc\u0105 gumki w pasie,<br \/>\n&#8211; bardzo niska kurczliwo\u015b\u0107, nawet po wielokrotnym praniu,<br \/>\n&#8211; stabilno\u015b\u0107 koloru.<\/p>\n<p>&nbsp;<\/p>\n<p>&nbsp;<\/p>\n<p><strong>Kolor: grafitowo-czarny z czerwonymi wstawkami i elementami odblaskowymi.<\/strong><\/p>\n<p><em><strong>CE kat. I <\/strong><\/em><strong>EN ISO 13688:2013 <\/strong><em><strong>&#8211; opakowanie zbiorcze 1\/20\u00a0 Waga<\/strong><\/em><strong>: 16 kg<\/strong><\/p>\n","protected":false},"featured_media":1165,"template":"","meta":{"_et_pb_use_builder":"","_et_pb_old_content":"","_et_gb_content_width":""},"product_brand":[],"product_cat":[37,89],"product_tag":[],"class_list":{"0":"post-1164","1":"product","2":"type-product","3":"status-publish","4":"has-post-thumbnail","6":"product_cat-ochrona-ciala","7":"product_cat-spodnie-do-pasa","9":"first","10":"instock","11":"shipping-taxable","12":"purchasable","13":"product-type-simple"},"_links":{"self":[{"href":"https:\/\/ani-mex.com\/index.php?rest_route=\/wp\/v2\/product\/1164","targetHints":{"allow":["GET"]}}],"collection":[{"href":"https:\/\/ani-mex.com\/index.php?rest_route=\/wp\/v2\/product"}],"about":[{"href":"https:\/\/ani-mex.com\/index.php?rest_route=\/wp\/v2\/types\/product"}],"wp:featuredmedia":[{"embeddable":true,"href":"https:\/\/ani-mex.com\/index.php?rest_route=\/wp\/v2\/media\/1165"}],"wp:attachment":[{"href":"https:\/\/ani-mex.com\/index.php?rest_route=%2Fwp%2Fv2%2Fmedia&parent=1164"}],"wp:term":[{"taxonomy":"product_brand","embeddable":true,"href":"https:\/\/ani-mex.com\/index.php?rest_route=%2Fwp%2Fv2%2Fproduct_brand&post=1164"},{"taxonomy":"product_cat","embeddable":true,"href":"https:\/\/ani-mex.com\/index.php?rest_route=%2Fwp%2Fv2%2Fproduct_cat&post=1164"},{"taxonomy":"product_tag","embeddable":true,"href":"https:\/\/ani-mex.com\/index.php?rest_route=%2Fwp%2Fv2%2Fproduct_tag&post=1164"}],"curies":[{"name":"wp","href":"https:\/\/api.w.org\/{rel}","templated":true}]}}