{"id":1173,"date":"2025-02-05T10:17:38","date_gmt":"2025-02-05T10:17:38","guid":{"rendered":"https:\/\/ani-mex.com\/?post_type=product&#038;p=1173"},"modified":"2025-02-05T10:17:38","modified_gmt":"2025-02-05T10:17:38","slug":"professional-4-dynamic-spod-ogr-kat-i","status":"publish","type":"product","link":"https:\/\/ani-mex.com\/?product=professional-4-dynamic-spod-ogr-kat-i","title":{"rendered":"PROFESSIONAL 4 DYNAMIC spod. ogr. kat. I"},"content":{"rendered":"<p><strong>Spodnie ochronne Professional4DYNAMIC ogrodniczki nowej generacji, o<\/strong><\/p>\n<p><strong>wyj\u0105tkowo atrakcyjnym wzornictwie i doskona\u0142ej funkcjonalno\u015bci. Wygodny i<\/strong><\/p>\n<p><strong>nowoczesny fason Slim doskonale dopasowuje si\u0119 do sylwetki, w \u017caden<\/strong><\/p>\n<p><strong>spos\u00f3b nie kr\u0119puj\u0105c ruch\u00f3w, dzi\u0119ki zastosowaniu materia\u0142u z dodatkiem<\/strong><\/p>\n<p><strong>elastanu. Wykonane z bardzo wytrzyma\u0142ych i elastycznych tkanin o sk\u0142adzie:<\/strong><\/p>\n<p><strong>60% bawe\u0142na, 38% poliester, 2% spandex &#8211; <\/strong><strong>2way &#8211; rozci\u0105ganie w 2<\/strong><\/p>\n<p><strong>kierunkach<\/strong><strong> oraz 95% poliester, 5% spandex &#8211; <\/strong><strong>4way &#8211; rozci\u0105ganie w 4<\/strong><\/p>\n<p><strong>kierunkach<\/strong><strong> o gramaturze 260 +\/-10 g\/m2 oraz mocnym zwartym splocie.<\/strong><\/p>\n","protected":false},"excerpt":{"rendered":"<p><strong>&#8211; dzi\u0119ki odpowiednio dobranym szwom i ukierunkowaniu w\u0142\u00f3kien w<\/strong><\/p>\n<p><strong>dw\u00f3ch tkaninach &#8211; 4 way stretch o zmiennej charakterystyce kierunk\u00f3w<\/strong><\/p>\n<p><strong>rozci\u0105gania elastanu spodnie s\u0105 rozci\u0105gliwe w czterech kierunkach,<\/strong><\/p>\n<p><strong>&#8211; wysokiej jako\u015bci szycie i estetyka wykonania,<\/strong><\/p>\n<p><strong>&#8211; zapinane z boku na guziki,<\/strong><\/p>\n<p><strong>&#8211; czarny klin,<\/strong><strong> mocne podw\u00f3jne szwy oraz liczne rygl\u00f3wki wzmacniaj\u0105ce<\/strong><\/p>\n<p><strong>miejsca szczeg\u00f3lnie podatne na rozerwanie,<\/strong><\/p>\n<p><strong>&#8211; elementy odblaskowe z przodu i z ty\u0142u spodni,<\/strong><\/p>\n<p><strong>&#8211; wiele funkcjonalnych kieszeni wzmocnionych tkanin\u0105 poliestrow\u0105<\/strong><\/p>\n<p><strong>Oxford600D<\/strong><strong> w tym kieszenie narz\u0119dziowe oraz na metr\u00f3wk\u0119, szlufka na<\/strong><\/p>\n<p><strong>m\u0142otek. Kiesze\u0144 posiadaj\u0105ca klapk\u0119 zapinana jest na rzep,<\/strong><\/p>\n<p><strong>&#8211; 2 kieszenie kolanowe<\/strong><strong> z otworem od do\u0142u zapinane na rzep pozwalaj\u0105ce na<\/strong><\/p>\n<p><strong>zastosowanie wymiennych nakolannik\u00f3w. Kieszenie wzmocnione s\u0105 tkanin\u0105<\/strong><\/p>\n<p><strong>poliester Oxford 600D, kt\u00f3ra charakteryzuje si\u0119 du\u017c\u0105 wytrzyma\u0142o\u015bci\u0105,<\/strong><\/p>\n<p><strong>odporno\u015bci\u0105 na \u015bcieranie i rozci\u0105ganie oraz wodoodporno\u015bci\u0105,<\/strong><\/p>\n<p><strong>&#8211; wygodny i praktyczny system regulacji obwodu pasa za pomoc\u0105 gumki oraz<\/strong><\/p>\n<p><strong>podw\u00f3jnych guzik\u00f3w pozwalaj\u0105cych na dodatkow\u0105 regulacj\u0119,<\/strong><\/p>\n<p><strong>&#8211; bardzo niska kurczliwo\u015b\u0107, nawet po wielokrotnym praniu,<\/strong><\/p>\n<p><strong>&#8211; stabilno\u015b\u0107 koloru.<\/strong><\/p>\n<p>&nbsp;<\/p>\n<p><strong>Kolor: grafitowo-czarny z czerwonymi wstawkami i elementami<\/strong><\/p>\n<p><strong>odblaskowymi.<\/strong><\/p>\n<p>&nbsp;<\/p>\n<p><strong>CE kat. I EN ISO 13688:2013 &#8211; opakowanie zbiorcze 1\/20\u00a0 Waga : 21 kg<\/strong><\/p>\n","protected":false},"featured_media":1170,"template":"","meta":{"_et_pb_use_builder":"","_et_pb_old_content":"","_et_gb_content_width":""},"product_brand":[],"product_cat":[37,101],"product_tag":[],"class_list":{"0":"post-1173","1":"product","2":"type-product","3":"status-publish","4":"has-post-thumbnail","6":"product_cat-ochrona-ciala","7":"product_cat-spodnie-ogrodniczki","9":"first","10":"instock","11":"shipping-taxable","12":"purchasable","13":"product-type-simple"},"_links":{"self":[{"href":"https:\/\/ani-mex.com\/index.php?rest_route=\/wp\/v2\/product\/1173","targetHints":{"allow":["GET"]}}],"collection":[{"href":"https:\/\/ani-mex.com\/index.php?rest_route=\/wp\/v2\/product"}],"about":[{"href":"https:\/\/ani-mex.com\/index.php?rest_route=\/wp\/v2\/types\/product"}],"wp:featuredmedia":[{"embeddable":true,"href":"https:\/\/ani-mex.com\/index.php?rest_route=\/wp\/v2\/media\/1170"}],"wp:attachment":[{"href":"https:\/\/ani-mex.com\/index.php?rest_route=%2Fwp%2Fv2%2Fmedia&parent=1173"}],"wp:term":[{"taxonomy":"product_brand","embeddable":true,"href":"https:\/\/ani-mex.com\/index.php?rest_route=%2Fwp%2Fv2%2Fproduct_brand&post=1173"},{"taxonomy":"product_cat","embeddable":true,"href":"https:\/\/ani-mex.com\/index.php?rest_route=%2Fwp%2Fv2%2Fproduct_cat&post=1173"},{"taxonomy":"product_tag","embeddable":true,"href":"https:\/\/ani-mex.com\/index.php?rest_route=%2Fwp%2Fv2%2Fproduct_tag&post=1173"}],"curies":[{"name":"wp","href":"https:\/\/api.w.org\/{rel}","templated":true}]}}