{"id":1174,"date":"2025-02-05T10:24:28","date_gmt":"2025-02-05T10:24:28","guid":{"rendered":"https:\/\/ani-mex.com\/?post_type=product&#038;p=1174"},"modified":"2025-02-05T10:24:28","modified_gmt":"2025-02-05T10:24:28","slug":"spodnie-do-pasa-ardoncreatron-czarny-neon","status":"publish","type":"product","link":"https:\/\/ani-mex.com\/?product=spodnie-do-pasa-ardoncreatron-czarny-neon","title":{"rendered":"Spodnie do pasa ARDON\u00aeCREATRON\u00ae &#8211; czarny-neon"},"content":{"rendered":"<p><strong>SPODNIE DO PASA ARDON\u00aeCREATRON\u00ae<\/strong><\/p>\n<ul>\n<li>Streczowe bawe\u0142niane spodnie robocze ze specjalnego, odznaczaj\u0105cego\u00a0si\u0119 zwi\u0119kszon\u0105 wytrzyma\u0142o\u015bci\u0105 oraz g\u0142adk\u0105\u00a0i delikatn\u0105 powierzchni\u0105 materia\u0142u Amalytton\u00ae.<\/li>\n<li>Obni\u017con\u0105\u00a0gramatur\u0119 materia\u0142u u\u017cytkownicy doceni\u0105 dzi\u0119ki komfortowi\u00a0noszenia nie tylko przy wy\u017cszych temperaturach.<\/li>\n<li>W partiach\u00a0nara\u017conych na zwi\u0119kszone obci\u0105\u017cenie u\u017cyty jest ekstremalnie\u00a0wytrzyma\u0142y czterokierunkowo elastyczny materia\u0142 Tabiflex\u00ae.<\/li>\n<li>Spodnie charakteryzuj\u0105 si\u0119 wysoce funkcjonalnym podkre\u015blaj\u0105cym\u00a0sylwetk\u0119 krojem 3D SLIM FIT.<\/li>\n<li>Strefa kolan wzmocniona\u00a0jest wytrzyma\u0142ym materia\u0142em Oxford z hydrofobowym wyko\u0144czeniem\u00a0oraz posiada kieszenie na nakolanniki.<\/li>\n<li>Spodnie\u00a0maj\u0105 elastyczny pas z ukryt\u0105 podw\u00f3jn\u0105 szlufk\u0105 umo\u017cliwiaj\u0105c\u0105\u00a0komfortowe umieszczenie paska, D-ring na karabi\u0144czyk, 2\u00a0kieszenie otwarte, 1 przedni\u0105 kiesze\u0144 na zamek, 1 przedni\u0105\u00a0kiesze\u0144 narz\u0119dziow\u0105 z szerok\u0105 p\u0119telk\u0105, na prawej nogawce\u00a0umieszczona jest wielofunkcyjna kiesze\u0144 narz\u0119dziowa na\u00a0sk\u0142adan\u0105 miark\u0119, wkr\u0119tak i n\u00f3\u017c, dodatkowo z szerokimi p\u0119telkami,\u00a0na lewej nogawce znajduje si\u0119 du\u017ca podw\u00f3jna kiesze\u0144\u00a0z patk\u0105 na zatrzask.<\/li>\n<li>Cz\u0119\u015b\u0107 tylna z 2 kieszeniami oddzielona\u00a0od pasa karczkiem, prawa tylna kiesze\u0144 kryta patk\u0105 na zatrzask.<\/li>\n<li>Dolna kraw\u0119d\u017a nogawek wzmocniona jest odpornym\u00a0na przetarcie materia\u0142em Oxford.<\/li>\n<li>Dynamiczne odblaskowe\u00a0nadruki 3D i elementy hi-vis podwy\u017cszaj\u0105 widzialno\u015b\u0107 u\u017cytkownika.\u00a0Nogawki mo\u017cna w \u0142atwy spos\u00f3b przed\u0142u\u017cy\u0107 o 5 cm.<\/li>\n<\/ul>\n","protected":false},"excerpt":{"rendered":"<p><strong>SPODNIE DO PASA ARDON\u00aeCREATRON\u00ae<\/strong><\/p>\n<ul>\n<li>Streczowe bawe\u0142niane spodnie robocze ze specjalnego, odznaczaj\u0105cego\u00a0si\u0119 zwi\u0119kszon\u0105 wytrzyma\u0142o\u015bci\u0105 oraz g\u0142adk\u0105\u00a0i delikatn\u0105 powierzchni\u0105 materia\u0142u Amalytton\u00ae.<\/li>\n<li>Obni\u017con\u0105\u00a0gramatur\u0119 materia\u0142u u\u017cytkownicy doceni\u0105 dzi\u0119ki komfortowi\u00a0noszenia nie tylko przy wy\u017cszych temperaturach.<\/li>\n<li>W partiach\u00a0nara\u017conych na zwi\u0119kszone obci\u0105\u017cenie u\u017cyty jest ekstremalnie\u00a0wytrzyma\u0142y czterokierunkowo elastyczny materia\u0142 Tabiflex\u00ae.<\/li>\n<li>Spodnie charakteryzuj\u0105 si\u0119 wysoce funkcjonalnym podkre\u015blaj\u0105cym\u00a0sylwetk\u0119 krojem 3D SLIM FIT.<\/li>\n<li>Strefa kolan wzmocniona\u00a0jest wytrzyma\u0142ym materia\u0142em Oxford z hydrofobowym wyko\u0144czeniem\u00a0oraz posiada kieszenie na nakolanniki.<\/li>\n<li>Spodnie\u00a0maj\u0105 elastyczny pas z ukryt\u0105 podw\u00f3jn\u0105 szlufk\u0105 umo\u017cliwiaj\u0105c\u0105\u00a0komfortowe umieszczenie paska, D-ring na karabi\u0144czyk, 2\u00a0kieszenie otwarte, 1 przedni\u0105 kiesze\u0144 na zamek, 1 przedni\u0105\u00a0kiesze\u0144 narz\u0119dziow\u0105 z szerok\u0105 p\u0119telk\u0105, na prawej nogawce\u00a0umieszczona jest wielofunkcyjna kiesze\u0144 narz\u0119dziowa na\u00a0sk\u0142adan\u0105 miark\u0119, wkr\u0119tak i n\u00f3\u017c, dodatkowo z szerokimi p\u0119telkami,\u00a0na lewej nogawce znajduje si\u0119 du\u017ca podw\u00f3jna kiesze\u0144\u00a0z patk\u0105 na zatrzask.<\/li>\n<li>Cz\u0119\u015b\u0107 tylna z 2 kieszeniami oddzielona\u00a0od pasa karczkiem, prawa tylna kiesze\u0144 kryta patk\u0105 na zatrzask.<\/li>\n<li>Dolna kraw\u0119d\u017a nogawek wzmocniona jest odpornym\u00a0na przetarcie materia\u0142em Oxford.<\/li>\n<li>Dynamiczne odblaskowe\u00a0nadruki 3D i elementy hi-vis podwy\u017cszaj\u0105 widzialno\u015b\u0107 u\u017cytkownika.\u00a0Nogawki mo\u017cna w \u0142atwy spos\u00f3b przed\u0142u\u017cy\u0107 o 5 cm.<\/li>\n<\/ul>\n<p><strong>MATERIA\u0141<\/strong><\/p>\n<ul>\n<li>Materia\u0142 A: 98 % bawe\u0142na, 2 % elastan, Amalytton\u00ae, tkanina\u00a0canvas, ok. 250 g\/m2<\/li>\n<li>Materia\u0142 B: 88 % nylon, 12 % spandex, Tabiflex\u00ae<\/li>\n<li>Materia\u0142 C: 100 % poliester &#8211; Oxford<\/li>\n<li>Materia\u0142 D: 65 % poliester, 35 % bawe\u0142na<\/li>\n<\/ul>\n<p><strong><br \/>\nNORMY<\/strong><br \/>\nEN ISO 13688:2013 &#8211; Odzie\u017c ochronna, wymagania og\u00f3lne<\/p>\n","protected":false},"featured_media":1175,"template":"","meta":{"_et_pb_use_builder":"","_et_pb_old_content":"","_et_gb_content_width":""},"product_brand":[],"product_cat":[37,89],"product_tag":[],"class_list":{"0":"post-1174","1":"product","2":"type-product","3":"status-publish","4":"has-post-thumbnail","6":"product_cat-ochrona-ciala","7":"product_cat-spodnie-do-pasa","9":"first","10":"instock","11":"shipping-taxable","12":"purchasable","13":"product-type-simple"},"_links":{"self":[{"href":"https:\/\/ani-mex.com\/index.php?rest_route=\/wp\/v2\/product\/1174","targetHints":{"allow":["GET"]}}],"collection":[{"href":"https:\/\/ani-mex.com\/index.php?rest_route=\/wp\/v2\/product"}],"about":[{"href":"https:\/\/ani-mex.com\/index.php?rest_route=\/wp\/v2\/types\/product"}],"wp:featuredmedia":[{"embeddable":true,"href":"https:\/\/ani-mex.com\/index.php?rest_route=\/wp\/v2\/media\/1175"}],"wp:attachment":[{"href":"https:\/\/ani-mex.com\/index.php?rest_route=%2Fwp%2Fv2%2Fmedia&parent=1174"}],"wp:term":[{"taxonomy":"product_brand","embeddable":true,"href":"https:\/\/ani-mex.com\/index.php?rest_route=%2Fwp%2Fv2%2Fproduct_brand&post=1174"},{"taxonomy":"product_cat","embeddable":true,"href":"https:\/\/ani-mex.com\/index.php?rest_route=%2Fwp%2Fv2%2Fproduct_cat&post=1174"},{"taxonomy":"product_tag","embeddable":true,"href":"https:\/\/ani-mex.com\/index.php?rest_route=%2Fwp%2Fv2%2Fproduct_tag&post=1174"}],"curies":[{"name":"wp","href":"https:\/\/api.w.org\/{rel}","templated":true}]}}