{"id":1183,"date":"2025-02-05T10:29:53","date_gmt":"2025-02-05T10:29:53","guid":{"rendered":"https:\/\/ani-mex.com\/?post_type=product&#038;p=1183"},"modified":"2025-02-05T10:29:53","modified_gmt":"2025-02-05T10:29:53","slug":"bx321-spodnie-3-w-1-ultimate-modular-czarny-zolty","status":"publish","type":"product","link":"https:\/\/ani-mex.com\/?product=bx321-spodnie-3-w-1-ultimate-modular-czarny-zolty","title":{"rendered":"BX321 &#8211; Spodnie 3 w 1 Ultimate Modular Czarny\/\u017b\u00f3\u0142ty"},"content":{"rendered":"<p class=\"text-justify\">Doskona\u0142y modu\u0142owy projekt spodni 3 w 1, kt\u00f3ry spe\u0142ni wszystkie Twoje potrzeby. Funkcja 3 w 1 zmienia spodnie robocze w szorty robocze lub spodnie robocze klasy 1 zgodne z norm\u0105 EN20471. Masz wszystko, czego potrzebujesz. Kieszenie z patkami magnetycznymi, aby nie przeszkadza\u0142y, Kieszenie na nakolanniki, du\u017ce wbudowane kieszenie boczne na du\u017ce narz\u0119dzia, puszki z aerozolem lub po prostu mo\u017cesz podwin\u0105\u0107 nogawki w trybie szort\u00f3w i zapewni\u0107 im bezpiecze\u0144stwo. Wbudowany pas, Kiesze\u0144 cargo z przodu nogawki u\u0142atwiaj\u0105ca u\u017cytkowanie podczas pracy, Siateczkowa kiesze\u0144 na telefon kom\u00f3rkowy. Do tego unikalny system kieszeni clip on z wykorzystaniem trzech kieszeni, kt\u00f3re mo\u017cna przypi\u0105\u0107 z przodu lub z ty\u0142u spodni.<\/p>\n<h3 class=\"text-left\">Cechy<\/h3>\n<ul>\n<li>Tkanina stretch oferujaca najwy\u017csz\u0105 swobod\u0119 ruch\u00f3w<\/li>\n<li>Dopasowanie Slim oferuj\u0105ce najwy\u017cszy komfort u\u017cytkowania<\/li>\n<li>15 obszernych kieszeni<\/li>\n<li>Kieszenie na nakolanniki u\u0142atwiaj\u0105ce ich wk\u0142adanie<\/li>\n<li>Kieszenie B920, B921 i B922 zosta\u0142y zaprojektowane tak, aby mo\u017cna je by\u0142o przypi\u0105\u0107 do spodni<\/li>\n<li>Regulacja w pasie u\u0142atwia dopasowanie<\/li>\n<li>Certyfikowano na zgodno\u015b\u0107 z CE<\/li>\n<\/ul>\n<p>&nbsp;<\/p>\n<p>&nbsp;<\/p>\n<div class=\"std_titles\">Materia\u0142 wierzchni :<\/div>\n<div>Titanmill Ultra Stretch: 92% Nylon, 8% Elastan 230g<\/div>\n<p>&nbsp;<\/p>\n<p>&nbsp;<\/p>\n<div class=\"std_titles\">Tkanina kontrastowa :<\/div>\n<div>CorePro: 87% Nylon, 13% Elastan<\/div>\n","protected":false},"excerpt":{"rendered":"<p>Doskona\u0142y modu\u0142owy projekt spodni 3 w 1, kt\u00f3ry spe\u0142ni wszystkie Twoje potrzeby. Funkcja 3 w 1 zmienia spodnie robocze w szorty robocze lub spodnie robocze klasy 1 zgodne z norm\u0105 EN20471. Masz wszystko, czego potrzebujesz. Kieszenie z patkami magnetycznymi, aby nie przeszkadza\u0142y, Kieszenie na nakolanniki, du\u017ce wbudowane kieszenie boczne na du\u017ce narz\u0119dzia, puszki z aerozolem [&hellip;]<\/p>\n","protected":false},"featured_media":1184,"template":"","meta":{"_et_pb_use_builder":"","_et_pb_old_content":"","_et_gb_content_width":""},"product_brand":[],"product_cat":[37,89],"product_tag":[],"class_list":{"0":"post-1183","1":"product","2":"type-product","3":"status-publish","4":"has-post-thumbnail","6":"product_cat-ochrona-ciala","7":"product_cat-spodnie-do-pasa","9":"first","10":"instock","11":"shipping-taxable","12":"product-type-simple"},"_links":{"self":[{"href":"https:\/\/ani-mex.com\/index.php?rest_route=\/wp\/v2\/product\/1183","targetHints":{"allow":["GET"]}}],"collection":[{"href":"https:\/\/ani-mex.com\/index.php?rest_route=\/wp\/v2\/product"}],"about":[{"href":"https:\/\/ani-mex.com\/index.php?rest_route=\/wp\/v2\/types\/product"}],"wp:featuredmedia":[{"embeddable":true,"href":"https:\/\/ani-mex.com\/index.php?rest_route=\/wp\/v2\/media\/1184"}],"wp:attachment":[{"href":"https:\/\/ani-mex.com\/index.php?rest_route=%2Fwp%2Fv2%2Fmedia&parent=1183"}],"wp:term":[{"taxonomy":"product_brand","embeddable":true,"href":"https:\/\/ani-mex.com\/index.php?rest_route=%2Fwp%2Fv2%2Fproduct_brand&post=1183"},{"taxonomy":"product_cat","embeddable":true,"href":"https:\/\/ani-mex.com\/index.php?rest_route=%2Fwp%2Fv2%2Fproduct_cat&post=1183"},{"taxonomy":"product_tag","embeddable":true,"href":"https:\/\/ani-mex.com\/index.php?rest_route=%2Fwp%2Fv2%2Fproduct_tag&post=1183"}],"curies":[{"name":"wp","href":"https:\/\/api.w.org\/{rel}","templated":true}]}}