{"id":1188,"date":"2025-02-05T10:35:20","date_gmt":"2025-02-05T10:35:20","guid":{"rendered":"https:\/\/ani-mex.com\/?post_type=product&#038;p=1188"},"modified":"2025-02-05T10:35:20","modified_gmt":"2025-02-05T10:35:20","slug":"spodnie-robocze-safety-jogger-deneb-full-stretch-denfstrom-ciemnoszare","status":"publish","type":"product","link":"https:\/\/ani-mex.com\/?product=spodnie-robocze-safety-jogger-deneb-full-stretch-denfstrom-ciemnoszare","title":{"rendered":"Spodnie robocze Safety Jogger Deneb Full-stretch DENFSTROM, ciemnoszare"},"content":{"rendered":"<div class=\"product-details bg-light-gray py-3 mb-3\">\n<ul>\n<li>Materia\u0142 rozci\u0105gliwy w 2 kierunkach<\/li>\n<li>4-kierunkowy stretch w strefie krocza<\/li>\n<li>Wzmocnione kieszenie na nakolanniki<\/li>\n<li>Regulowana talia<\/li>\n<li>Mo\u017cliwo\u015b\u0107 przed\u0142u\u017cenia nogawki<\/li>\n<li>2 przednie kieszenie<\/li>\n<li>2 tylne kieszenie<\/li>\n<li>Wielofunkcyjne kieszenie na udzie<\/li>\n<li>Kiesze\u0144 na narz\u0119dzia i linijk\u0119<\/li>\n<li>D-ring<\/li>\n<li>P\u0119tla na m\u0142otek<\/li>\n<li>Wst\u0119pnie ukszta\u0142towane kolana<\/li>\n<li>Kompatybilne z kieszaniami na narz\u0119dzia Safety Jogger<\/li>\n<li>Kompatybilny z nakolannikami Safety Jogger.<\/li>\n<\/ul>\n<\/div>\n","protected":false},"excerpt":{"rendered":"<p><strong>M\u0119skie spodnie robocze Safety Jogger Deneb Full-stretch DENFSTROM DGR<\/strong> w kolorze ciemnoszarym to idealne po\u0142\u0105czenie komfortu, funkcjonalno\u015bci i nowoczesnego stylu. Wykonane z <strong>najwy\u017cszej jako\u015bci 4-kierunkowego stretchu<\/strong>, spodnie te s\u0105 rozci\u0105gliwe we wszystkich kierunkach, co zapewnia maksymaln\u0105 <strong>swobod\u0119 ruch\u00f3w<\/strong> zar\u00f3wno podczas pracy, jak i w codziennym u\u017cytkowaniu.<\/p>\n<p>Spodnie Deneb posiadaj\u0105 wiele <strong>strategicznie rozmieszczonych kieszeni<\/strong>, w tym 2 z przodu, 2 z ty\u0142u, 2 na udach oraz <strong>D-ring<\/strong>, umo\u017cliwiaj\u0105cy bezpieczne przypi\u0119cie identyfikatora lub kluczy. <strong>Odblaskowe detale<\/strong> zwi\u0119kszaj\u0105 widoczno\u015b\u0107 w trudnych warunkach, co podnosi poziom bezpiecze\u0144stwa.<\/p>\n<p>Dodatkowo, spodnie maj\u0105 opcj\u0119 <strong>przed\u0142u\u017cenia nogawki<\/strong>, co pozwala na idealne dopasowanie d\u0142ugo\u015bci do indywidualnych potrzeb. Te <strong>wygodne spodnie robocze<\/strong> z funkcjonalnymi kieszeniami, elastycznym materia\u0142em i <strong>odblaskowymi elementami<\/strong> s\u0105 doskona\u0142ym wyborem dla ka\u017cdego, kto ceni sobie komfort i bezpiecze\u0144stwo w pracy.<\/p>\n<p>&nbsp;<\/p>\n<p><strong>W\u0142a\u015bciwo\u015bci produktu:\u00a0<\/strong><\/p>\n<ul>\n<li>Wyj\u0105tkowo elastyczny materia\u0142<\/li>\n<li>Du\u017ca ilo\u015b\u0107 funkcjonalnych kieszeni<\/li>\n<li>Zaczep D-ring<\/li>\n<li>Elementy odblaskowe<\/li>\n<li>Mo\u017cliwo\u015b\u0107 przed\u0142u\u017cenia nogawki<\/li>\n<\/ul>\n<p><strong>\u00a0<\/strong><\/p>\n<p><strong>Zastosowanie:\u00a0<\/strong><\/p>\n<ul>\n<li>Przemys\u0142 motoryzacyjny<\/li>\n<li>Przemys\u0142 budowlany<\/li>\n<li>Przemys\u0142 logistyczny<\/li>\n<li>Prace monta\u017cowe<\/li>\n<li>Prace ogrodowe<\/li>\n<\/ul>\n<p><strong>\u00a0<\/strong><\/p>\n<p><strong>Materia\u0142:<\/strong> 92% Poliamid, 8% Elastan<\/p>\n<p><strong>Dost\u0119pne rozmiary:<\/strong> 44 &#8211; 64<\/p>\n","protected":false},"featured_media":1189,"template":"","meta":{"_et_pb_use_builder":"","_et_pb_old_content":"","_et_gb_content_width":""},"product_brand":[],"product_cat":[37,89],"product_tag":[],"class_list":{"0":"post-1188","1":"product","2":"type-product","3":"status-publish","4":"has-post-thumbnail","6":"product_cat-ochrona-ciala","7":"product_cat-spodnie-do-pasa","9":"first","10":"instock","11":"shipping-taxable","12":"product-type-simple"},"_links":{"self":[{"href":"https:\/\/ani-mex.com\/index.php?rest_route=\/wp\/v2\/product\/1188","targetHints":{"allow":["GET"]}}],"collection":[{"href":"https:\/\/ani-mex.com\/index.php?rest_route=\/wp\/v2\/product"}],"about":[{"href":"https:\/\/ani-mex.com\/index.php?rest_route=\/wp\/v2\/types\/product"}],"wp:featuredmedia":[{"embeddable":true,"href":"https:\/\/ani-mex.com\/index.php?rest_route=\/wp\/v2\/media\/1189"}],"wp:attachment":[{"href":"https:\/\/ani-mex.com\/index.php?rest_route=%2Fwp%2Fv2%2Fmedia&parent=1188"}],"wp:term":[{"taxonomy":"product_brand","embeddable":true,"href":"https:\/\/ani-mex.com\/index.php?rest_route=%2Fwp%2Fv2%2Fproduct_brand&post=1188"},{"taxonomy":"product_cat","embeddable":true,"href":"https:\/\/ani-mex.com\/index.php?rest_route=%2Fwp%2Fv2%2Fproduct_cat&post=1188"},{"taxonomy":"product_tag","embeddable":true,"href":"https:\/\/ani-mex.com\/index.php?rest_route=%2Fwp%2Fv2%2Fproduct_tag&post=1188"}],"curies":[{"name":"wp","href":"https:\/\/api.w.org\/{rel}","templated":true}]}}