{"id":1194,"date":"2025-02-05T10:38:54","date_gmt":"2025-02-05T10:38:54","guid":{"rendered":"https:\/\/ani-mex.com\/?post_type=product&#038;p=1194"},"modified":"2025-02-05T10:38:54","modified_gmt":"2025-02-05T10:38:54","slug":"spodnie-robocze-safety-jogger-oak-cargo-oakctrom-granatowe-czarne","status":"publish","type":"product","link":"https:\/\/ani-mex.com\/?product=spodnie-robocze-safety-jogger-oak-cargo-oakctrom-granatowe-czarne","title":{"rendered":"Spodnie robocze Safety Jogger Oak Cargo OAKCTROM, granatowe\/czarne"},"content":{"rendered":"<div class=\"product-tab-content tab-content animate open\" data-id=\"opis\">\n<div id=\"opis\" class=\"product-tab-pane tab-pane\">\n<div class=\"product-description cms-content\">\n<p><strong>M\u0119skie spodnie robocze Safety Jogger Oak Cargo OAKCTROM<\/strong> w kolorze granatowym\/czarnym, \u0142\u0105cz\u0105 w sobie wyj\u0105tkow\u0105 <strong>funkcjonalno\u015b\u0107 i niezr\u00f3wnan\u0105 elastyczno\u015b\u0107,<\/strong> dzi\u0119ki kt\u00f3rym stanowi\u0105 idealne rozwi\u0105zanie dla os\u00f3b pracuj\u0105cych w r\u00f3\u017cnych warunkach.<br \/>\nDzi\u0119ki <strong>materia\u0142owi rozci\u0105gliwemu w dw\u00f3ch kierunkach<\/strong>, te spodnie zapewniaj\u0105 <strong>pe\u0142n\u0105 swobod\u0119 ruch\u00f3w<\/strong>, a <strong>panel 4-kierunkowego stretchu w g\u00f3rnej cz\u0119\u015bci spodni <\/strong>gwarantuje komfort, nawet podczas intensywnych dzia\u0142a\u0144. Ponadto, <strong>stretch 4-kierunkowy powy\u017cej kolan<\/strong> znacznie u\u0142atwia prac\u0119, umo\u017cliwiaj\u0105c wygodne zginanie n\u00f3g i wykonywanie zada\u0144 w r\u00f3\u017cnych pozycjach.<br \/>\nSpodnie wyposa\u017cone s\u0105 w <strong>elastyczn\u0105 tali\u0119 po bokach<\/strong>, co zapewnia dopasowanie do indywidualnych preferencji u\u017cytkownika i <strong>komfort noszenia przez ca\u0142y dzie\u0144<\/strong>. Posiadaj\u0105 zaczep D-ring, p\u0119tl\u0119 na m\u0142otek oraz wiele funkcjonalnych kieszeni, kt\u00f3re \u00a0u\u0142atwiaj\u0105 przechowywanie narz\u0119dzi i innych niezb\u0119dnych przedmiot\u00f3w.<br \/>\nSpodnie Oak Cargo gwarantuj\u0105 nie tylko komfort, ale tak\u017ce trwa\u0142o\u015b\u0107 i odporno\u015b\u0107 na r\u00f3\u017cne warunki pracy. Dzi\u0119ki wytrzyma\u0142ym <strong>materia\u0142om najwy\u017cszej jako\u015bci<\/strong>, zadowol\u0105 nawet najbardziej wymagaj\u0105cych klient\u00f3w.<\/p>\n<p><strong>W\u0142a\u015bciwo\u015bci produktu:\u00a0<\/strong><\/p>\n<ul>\n<li>Materia\u0142 rozci\u0105gliwy w dw\u00f3ch kierunkach<\/li>\n<li>Panel 4-kierunkowego stretchu w g\u00f3rnej cz\u0119\u015bci przodu i z ty\u0142u<\/li>\n<li>Stretch 4-kierunkowy powy\u017cej kolan<\/li>\n<li>Elastyczna talia po bokach<\/li>\n<li>Rozci\u0105gliwy d\u00f3\u0142<\/li>\n<li>Du\u017ca ilo\u015b\u0107 wielofunkcyjnych, wzmocnionych kieszeni<\/li>\n<li>Zaczep D-ring, p\u0119tla na m\u0142otek<\/li>\n<\/ul>\n<p><strong>Zastosowanie:<\/strong><\/p>\n<ul>\n<li>Przemys\u0142 motoryzacyjny<\/li>\n<li>Przemys\u0142 budowlany<\/li>\n<li>Przemys\u0142 logistyczny<\/li>\n<li>Prace monta\u017cowe<\/li>\n<li>Prace ogrodowe<\/li>\n<\/ul>\n<p><strong>Materia\u0142 1:<\/strong> 65% Poliester, 32% Bawe\u0142na, 3% Elastan<br \/>\n<strong>Materia\u0142 2: <\/strong>92% Poliamid, 8% Elastan<\/p>\n<p><strong>Dost\u0119pne rozmiary:<\/strong> 44 \u2013 64<\/p>\n<\/div>\n<\/div>\n<\/div>\n","protected":false},"excerpt":{"rendered":"<div class=\"product-tab-content tab-content animate open\" data-id=\"opis\">\n<div id=\"opis\" class=\"product-tab-pane tab-pane\">\n<div class=\"product-description cms-content\">\n<p><strong>M\u0119skie spodnie robocze Safety Jogger Oak Cargo OAKCTROM<\/strong> w kolorze granatowym\/czarnym, \u0142\u0105cz\u0105 w sobie wyj\u0105tkow\u0105 <strong>funkcjonalno\u015b\u0107 i niezr\u00f3wnan\u0105 elastyczno\u015b\u0107,<\/strong> dzi\u0119ki kt\u00f3rym stanowi\u0105 idealne rozwi\u0105zanie dla os\u00f3b pracuj\u0105cych w r\u00f3\u017cnych warunkach.<br \/>\nDzi\u0119ki <strong>materia\u0142owi rozci\u0105gliwemu w dw\u00f3ch kierunkach<\/strong>, te spodnie zapewniaj\u0105 <strong>pe\u0142n\u0105 swobod\u0119 ruch\u00f3w<\/strong>, a <strong>panel 4-kierunkowego stretchu w g\u00f3rnej cz\u0119\u015bci spodni <\/strong>gwarantuje komfort, nawet podczas intensywnych dzia\u0142a\u0144. Ponadto, <strong>stretch 4-kierunkowy powy\u017cej kolan<\/strong> znacznie u\u0142atwia prac\u0119, umo\u017cliwiaj\u0105c wygodne zginanie n\u00f3g i wykonywanie zada\u0144 w r\u00f3\u017cnych pozycjach.<br \/>\nSpodnie wyposa\u017cone s\u0105 w <strong>elastyczn\u0105 tali\u0119 po bokach<\/strong>, co zapewnia dopasowanie do indywidualnych preferencji u\u017cytkownika i <strong>komfort noszenia przez ca\u0142y dzie\u0144<\/strong>. Posiadaj\u0105 zaczep D-ring, p\u0119tl\u0119 na m\u0142otek oraz wiele funkcjonalnych kieszeni, kt\u00f3re \u00a0u\u0142atwiaj\u0105 przechowywanie narz\u0119dzi i innych niezb\u0119dnych przedmiot\u00f3w.<br \/>\nSpodnie Oak Cargo gwarantuj\u0105 nie tylko komfort, ale tak\u017ce trwa\u0142o\u015b\u0107 i odporno\u015b\u0107 na r\u00f3\u017cne warunki pracy. Dzi\u0119ki wytrzyma\u0142ym <strong>materia\u0142om najwy\u017cszej jako\u015bci<\/strong>, zadowol\u0105 nawet najbardziej wymagaj\u0105cych klient\u00f3w.<\/p>\n<p><strong>W\u0142a\u015bciwo\u015bci produktu:\u00a0<\/strong><\/p>\n<ul>\n<li>Materia\u0142 rozci\u0105gliwy w dw\u00f3ch kierunkach<\/li>\n<li>Panel 4-kierunkowego stretchu w g\u00f3rnej cz\u0119\u015bci przodu i z ty\u0142u<\/li>\n<li>Stretch 4-kierunkowy powy\u017cej kolan<\/li>\n<li>Elastyczna talia po bokach<\/li>\n<li>Rozci\u0105gliwy d\u00f3\u0142<\/li>\n<li>Du\u017ca ilo\u015b\u0107 wielofunkcyjnych, wzmocnionych kieszeni<\/li>\n<li>Zaczep D-ring, p\u0119tla na m\u0142otek<\/li>\n<\/ul>\n<p><strong>Zastosowanie:<\/strong><\/p>\n<ul>\n<li>Przemys\u0142 motoryzacyjny<\/li>\n<li>Przemys\u0142 budowlany<\/li>\n<li>Przemys\u0142 logistyczny<\/li>\n<li>Prace monta\u017cowe<\/li>\n<li>Prace ogrodowe<\/li>\n<\/ul>\n<p><strong>Materia\u0142 1:<\/strong> 65% Poliester, 32% Bawe\u0142na, 3% Elastan<br \/>\n<strong>Materia\u0142 2: <\/strong>92% Poliamid, 8% Elastan<\/p>\n<p><strong>Dost\u0119pne rozmiary:<\/strong> 44 \u2013 64<\/p>\n<\/div>\n<\/div>\n<\/div>\n","protected":false},"featured_media":1195,"template":"","meta":{"_et_pb_use_builder":"","_et_pb_old_content":"","_et_gb_content_width":""},"product_brand":[],"product_cat":[37,89],"product_tag":[],"class_list":{"0":"post-1194","1":"product","2":"type-product","3":"status-publish","4":"has-post-thumbnail","6":"product_cat-ochrona-ciala","7":"product_cat-spodnie-do-pasa","9":"first","10":"instock","11":"shipping-taxable","12":"product-type-simple"},"_links":{"self":[{"href":"https:\/\/ani-mex.com\/index.php?rest_route=\/wp\/v2\/product\/1194","targetHints":{"allow":["GET"]}}],"collection":[{"href":"https:\/\/ani-mex.com\/index.php?rest_route=\/wp\/v2\/product"}],"about":[{"href":"https:\/\/ani-mex.com\/index.php?rest_route=\/wp\/v2\/types\/product"}],"wp:featuredmedia":[{"embeddable":true,"href":"https:\/\/ani-mex.com\/index.php?rest_route=\/wp\/v2\/media\/1195"}],"wp:attachment":[{"href":"https:\/\/ani-mex.com\/index.php?rest_route=%2Fwp%2Fv2%2Fmedia&parent=1194"}],"wp:term":[{"taxonomy":"product_brand","embeddable":true,"href":"https:\/\/ani-mex.com\/index.php?rest_route=%2Fwp%2Fv2%2Fproduct_brand&post=1194"},{"taxonomy":"product_cat","embeddable":true,"href":"https:\/\/ani-mex.com\/index.php?rest_route=%2Fwp%2Fv2%2Fproduct_cat&post=1194"},{"taxonomy":"product_tag","embeddable":true,"href":"https:\/\/ani-mex.com\/index.php?rest_route=%2Fwp%2Fv2%2Fproduct_tag&post=1194"}],"curies":[{"name":"wp","href":"https:\/\/api.w.org\/{rel}","templated":true}]}}