{"id":1199,"date":"2025-02-05T10:42:51","date_gmt":"2025-02-05T10:42:51","guid":{"rendered":"https:\/\/ani-mex.com\/?post_type=product&#038;p=1199"},"modified":"2025-02-05T10:42:51","modified_gmt":"2025-02-05T10:42:51","slug":"polbuty-ochronne-safety-jogger-ac-dc-s1p-czarny-czerwony","status":"publish","type":"product","link":"https:\/\/ani-mex.com\/?product=polbuty-ochronne-safety-jogger-ac-dc-s1p-czarny-czerwony","title":{"rendered":"P\u00f3\u0142buty ochronne Safety Jogger AC\/DC S1P &#8211; czarny-czerwony"},"content":{"rendered":"<div id=\"nav-section__product-description\" class=\"tab-pane fade show active\" role=\"tabpanel\">\n<div class=\"productDescription\">\n<h2>Lekkie sportowe sneakersy z zamkni\u0119ciem TLS w ekskluzywnej wersji AC\/DC<\/h2>\n<p><strong>Lekkie sportowe sneakersy z zamkni\u0119ciem TLS w ekskluzywnej wersji AC\/DC<\/strong><br \/>\nLekkie jak kosmos, mocne jak ska\u0142a. Buty ochronne Ligero2 z logo AC\/DC to jedne z najl\u017cejszych but\u00f3w ochronnych na rynku, przeznaczone do lekkich zastosowa\u0144. Ten lekki but zapewnia ochron\u0119 bez u\u017cycia metalu, z ultralekkim podnoskiem z nanokarbonu i odporn\u0105 na przebicie podeszw\u0105 \u015brodkow\u0105 z w\u0142\u00f3kniny, kt\u00f3ra chroni przed zmia\u017cd\u017ceniem palc\u00f3w i perforacj\u0105. Posiada r\u00f3wnie\u017c antypo\u015blizgow\u0105 podeszw\u0119 zewn\u0119trzn\u0105, oddychaj\u0105c\u0105 cholewk\u0119 i wyjmowan\u0105 piankow\u0105 wk\u0142adk\u0119 z dodatkow\u0105 amortyzacj\u0105. Buty LIGERO2 S1P TLS maj\u0105 zapi\u0119cie TLS, oferuj\u0105 szerokie dopasowanie i s\u0105 wykonane z wytrzyma\u0142ych materia\u0142\u00f3w, kt\u00f3re s\u0105 odporne na zu\u017cycie.<\/p>\n<ul>\n<li>Nie zawiera metalu<\/li>\n<li>Wk\u0142adki ortopedyczne (Neskrid)<\/li>\n<li>Ochrona palc\u00f3w<\/li>\n<li>Podeszwa \u015brodkowa odporna na przebicie<\/li>\n<li>Lekki<\/li>\n<li>Antypo\u015blizgowe<\/li>\n<li>Zapezpieczenie podnoska<\/li>\n<li>ESD-certified footwear<\/li>\n<li>Oddychaj\u0105ce<\/li>\n<\/ul>\n<\/div>\n<\/div>\n","protected":false},"excerpt":{"rendered":"<div id=\"nav-section__product-description\" class=\"tab-pane fade show active\" role=\"tabpanel\">\n<div class=\"productDescription\">\n<h2>Lekkie sportowe sneakersy z zamkni\u0119ciem TLS w ekskluzywnej wersji AC\/DC<\/h2>\n<p><strong>Lekkie sportowe sneakersy z zamkni\u0119ciem TLS w ekskluzywnej wersji AC\/DC<\/strong><br \/>\nLekkie jak kosmos, mocne jak ska\u0142a. Buty ochronne Ligero2 z logo AC\/DC to jedne z najl\u017cejszych but\u00f3w ochronnych na rynku, przeznaczone do lekkich zastosowa\u0144. Ten lekki but zapewnia ochron\u0119 bez u\u017cycia metalu, z ultralekkim podnoskiem z nanokarbonu i odporn\u0105 na przebicie podeszw\u0105 \u015brodkow\u0105 z w\u0142\u00f3kniny, kt\u00f3ra chroni przed zmia\u017cd\u017ceniem palc\u00f3w i perforacj\u0105. Posiada r\u00f3wnie\u017c antypo\u015blizgow\u0105 podeszw\u0119 zewn\u0119trzn\u0105, oddychaj\u0105c\u0105 cholewk\u0119 i wyjmowan\u0105 piankow\u0105 wk\u0142adk\u0119 z dodatkow\u0105 amortyzacj\u0105. Buty LIGERO2 S1P TLS maj\u0105 zapi\u0119cie TLS, oferuj\u0105 szerokie dopasowanie i s\u0105 wykonane z wytrzyma\u0142ych materia\u0142\u00f3w, kt\u00f3re s\u0105 odporne na zu\u017cycie.<\/p>\n<ul>\n<li>Nie zawiera metalu<\/li>\n<li>Wk\u0142adki ortopedyczne (Neskrid)<\/li>\n<li>Ochrona palc\u00f3w<\/li>\n<li>Podeszwa \u015brodkowa odporna na przebicie<\/li>\n<li>Lekki<\/li>\n<li>Antypo\u015blizgowe<\/li>\n<li>Zapezpieczenie podnoska<\/li>\n<li>ESD-certified footwear<\/li>\n<li>Oddychaj\u0105ce<\/li>\n<\/ul>\n<\/div>\n<\/div>\n","protected":false},"featured_media":1200,"template":"","meta":{"_et_pb_use_builder":"","_et_pb_old_content":"","_et_gb_content_width":""},"product_brand":[],"product_cat":[40,94],"product_tag":[],"class_list":{"0":"post-1199","1":"product","2":"type-product","3":"status-publish","4":"has-post-thumbnail","6":"product_cat-ochrona-nog","7":"product_cat-polbuty","9":"first","10":"instock","11":"shipping-taxable","12":"product-type-simple"},"_links":{"self":[{"href":"https:\/\/ani-mex.com\/index.php?rest_route=\/wp\/v2\/product\/1199","targetHints":{"allow":["GET"]}}],"collection":[{"href":"https:\/\/ani-mex.com\/index.php?rest_route=\/wp\/v2\/product"}],"about":[{"href":"https:\/\/ani-mex.com\/index.php?rest_route=\/wp\/v2\/types\/product"}],"wp:featuredmedia":[{"embeddable":true,"href":"https:\/\/ani-mex.com\/index.php?rest_route=\/wp\/v2\/media\/1200"}],"wp:attachment":[{"href":"https:\/\/ani-mex.com\/index.php?rest_route=%2Fwp%2Fv2%2Fmedia&parent=1199"}],"wp:term":[{"taxonomy":"product_brand","embeddable":true,"href":"https:\/\/ani-mex.com\/index.php?rest_route=%2Fwp%2Fv2%2Fproduct_brand&post=1199"},{"taxonomy":"product_cat","embeddable":true,"href":"https:\/\/ani-mex.com\/index.php?rest_route=%2Fwp%2Fv2%2Fproduct_cat&post=1199"},{"taxonomy":"product_tag","embeddable":true,"href":"https:\/\/ani-mex.com\/index.php?rest_route=%2Fwp%2Fv2%2Fproduct_tag&post=1199"}],"curies":[{"name":"wp","href":"https:\/\/api.w.org\/{rel}","templated":true}]}}