{"id":1214,"date":"2025-02-05T12:03:13","date_gmt":"2025-02-05T12:03:13","guid":{"rendered":"https:\/\/ani-mex.com\/?post_type=product&#038;p=1214"},"modified":"2025-02-05T12:03:13","modified_gmt":"2025-02-05T12:03:13","slug":"spodnie-do-pasa-summer-ciemnoszary","status":"publish","type":"product","link":"https:\/\/ani-mex.com\/?product=spodnie-do-pasa-summer-ciemnoszary","title":{"rendered":"Spodnie do pasa SUMMER &#8211; ciemnoszary"},"content":{"rendered":"<p>Spodnie do pasa SUMMER\/ ARDON spe\u0142niaj\u0105 normy EN 13688 (odzie\u017c ochronna, wymagania og\u00f3lne), EN 14404 (zastosowanie ochraniaczy kolan J3800 i spodni do pracy w pozycji kl\u0119cz\u0105cej). Doskonale zaprojektowane spodnie do pracy, funkcjonalne, dobrze dopasowane, &#8230;<\/p>\n","protected":false},"excerpt":{"rendered":"<div id=\"nav-section__product-description\" class=\"tab-pane fade show active\" role=\"tabpanel\">\n<div class=\"productDescription\">\n<p><strong>Spodnie do pasa SUMMER\/ ARDON<\/strong>\u00a0spe\u0142niaj\u0105 normy\u00a0<strong>EN 13688 (odzie\u017c ochronna, wymagania og\u00f3lne), EN 14404 (zastosowanie ochraniaczy kolan J3800 i spodni do pracy w pozycji kl\u0119cz\u0105cej)<\/strong>. Doskonale zaprojektowane spodnie do pracy, funkcjonalne, dobrze dopasowane, wytrzyma\u0142e. Dynamiczny fason dobrze si\u0119 uk\u0142ada na sylwetce, zapewnia pe\u0142n\u0105 swobod\u0119 ruch\u00f3w. Warianty kolorystyczne: niebieski, szary, ciemnoszary, bia\u0142y. Rozmiar: 46 &#8211; 64. Spodnie wykonane z lekkiego i jednocze\u015bni wytrzyma\u0142ego materia\u0142u typu diagonal o obni\u017conej masie:\u00a0<strong>65% poliester\/ 35% bawe\u0142na\/ ok. 200 g\/m2<\/strong>. Spodnie posiadaj\u0105: g\u0142\u00f3wne zapi\u0119cie na suwak kryty listw\u0105 i guzik, elastyczny mankiet w pasie z gum\u0105, szlufki na pasek, praktyczne kieszenie:\u00a02\u00a0przednie kieszenie przelotowe,\u00a02\u00a0tylne kieszenie tylne\u00a0z\u00a0plis\u0105 na rzep, du\u017ca kiesze\u0144 przelotowa na lewej nogawce os\u0142oni\u0119ta plis\u0105, 1 kiesze\u0144 z suwakiem na telefon kom\u00f3rkowy do wielko\u015bci 5,6&#8243;. kiesze\u0144 na n\u00f3\u017c \u0142amany, \u015brubokr\u0119t i o\u0142\u00f3wki stolarskie, na prawej nogawce kiesze\u0144 na metr sk\u0142adany, \u015brubokr\u0119t i n\u00f3\u017c \u0142amany, podw\u00f3jny materia\u0142 w strefie kolan i kieszenie na nakolanniki, wypustki odblaskowe na cz\u0119\u015bci przedniej i tylnej zwi\u0119kszaj\u0105ce widoczno\u015b\u0107.\u00a0Spodnie robocze sprawdz\u0105 si\u0119 w r\u00f3\u017cnorodnym \u015brodowisku pracy.\u00a0Dedykowane dla brukarzy, budowla\u0144c\u00f3w, bran\u017cy monta\u017cowo-instalacyjnej, do prac magazynowych, porz\u0105dkowych, warsztatowych.<\/p>\n<p><strong>CECHY PRODUKTU<\/strong><\/p>\n<ul>\n<li><strong>Spodnie do pasa SUMMER\/ ARDON<\/strong><\/li>\n<li>EN 13688 (odzie\u017c ochronna, wymagania og\u00f3lne)<\/li>\n<li>EN 14404 (zastosowanie ochraniaczy kolan J3800 i spodni do pracy w pozycji kl\u0119cz\u0105cej)<\/li>\n<li>Warianty kolorystyczne: niebieski, szary, ciemnoszary, bia\u0142y<\/li>\n<li>Rozmiar: 46 &#8211; 64<\/li>\n<li>Materia\u0142:\u00a065% poliester\/ 35% bawe\u0142na\/ ok. 200 g\/m2<\/li>\n<li>G\u0142\u00f3wne zapi\u0119cie na suwak i guzik, elastyczny pas, szlufki na pasek, wypustki odblaskowe, wielofunkcyjne kieszenie<\/li>\n<li>Kieszenie na nakolanniki<\/li>\n<li>Komfort u\u017cytkowania<\/li>\n<\/ul>\n<\/div>\n<\/div>\n","protected":false},"featured_media":1215,"template":"","meta":{"_et_pb_use_builder":"","_et_pb_old_content":"","_et_gb_content_width":""},"product_brand":[],"product_cat":[37,89],"product_tag":[],"class_list":{"0":"post-1214","1":"product","2":"type-product","3":"status-publish","4":"has-post-thumbnail","6":"product_cat-ochrona-ciala","7":"product_cat-spodnie-do-pasa","9":"first","10":"instock","11":"shipping-taxable","12":"product-type-simple"},"_links":{"self":[{"href":"https:\/\/ani-mex.com\/index.php?rest_route=\/wp\/v2\/product\/1214","targetHints":{"allow":["GET"]}}],"collection":[{"href":"https:\/\/ani-mex.com\/index.php?rest_route=\/wp\/v2\/product"}],"about":[{"href":"https:\/\/ani-mex.com\/index.php?rest_route=\/wp\/v2\/types\/product"}],"wp:featuredmedia":[{"embeddable":true,"href":"https:\/\/ani-mex.com\/index.php?rest_route=\/wp\/v2\/media\/1215"}],"wp:attachment":[{"href":"https:\/\/ani-mex.com\/index.php?rest_route=%2Fwp%2Fv2%2Fmedia&parent=1214"}],"wp:term":[{"taxonomy":"product_brand","embeddable":true,"href":"https:\/\/ani-mex.com\/index.php?rest_route=%2Fwp%2Fv2%2Fproduct_brand&post=1214"},{"taxonomy":"product_cat","embeddable":true,"href":"https:\/\/ani-mex.com\/index.php?rest_route=%2Fwp%2Fv2%2Fproduct_cat&post=1214"},{"taxonomy":"product_tag","embeddable":true,"href":"https:\/\/ani-mex.com\/index.php?rest_route=%2Fwp%2Fv2%2Fproduct_tag&post=1214"}],"curies":[{"name":"wp","href":"https:\/\/api.w.org\/{rel}","templated":true}]}}