{"id":1220,"date":"2025-02-05T12:08:57","date_gmt":"2025-02-05T12:08:57","guid":{"rendered":"https:\/\/ani-mex.com\/?post_type=product&#038;p=1220"},"modified":"2025-02-05T12:08:57","modified_gmt":"2025-02-05T12:08:57","slug":"elde-spodnie-softshell-grafitowe","status":"publish","type":"product","link":"https:\/\/ani-mex.com\/?product=elde-spodnie-softshell-grafitowe","title":{"rendered":"ELDE spodnie softshell grafitowe"},"content":{"rendered":"<p>Nowoczesne spodnie softshellowe. Wykonane z najlepszych materia\u0142\u00f3w gwarantuj\u0105cych ochron\u0119 i komfort we wszystkich pozycjach roboczych. Prosty kr\u00f3j nie kr\u0119puje swobody poruszania si\u0119. Wzmocnienia na kolanach wykonane z lekkiej i opieraj\u0105cej si\u0119 zu\u017cyciu tkaniny RipStop odpornej na przedarcie, cechuj\u0105 si\u0119 trwa\u0142o\u015bci\u0105 niezb\u0119dn\u0105 przy codziennym u\u017cytkowaniu. Spodnie doskonale chroni\u0105 przed ch\u0142odem i wiatrem. Materia\u0142 softshellowy jest elastyczny.<\/p>\n","protected":false},"excerpt":{"rendered":"<ul>\n<li>materia\u0142: 96%\u00a0poliester, 4%\u00a0spandex, wodoodporno\u015b\u0107 8000\u00a0mm H\u2082O, oddychalno\u015b\u0107 800\u00a0g\/m\u00b2\/24\u00a0h, gramatura 280\u00a0g\/m\u00b2<\/li>\n<li><i class=\"icon-default-style fa fa-check-circle extra-color-1\"><\/i> wzmocnienia wykonane ze 100%\u00a0poliestru RipStop<\/li>\n<li><i class=\"icon-default-style fa fa-check-circle extra-color-1\"><\/i> wyposa\u017cone w\u00a03\u00a0kieszenie:<br \/>\n\u2013 2\u00a0kieszenie g\u00f3rne<br \/>\n\u2013 1\u00a0kiesze\u0144 tylna<\/li>\n<li><i class=\"icon-default-style fa fa-check-circle extra-color-1\"><\/i> w pasie guma po bokach.<\/li>\n<\/ul>\n","protected":false},"featured_media":1221,"template":"","meta":{"_et_pb_use_builder":"","_et_pb_old_content":"","_et_gb_content_width":""},"product_brand":[],"product_cat":[37,89],"product_tag":[],"class_list":{"0":"post-1220","1":"product","2":"type-product","3":"status-publish","4":"has-post-thumbnail","6":"product_cat-ochrona-ciala","7":"product_cat-spodnie-do-pasa","9":"first","10":"instock","11":"shipping-taxable","12":"product-type-simple"},"_links":{"self":[{"href":"https:\/\/ani-mex.com\/index.php?rest_route=\/wp\/v2\/product\/1220","targetHints":{"allow":["GET"]}}],"collection":[{"href":"https:\/\/ani-mex.com\/index.php?rest_route=\/wp\/v2\/product"}],"about":[{"href":"https:\/\/ani-mex.com\/index.php?rest_route=\/wp\/v2\/types\/product"}],"wp:featuredmedia":[{"embeddable":true,"href":"https:\/\/ani-mex.com\/index.php?rest_route=\/wp\/v2\/media\/1221"}],"wp:attachment":[{"href":"https:\/\/ani-mex.com\/index.php?rest_route=%2Fwp%2Fv2%2Fmedia&parent=1220"}],"wp:term":[{"taxonomy":"product_brand","embeddable":true,"href":"https:\/\/ani-mex.com\/index.php?rest_route=%2Fwp%2Fv2%2Fproduct_brand&post=1220"},{"taxonomy":"product_cat","embeddable":true,"href":"https:\/\/ani-mex.com\/index.php?rest_route=%2Fwp%2Fv2%2Fproduct_cat&post=1220"},{"taxonomy":"product_tag","embeddable":true,"href":"https:\/\/ani-mex.com\/index.php?rest_route=%2Fwp%2Fv2%2Fproduct_tag&post=1220"}],"curies":[{"name":"wp","href":"https:\/\/api.w.org\/{rel}","templated":true}]}}