{"id":1235,"date":"2025-02-05T12:42:58","date_gmt":"2025-02-05T12:42:58","guid":{"rendered":"https:\/\/ani-mex.com\/?post_type=product&#038;p=1235"},"modified":"2025-02-05T12:43:19","modified_gmt":"2025-02-05T12:43:19","slug":"spodnie-do-pasa-cxs-orion-teodor","status":"publish","type":"product","link":"https:\/\/ani-mex.com\/?product=spodnie-do-pasa-cxs-orion-teodor","title":{"rendered":"Spodnie do pasa CXS ORION TEODOR r\u00f3\u017cne kolory"},"content":{"rendered":"","protected":false},"excerpt":{"rendered":"<p><strong>Spodnie do pasa CXS ORION TEODOR\/ CANIS <\/strong>spe\u0142niaj\u0105 normy<strong> EN 13688 (odzie\u017c ochronna, wymagania og\u00f3lne)\/ EN 14404 (zastosowanie ochrony kolan J3800 i spodni do pracy w pozycji kl\u0119cz\u0105cej).<\/strong> Spodnie robocze do pasa bardzo komfortowe w noszeniu. Wyst\u0119puj\u0105 w wariantach kolorystycznych: szaro-czarne, czarno-czerwony, zielono-czarny, niebiesko-czarny, br\u0105zowo-czarny, szaro-pomara\u0144czowy, w rozmiarze od 44 do 68. <strong>Wykonane z 60% bawe\u0142na, 40% poliester o splocie diagonalnym, gramaturze ok. 280 g\/m2. <\/strong>Tkanina jest wytrzyma\u0142a mechanicznie a jednocze\u015bnie mi\u0119kka i wygodna w u\u017cyciu. Idealne dopasowanie zapewnia elastyczny pas, szlufki do paska, g\u0142\u00f3wne zapi\u0119cie na zamek i guzik. Spodnie posiadaj\u0105 wielofunkcyjne kieszenie w cz\u0119\u015bci przedniej, tylnej i na nogawkach. Spodnie wyposa\u017cono w elementy odblaskowe, kt\u00f3re zwi\u0119kszaj\u0105 bezpiecze\u0144stwo po zmroku i w zacienionych miejscach. Wzmocnione kolana poliestrem 600D z kieszeniami na nakolanniki, odporne na przetarcia i uszkodzenia mechaniczne. Bardzo wygodne i jednocze\u015bnie wytrzyma\u0142e spodnie robocze sprawdz\u0105 si\u0119 przy ka\u017cdej pracy. Dedykowane dla brukarzy, budowla\u0144c\u00f3w, bran\u017cy monta\u017cowo-instalacyjnej, do prac magazynowych, porz\u0105dkowych, warsztatowych, rolnictwa, ogrodu, spedycji i logistyki.<\/p>\n<p><strong>CECHY PRODUKTU<\/strong><\/p>\n<ul>\n<li><strong>Spodnie do pasa CXS ORION TEODOR\/ CANIS<\/strong><\/li>\n<li>EN 13688 (odzie\u017c ochronna, wymagania og\u00f3lne)<\/li>\n<li>EN 14404 (zastosowanie ochrony kolan J3800 i spodni do pracy w pozycji kl\u0119cz\u0105cej)<\/li>\n<li>Materia\u0142: 60% bawe\u0142na, 40% poliester\/ ok. 280 g\/m2<\/li>\n<li>Kolor: szaro-czarne, czarno-czerwony, zielono-czarny, niebiesko-czarny, br\u0105zowo-czarny, szaro-pomara\u0144czowy<\/li>\n<li>Rozmiar: od 44 do 68<\/li>\n<li>Wytrzyma\u0142o\u015b\u0107 i odporno\u015b\u0107 na przetarcia<\/li>\n<li>Elementy odblaskowe<\/li>\n<li>Kieszenie na nakolanniki wzmocnione poliestrem 600D<\/li>\n<li>Tkanina podw\u00f3jna na kolanach<\/li>\n<li>Wielofunkcyjne kieszenie<\/li>\n<li>Elastyczny mankiet w pasie guma, szlufki do paska<\/li>\n<li>Komfort i wygoda u\u017cytkowania<\/li>\n<li>Swoboda ruch\u00f3w<\/li>\n<\/ul>\n","protected":false},"featured_media":1236,"template":"","meta":{"_et_pb_use_builder":"","_et_pb_old_content":"","_et_gb_content_width":""},"product_brand":[],"product_cat":[37,89],"product_tag":[],"class_list":{"0":"post-1235","1":"product","2":"type-product","3":"status-publish","4":"has-post-thumbnail","6":"product_cat-ochrona-ciala","7":"product_cat-spodnie-do-pasa","9":"first","10":"instock","11":"shipping-taxable","12":"product-type-simple"},"_links":{"self":[{"href":"https:\/\/ani-mex.com\/index.php?rest_route=\/wp\/v2\/product\/1235","targetHints":{"allow":["GET"]}}],"collection":[{"href":"https:\/\/ani-mex.com\/index.php?rest_route=\/wp\/v2\/product"}],"about":[{"href":"https:\/\/ani-mex.com\/index.php?rest_route=\/wp\/v2\/types\/product"}],"wp:featuredmedia":[{"embeddable":true,"href":"https:\/\/ani-mex.com\/index.php?rest_route=\/wp\/v2\/media\/1236"}],"wp:attachment":[{"href":"https:\/\/ani-mex.com\/index.php?rest_route=%2Fwp%2Fv2%2Fmedia&parent=1235"}],"wp:term":[{"taxonomy":"product_brand","embeddable":true,"href":"https:\/\/ani-mex.com\/index.php?rest_route=%2Fwp%2Fv2%2Fproduct_brand&post=1235"},{"taxonomy":"product_cat","embeddable":true,"href":"https:\/\/ani-mex.com\/index.php?rest_route=%2Fwp%2Fv2%2Fproduct_cat&post=1235"},{"taxonomy":"product_tag","embeddable":true,"href":"https:\/\/ani-mex.com\/index.php?rest_route=%2Fwp%2Fv2%2Fproduct_tag&post=1235"}],"curies":[{"name":"wp","href":"https:\/\/api.w.org\/{rel}","templated":true}]}}