{"id":1242,"date":"2025-02-05T12:47:29","date_gmt":"2025-02-05T12:47:29","guid":{"rendered":"https:\/\/ani-mex.com\/?post_type=product&#038;p=1242"},"modified":"2025-02-05T12:47:30","modified_gmt":"2025-02-05T12:47:30","slug":"spodnie-do-pasa-adam-bezpieczny-280","status":"publish","type":"product","link":"https:\/\/ani-mex.com\/?product=spodnie-do-pasa-adam-bezpieczny-280","title":{"rendered":"Spodnie do pasa Adam Bezpieczny 280"},"content":{"rendered":"<p>Spodnie robocze do pasa z odblaskowymi wstawkami. Materia\u0142: poliester 65% bawe\u0142na 35%, Kolor: stalowo szary, Gramatura tkaniny: 280 g\/m2. Dziewi\u0119tna\u015bcie wielofunkcyjnych kieszeni, sze\u015b\u0107 kieszeni\/kieszonek zdejmowanych ca\u0142kowicie (suwak), jedena\u015bcie kies&#8230;<\/p>\n","protected":false},"excerpt":{"rendered":"<p><strong>Spodnie robocze do pasa ADAM BEZPIECZNY 280 <\/strong>spe\u0142niaj\u0105 normy<strong> EN 13688 (odzie\u017c ochronna, wymagania og\u00f3lne)\/ kategoria I.<\/strong> Solidnie odszyte, komfortowe i wygodne spodnie robocze dla m\u0119\u017cczyzn. Spodnie bardzo atrakcyjne wizualnie, wyst\u0119puj\u0105 w kolorze stalowo-szarym z czarnymi elementami, rozmiar od 46 do 62. <strong>Wykonane z wytrzyma\u0142ego materia\u0142u 65% poliester, 35% bawe\u0142na o gramaturze 280g\/m2 mocny zwarty splot.<\/strong> Tkanina jest wytrzyma\u0142a mechanicznie a jednocze\u015bnie mi\u0119kka i wygodna w u\u017cyciu nawet po wielokrotnym praniu zachowuje stabilno\u015b\u0107 rozmiaru i koloru. Solidne odszycie, szwy ryglowe, mocne, solidnie wzmacniaj\u0105ce miejsca nara\u017cone na zwi\u0119kszon\u0105 eksploatacj\u0119, takie jak szlufki, kieszenie, \u0142\u0105czenie tkanin. Spodnie wyposa\u017cono w odblaskowe plisy, kt\u00f3re zwi\u0119kszaj\u0105 bezpiecze\u0144stwo po zmroku i w zacienionych miejscach. Spodnie posiadaj\u0105 szlufki do paska w cz\u0119\u015bci tylnej szeroka i wzmocniona, g\u0142\u00f3wne zapi\u0119cie na zamek i guzik. Spodnie posiadaj\u0105 wielofunkcyjne kieszenie: sze\u015b\u0107 kieszeni\/kieszonek zdejmowanych ca\u0142kowicie (suwak), jedena\u015bcie kieszeni\/kieszonek z r\u00f3\u017cnymi zapi\u0119ciami lub bez zapi\u0119cia z ty\u0142u spodni dwie kieszenie plus zawieszka na klucze. Dodatkow\u0105 cech\u0105 spodni s\u0105 wzmocnienia na kolanach z kieszeniami na wk\u0142adki nakolannikowe. Bardzo wygodne i jednocze\u015bnie wytrzyma\u0142e spodnie robocze sprawdz\u0105 si\u0119 przy ka\u017cdej pracy. Dedykowane dla brukarzy, budowla\u0144c\u00f3w, bran\u017cy monta\u017cowo-instalacyjnej, do prac magazynowych, porz\u0105dkowych, warsztatowych.<\/p>\n<p><strong>CECHY PRODUKTU<\/strong><\/p>\n<ul>\n<li><strong>Spodnie robocze do pasa ADAM BEZPIECZNY 280<\/strong><\/li>\n<li>EN 13688 (odzie\u017c ochronna, wymagania og\u00f3lne)<\/li>\n<li>Kategoria I<\/li>\n<li>Materia\u0142: 65% poliester, 35% bawe\u0142na<\/li>\n<li>Gramatura: 280 g\/m2<\/li>\n<li>Kolor: stalowo szary+ czarne elementy<\/li>\n<li>Rozmiar: od 46 do 62<\/li>\n<li>Plisy odblaskowe<\/li>\n<li>G\u0142\u00f3wne zapi\u0119cie na suwak+guzik<\/li>\n<li>Szlufki na pasek<\/li>\n<li>Wielofunkcyjne kieszenie<\/li>\n<li>Wzmocnienia na kolanach<\/li>\n<li>Kieszenie na wk\u0142adki nakolannikowe<\/li>\n<li>Solidne odszycie<\/li>\n<li>Praktyczne spodnie robocze<\/li>\n<\/ul>\n","protected":false},"featured_media":1243,"template":"","meta":{"_et_pb_use_builder":"","_et_pb_old_content":"","_et_gb_content_width":""},"product_brand":[],"product_cat":[37,89],"product_tag":[],"class_list":{"0":"post-1242","1":"product","2":"type-product","3":"status-publish","4":"has-post-thumbnail","6":"product_cat-ochrona-ciala","7":"product_cat-spodnie-do-pasa","9":"first","10":"instock","11":"shipping-taxable","12":"product-type-simple"},"_links":{"self":[{"href":"https:\/\/ani-mex.com\/index.php?rest_route=\/wp\/v2\/product\/1242","targetHints":{"allow":["GET"]}}],"collection":[{"href":"https:\/\/ani-mex.com\/index.php?rest_route=\/wp\/v2\/product"}],"about":[{"href":"https:\/\/ani-mex.com\/index.php?rest_route=\/wp\/v2\/types\/product"}],"wp:featuredmedia":[{"embeddable":true,"href":"https:\/\/ani-mex.com\/index.php?rest_route=\/wp\/v2\/media\/1243"}],"wp:attachment":[{"href":"https:\/\/ani-mex.com\/index.php?rest_route=%2Fwp%2Fv2%2Fmedia&parent=1242"}],"wp:term":[{"taxonomy":"product_brand","embeddable":true,"href":"https:\/\/ani-mex.com\/index.php?rest_route=%2Fwp%2Fv2%2Fproduct_brand&post=1242"},{"taxonomy":"product_cat","embeddable":true,"href":"https:\/\/ani-mex.com\/index.php?rest_route=%2Fwp%2Fv2%2Fproduct_cat&post=1242"},{"taxonomy":"product_tag","embeddable":true,"href":"https:\/\/ani-mex.com\/index.php?rest_route=%2Fwp%2Fv2%2Fproduct_tag&post=1242"}],"curies":[{"name":"wp","href":"https:\/\/api.w.org\/{rel}","templated":true}]}}