{"id":1244,"date":"2025-02-05T12:51:16","date_gmt":"2025-02-05T12:51:16","guid":{"rendered":"https:\/\/ani-mex.com\/?post_type=product&#038;p=1244"},"modified":"2025-02-05T12:55:23","modified_gmt":"2025-02-05T12:55:23","slug":"stalco-spodnie-robocze-stinger-czarne","status":"publish","type":"product","link":"https:\/\/ani-mex.com\/?product=stalco-spodnie-robocze-stinger-czarne","title":{"rendered":"Spodnie robocze Stinger czarne"},"content":{"rendered":"<h4>nawi\u0105zuj\u0105 krojem do spodni trekkingowych.\u00a0\u00a0S\u0105 lu\u017ane w biodrach dla komfortu w czasie intensywnego ruchu i zw\u0119\u017cane ku do\u0142owi. Nowoczesna kolorystyka przemawia zar\u00f3wno do starszych jak i m\u0142odzie\u017cy.\u00a0\u00a0W ofercie s\u0105 4 opcje kolorystyczne \u2013 klasyczne czarne z delikatnymi akcentami kolorystycznymi,\u00a0\u00a0pi\u0119kne, niebieskie \u201eroyal blue\u201d, praktyczne szare i z ciekawym nadrukiem, nazwane odmiennie PAINTER.<\/h4>\n<p>STINGERy ch\u0119tnie wybierane przez brukarzy, dekarzy czy osoby w bran\u017cy serwisu elektromechanicznego, transportu i logistyki. Idealne wsz\u0119dzie tam, gdzie jest ruch, a wygoda i przewiewno\u015b\u0107 jest najwa\u017cniejsza.\u00a0\u00a0Dodatkowo PAINTER, jak nazwa sugeruje, idealnie sprawdzi si\u0119 w\u00a0\u00a0bran\u017cy malarskiej i wsz\u0119dzie tam, gdzie \u0142atwo o plamy.<\/p>\n<p><strong>Nogawki i elastyczny materia\u0142<\/strong><\/p>\n<p>Lekko wyd\u0142u\u017cone nogawki, do\u0142em s\u0105 zako\u0144czone gumk\u0105 ze stoperem. Daje to mo\u017cliwo\u015b\u0107 ca\u0142kowitego \u201ezamkni\u0119cia nogawki na bucie, \u015bci\u0105gaj\u0105c gumk\u0119 ze stoperem.\u00a0\u00a0Dodatkow\u0105 wygod\u0119 zapewnia elastyczny materia\u0142, rozci\u0105gaj\u0105cy si\u0119 w 4 kierunkach.<\/p>\n<p><strong>Wentylacja i bezpiecze\u0144stwo<\/strong><\/p>\n","protected":false},"excerpt":{"rendered":"<div class=\"mpof_ki myre_zn myre_8v_l m389_6m_l\">\n<div class=\"mp4t_16_s mryx_16_s mr3m_1 mli2_1 mh85_56 mh85_0_l\">\n<div class=\"mgn2_16 _0d3bd_am0a-\">\n<p>Lekkie spodnie STINGER, nawi\u0105zuj\u0105 krojem do spodni trekkingowych. S\u0105 lu\u017ane w biodrach dla komfortu w czasie intensywnego ruchu i zw\u0119\u017cane ku do\u0142owi. No\u00adwoczesna kolorystyka przemawia zar\u00f3wno do starszych jak i m\u0142odzie\u017cy. W ofer\u00adcie s\u0105 2 opcje kolorystyczne &#8211; klasyczne czarne z delikatnymi akcentami kolory\u00adstycznymi i pi\u0119kne, niebieskie \u201eroyal blue&#8221;.<\/p>\n<p>Ch\u0119tnie wybierane przez brukarzy, dekarzy czy osoby w bran\u017cy serwisu elektro\u00admechanicznego, transportu i logistyki. Idealne wsz\u0119dzie tam, gdzie jest ruch, gdzie najwa\u017cniejsza jest wygoda i przewiewno\u015b\u0107.<\/p>\n<\/div>\n<\/div>\n<\/div>\n<div class=\"mpof_ki myre_zn myre_8v_l m389_6m_l\">\n<div class=\"mp4t_16_s mryx_16_s mr3m_1 mli2_1 mh85_56 mh85_0_l\">\n<div class=\"mgn2_16 _0d3bd_am0a-\">\n<p><b>Nogawki i elastyczny materia\u0142<\/b><\/p>\n<p>Lekko wyd\u0142u\u017cone nogawki, do\u0142em s\u0105 zako\u0144czone gumk\u0105 ze stoperem. Daje to mo\u017cliwo\u015b\u0107 ca\u0142kowitego \u201ezamkni\u0119cia nogawki na bucie. Dodatkow\u0105 wygod\u0119 za\u00adpewnia elastyczny materia\u0142 rozci\u0105gaj\u0105cy si\u0119 w 4 kierunkach<\/p>\n<p><b>Wentylacja i bezpiecze\u0144stwo<\/b><\/p>\n<p>Oddychaj\u0105ce spodnie posiadaj\u0105 dodatkowo otwory wentylacyjne rozpinane na zamek na tyle z wszyt\u0105 siateczk\u0105. Pozwalaj\u0105 one na wypuszczanie nadmiaru wil\u00adgoci i ciep\u0142a. Na nogawkach z ka\u017cdej strony s\u0105 wszyte odblaski, kt\u00f3re podnosz\u0105 widoczno\u015b\u0107 pracownika i bezpiecze\u0144stwo w pracy.<\/p>\n<p><b>Funkcjonalne kieszenie<\/b><\/p>\n<p>W czasie wykonywania pracy, niewielkie przedmioty i narz\u0119dzia mo\u017cna umie\u015bci\u0107 w funkcjonalnych kieszeniach. Nie jest ich du\u017co ze wzgl\u0119du na trekkingowy cha\u00adrakter spodni, ale jest wszystko, co niezb\u0119dne do pracy. Po bokach kiesze\u0144 na narz\u0119dzia, du\u017ca z klapk\u0105 i nad ni\u0105 druga na zamek, do przechowywania cennych przedmiot\u00f3w. W obr\u0119bie pasa s\u0105 2 naszywane kieszenie z tylu i 2 bardzo pojemne kieszenie z przodu, zapinane na zamek. W pracy w wymuszonych pozycjach s\u0105 niezast\u0105\u00adpione kieszenie na kolanach na wk\u0142adki piankowe, z wytrzyma\u0142ego na rozdarcia oxfordu.<\/p>\n<\/div>\n<\/div>\n<\/div>\n<div class=\"mpof_ki myre_zn myre_8v_l m389_6m_l\">\n<div class=\"mp4t_16_s mryx_16_s mr3m_1 mli2_1 mh85_56 mh85_0_l\">\n<div class=\"mgn2_16 _0d3bd_am0a-\">\n<p><b>CECHY:<\/b><\/p>\n<ul>\n<li>elastyczny materia\u0142 o w\u0142a\u015bciwo\u015bciach softshellu<\/li>\n<li>wysoka ja ko\u015b\u0107 odszycia<\/li>\n<li>potr\u00f3jne szwy wzmocnione ryglami<\/li>\n<li>4-kierunkowy stretch nogawki do\u0142em zako\u0144czone gumk\u0105 ze stoperem<\/li>\n<li>wentylacja &#8211; zamki z ty\u0142u z siateczk\u0105<\/li>\n<li>kieszenie na kolanach na wk\u0142adki piankowe<\/li>\n<li>9 kieszeni<\/li>\n<li>odblaski<\/li>\n<li>gumka w pasie<\/li>\n<li>EN IS073688<\/li>\n<\/ul>\n<p><b>Gramatura: <\/b>200 g\/m2<\/p>\n<p><b>Materia\u0142: <\/b>94% poliester, 6% elastan<\/p>\n<p><b>Oxford 300D: <\/b>100% poliester<\/p>\n<\/div>\n<\/div>\n<\/div>\n","protected":false},"featured_media":1245,"template":"","meta":{"_et_pb_use_builder":"","_et_pb_old_content":"","_et_gb_content_width":""},"product_brand":[],"product_cat":[37,89],"product_tag":[],"class_list":{"0":"post-1244","1":"product","2":"type-product","3":"status-publish","4":"has-post-thumbnail","6":"product_cat-ochrona-ciala","7":"product_cat-spodnie-do-pasa","9":"first","10":"instock","11":"shipping-taxable","12":"product-type-simple"},"_links":{"self":[{"href":"https:\/\/ani-mex.com\/index.php?rest_route=\/wp\/v2\/product\/1244","targetHints":{"allow":["GET"]}}],"collection":[{"href":"https:\/\/ani-mex.com\/index.php?rest_route=\/wp\/v2\/product"}],"about":[{"href":"https:\/\/ani-mex.com\/index.php?rest_route=\/wp\/v2\/types\/product"}],"wp:featuredmedia":[{"embeddable":true,"href":"https:\/\/ani-mex.com\/index.php?rest_route=\/wp\/v2\/media\/1245"}],"wp:attachment":[{"href":"https:\/\/ani-mex.com\/index.php?rest_route=%2Fwp%2Fv2%2Fmedia&parent=1244"}],"wp:term":[{"taxonomy":"product_brand","embeddable":true,"href":"https:\/\/ani-mex.com\/index.php?rest_route=%2Fwp%2Fv2%2Fproduct_brand&post=1244"},{"taxonomy":"product_cat","embeddable":true,"href":"https:\/\/ani-mex.com\/index.php?rest_route=%2Fwp%2Fv2%2Fproduct_cat&post=1244"},{"taxonomy":"product_tag","embeddable":true,"href":"https:\/\/ani-mex.com\/index.php?rest_route=%2Fwp%2Fv2%2Fproduct_tag&post=1244"}],"curies":[{"name":"wp","href":"https:\/\/api.w.org\/{rel}","templated":true}]}}