{"id":1261,"date":"2025-02-06T12:36:24","date_gmt":"2025-02-06T12:36:24","guid":{"rendered":"https:\/\/ani-mex.com\/?post_type=product&#038;p=1261"},"modified":"2025-02-06T12:37:55","modified_gmt":"2025-02-06T12:37:55","slug":"fartuch-damski-haccp","status":"publish","type":"product","link":"https:\/\/ani-mex.com\/?product=fartuch-damski-haccp","title":{"rendered":"Fartuch damski HACCP Bia\u0142y"},"content":{"rendered":"<p>Zapytaj o ofert\u0119 hurtow\u0105: ani-mex.drozdowska@wp.pl<\/p>\n<p>Klasyczny bia\u0142y fartuch z przydatnymi funkcjami kt\u00f3re z pewno\u015bci\u0105 przydadz\u0105 si\u0119 w wielu bran\u017cach i pracach. Wykonany z 100% z bawe\u0142ny.<\/p>\n","protected":false},"excerpt":{"rendered":"<p><strong>Rodzaj Zapi\u0119cia<\/strong>: Nasz produkt jest wyposa\u017cony w napy wykonane z wysokiej jako\u015bci stali nierdzewnej, gwarantuj\u0105cej trwa\u0142o\u015b\u0107 i odporno\u015b\u0107 na korozj\u0119. Dzi\u0119ki temu zapewniaj\u0105 one bezproblemowe zapi\u0119cie i rozpi\u0119cie kurtki, co jest niezwykle wa\u017cne w codziennym u\u017cytkowaniu.<\/p>\n<p><strong>Budowa\/Szycie<\/strong>: Fartuch zosta\u0142 starannie wykonana z dba\u0142o\u015bci\u0105 o ka\u017cdy detal. Podw\u00f3jne szwy oraz mocna ni\u0107 u\u017cyte do jej produkcji zapewniaj\u0105 wyj\u0105tkow\u0105 wytrzyma\u0142o\u015b\u0107 i trwa\u0142o\u015b\u0107, co sprawia, \u017ce produkt ten b\u0119dzie s\u0142u\u017cy\u0107 Ci przez wiele sezon\u00f3w. Dodatkowo, rygl\u00f3wki umieszczone w miejscach szczeg\u00f3lnie nara\u017conych na rozprucie, takie jak kieszenie, zabezpieczaj\u0105 kurtk\u0119 przed uszkodzeniami mechanicznymi. Listwa kryj\u0105ca napy dodaje elegancji i estetyki ca\u0142ej konstrukcji.<\/p>\n<p><strong>Kieszenie<\/strong>: Kurtka posiada praktyczn\u0105 wewn\u0119trzn\u0105 kiesze\u0144 umieszczon\u0105 na klatce piersiowej, kt\u00f3ra pomie\u015bci niezb\u0119dne drobiazgi i dokumenty. Dzi\u0119ki temu masz \u0142atwy dost\u0119p do wa\u017cnych przedmiot\u00f3w, nie trac\u0105c przy tym na stylu i wygodzie noszenia. Ta kurtka to po\u0142\u0105czenie funkcjonalno\u015bci i wyrafinowanego designu, kt\u00f3re sprawi\u0105, \u017ce poczujesz si\u0119 komfortowo i \u015bwietnie wygl\u0105daj\u0105co w ka\u017cdej sytuacji.<\/p>\n<p>&nbsp;<\/p>\n","protected":false},"featured_media":1262,"template":"","meta":{"_et_pb_use_builder":"","_et_pb_old_content":"","_et_gb_content_width":""},"product_brand":[],"product_cat":[82,37],"product_tag":[],"class_list":{"0":"post-1261","1":"product","2":"type-product","3":"status-publish","4":"has-post-thumbnail","6":"product_cat-fartuchy-ochrona-ciala","7":"product_cat-ochrona-ciala","9":"first","10":"instock","11":"shipping-taxable","12":"product-type-simple"},"_links":{"self":[{"href":"https:\/\/ani-mex.com\/index.php?rest_route=\/wp\/v2\/product\/1261","targetHints":{"allow":["GET"]}}],"collection":[{"href":"https:\/\/ani-mex.com\/index.php?rest_route=\/wp\/v2\/product"}],"about":[{"href":"https:\/\/ani-mex.com\/index.php?rest_route=\/wp\/v2\/types\/product"}],"wp:featuredmedia":[{"embeddable":true,"href":"https:\/\/ani-mex.com\/index.php?rest_route=\/wp\/v2\/media\/1262"}],"wp:attachment":[{"href":"https:\/\/ani-mex.com\/index.php?rest_route=%2Fwp%2Fv2%2Fmedia&parent=1261"}],"wp:term":[{"taxonomy":"product_brand","embeddable":true,"href":"https:\/\/ani-mex.com\/index.php?rest_route=%2Fwp%2Fv2%2Fproduct_brand&post=1261"},{"taxonomy":"product_cat","embeddable":true,"href":"https:\/\/ani-mex.com\/index.php?rest_route=%2Fwp%2Fv2%2Fproduct_cat&post=1261"},{"taxonomy":"product_tag","embeddable":true,"href":"https:\/\/ani-mex.com\/index.php?rest_route=%2Fwp%2Fv2%2Fproduct_tag&post=1261"}],"curies":[{"name":"wp","href":"https:\/\/api.w.org\/{rel}","templated":true}]}}