{"id":1272,"date":"2025-02-06T13:03:48","date_gmt":"2025-02-06T13:03:48","guid":{"rendered":"https:\/\/ani-mex.com\/?post_type=product&#038;p=1272"},"modified":"2025-02-06T13:03:48","modified_gmt":"2025-02-06T13:03:48","slug":"spodnie-haccp-do-pasa-biale","status":"publish","type":"product","link":"https:\/\/ani-mex.com\/?product=spodnie-haccp-do-pasa-biale","title":{"rendered":"Spodnie HACCP do Pasa Bia\u0142e"},"content":{"rendered":"<div class=\"woo-before-excerpt\">\n<div id=\"text-5\" class=\"widget widget_text\">\n<div class=\"textwidget\">\n<p>Zapytaj o ofert\u0119 hurtow\u0105: <a href=\"mailto:biuro@bst24.pl\">ani-mex.drozdowska@wp.pl<\/a><\/p>\n<\/div>\n<\/div>\n<\/div>\n<div class=\"woocommerce-product-details__short-description\">\n<p>Solidnie wykonane spodnie HACCP zaprojektowane z my\u015bl\u0105 o profesjonalistach w bran\u017cy spo\u017cywczej. Posiadaj\u0105 rygl\u00f3wki w miejscach nara\u017conych na rozprucie oraz wytrzyma\u0142e szwy szyte mocn\u0105 nici\u0105. Funkcjonalna kiesze\u0144 u\u0142atwia przechowywanie narz\u0119dzi lub drobnych przedmiot\u00f3w. Regulacja obwodu za pomoc\u0105 gumki i sznurka \u015bci\u0105gaj\u0105cego pas gwarantuje idealne dopasowanie do indywidualnych potrzeb u\u017cytkownika. Spodnie HACCP \u0142\u0105cz\u0105 wygod\u0119 i trwa\u0142o\u015b\u0107, idealne dla os\u00f3b pracuj\u0105cych w wymagaj\u0105cych warunkach.<\/p>\n<\/div>\n","protected":false},"excerpt":{"rendered":"<p>Spodnie HACCP \u2013 Idealne dla profesjonalist\u00f3w w bran\u017cy spo\u017cywczej<\/p>\n<p><strong>Budowa\/Szycie:<\/strong><br \/>\nNasze spodnie HACCP zosta\u0142y zaprojektowane z my\u015bl\u0105 o profesjonalistach w bran\u017cy spo\u017cywczej, dlatego te\u017c s\u0105 one niezwykle solidnie wykonane. Wyposa\u017cone s\u0105 w rygl\u00f3wki w miejscach szczeg\u00f3lnie nara\u017conych na rozprucie, co zapewnia trwa\u0142o\u015b\u0107 i wytrzyma\u0142o\u015b\u0107 produktu, nawet w trudnych warunkach pracy. Dodatkowo, szwy s\u0105 szyte mocn\u0105 nici\u0105, co gwarantuje, \u017ce spodnie przetrwaj\u0105 wiele sezon\u00f3w intensywnego u\u017cytkowania.<\/p>\n<p><strong>Kieszenie:<\/strong><br \/>\nSpodnie HACCP posiadaj\u0105 funkcjonaln\u0105 kiesze\u0144, kt\u00f3ra umo\u017cliwia przechowywanie niezb\u0119dnych narz\u0119dzi lub drobnych przedmiot\u00f3w. Dzi\u0119ki temu masz \u0142atwy dost\u0119p do potrzebnych rzeczy w trakcie pracy, co zwi\u0119ksza Twoj\u0105 efektywno\u015b\u0107 i wygod\u0119.<\/p>\n<p><strong>Regulacja Obwodu:<\/strong><br \/>\nAby zapewni\u0107 maksymalny komfort noszenia, nasze spodnie HACCP wyposa\u017cone s\u0105 w gumk\u0119 i sznurek \u015bci\u0105gaj\u0105cy pas. To oznacza, \u017ce mo\u017cesz dostosowa\u0107 obw\u00f3d spodni do swoich preferencji, zapewniaj\u0105c idealne dopasowanie, kt\u00f3re nie b\u0119dzie kr\u0119powa\u0107 Twojej swobody ruch\u00f3w. Dzi\u0119ki tym funkcjom spodnie s\u0105 nie tylko wygodne, ale tak\u017ce funkcjonalne i dostosowane do indywidualnych potrzeb u\u017cytkownika.<\/p>\n","protected":false},"featured_media":1273,"template":"","meta":{"_et_pb_use_builder":"","_et_pb_old_content":"","_et_gb_content_width":""},"product_brand":[],"product_cat":[37,89],"product_tag":[],"class_list":{"0":"post-1272","1":"product","2":"type-product","3":"status-publish","4":"has-post-thumbnail","6":"product_cat-ochrona-ciala","7":"product_cat-spodnie-do-pasa","9":"first","10":"instock","11":"shipping-taxable","12":"product-type-simple"},"_links":{"self":[{"href":"https:\/\/ani-mex.com\/index.php?rest_route=\/wp\/v2\/product\/1272","targetHints":{"allow":["GET"]}}],"collection":[{"href":"https:\/\/ani-mex.com\/index.php?rest_route=\/wp\/v2\/product"}],"about":[{"href":"https:\/\/ani-mex.com\/index.php?rest_route=\/wp\/v2\/types\/product"}],"wp:featuredmedia":[{"embeddable":true,"href":"https:\/\/ani-mex.com\/index.php?rest_route=\/wp\/v2\/media\/1273"}],"wp:attachment":[{"href":"https:\/\/ani-mex.com\/index.php?rest_route=%2Fwp%2Fv2%2Fmedia&parent=1272"}],"wp:term":[{"taxonomy":"product_brand","embeddable":true,"href":"https:\/\/ani-mex.com\/index.php?rest_route=%2Fwp%2Fv2%2Fproduct_brand&post=1272"},{"taxonomy":"product_cat","embeddable":true,"href":"https:\/\/ani-mex.com\/index.php?rest_route=%2Fwp%2Fv2%2Fproduct_cat&post=1272"},{"taxonomy":"product_tag","embeddable":true,"href":"https:\/\/ani-mex.com\/index.php?rest_route=%2Fwp%2Fv2%2Fproduct_tag&post=1272"}],"curies":[{"name":"wp","href":"https:\/\/api.w.org\/{rel}","templated":true}]}}