{"id":1278,"date":"2025-02-07T10:11:00","date_gmt":"2025-02-07T10:11:00","guid":{"rendered":"https:\/\/ani-mex.com\/?post_type=product&#038;p=1278"},"modified":"2025-02-07T10:11:00","modified_gmt":"2025-02-07T10:11:00","slug":"klapki-damskie-wz-09-biale","status":"publish","type":"product","link":"https:\/\/ani-mex.com\/?product=klapki-damskie-wz-09-biale","title":{"rendered":"KLAPKI DAMSKIE WZ 09 BIA\u0141E"},"content":{"rendered":"<p>Bardzo wygodne klapki damskie. Model wykonany z g\u0142adkiej, do\u015b\u0107 delikatnej i mi\u0119kkiej sk\u00f3ry, bardzo dobrze dopasowuje si\u0119 do stopy i daje du\u017cy komfort podczas u\u017cytkowania. Buty s\u0105 bardzo trwa\u0142e, z pewno\u015bci\u0105 pos\u0142u\u017c\u0105 na d\u0142ugo. Polecane g\u0142\u00f3wnie kobietom, kt\u00f3rym w pracy zale\u017cy na maksymalnej wygodzie. Sp\u00f3d antypo\u015blizgowy, z lekkim pokarbowaniem, dopasowany kolorystycznie do ca\u0142o\u015bci. Wierzch pokryty symetrycznie rozmieszczonymi dziurkami zapewnia cyrkulacj\u0119 powietrza. U g\u00f3ry pasek ze sprz\u0105czk\u0105. Dost\u0119pne tylko w kolorze bia\u0142ym.<\/p>\n<p><b><strong>Kolory:<\/strong><\/b>\u00a0Bia\u0142y,<\/p>\n<p><b><strong>Dost\u0119pne rozmiary:<\/strong><\/b>\u00a035, 36, 37, 38, 39, 40, 41, 42,<\/p>\n<p><b><strong>Sk\u0142ad:<\/strong><\/b>\u00a0&#8211;<\/p>\n<p><strong>***Sugerujemy wyb\u00f3r obuwia o numer wi\u0119kszego ni\u017c standardowo noszone, ze wzgl\u0119du na zani\u017con\u0105 rozmiar\u00f3wk\u0119.***<\/strong><\/p>\n","protected":false},"excerpt":{"rendered":"<p>Bardzo wygodne klapki damskie. Model wykonany z g\u0142adkiej, do\u015b\u0107 delikatnej i mi\u0119kkiej sk\u00f3ry, bardzo dobrze dopasowuje si\u0119 do stopy i daje du\u017cy komfort podczas u\u017cytkowania. Buty s\u0105 bardzo trwa\u0142e, z pewno\u015bci\u0105 pos\u0142u\u017c\u0105 na d\u0142ugo. Polecane g\u0142\u00f3wnie kobietom, kt\u00f3rym w pracy zale\u017cy na maksymalnej wygodzie. Sp\u00f3d antypo\u015blizgowy, z lekkim pokarbowaniem, dopasowany kolorystycznie do ca\u0142o\u015bci. Wierzch pokryty symetrycznie rozmieszczonymi dziurkami zapewnia cyrkulacj\u0119 powietrza. U g\u00f3ry pasek ze sprz\u0105czk\u0105. Dost\u0119pne tylko w kolorze bia\u0142ym.<\/p>\n<p><b><strong>Kolory:<\/strong><\/b>\u00a0Bia\u0142y,<\/p>\n<p><b><strong>Dost\u0119pne rozmiary:<\/strong><\/b>\u00a035, 36, 37, 38, 39, 40, 41, 42,<\/p>\n<p><b><strong>Sk\u0142ad:<\/strong><\/b>\u00a0&#8211;<\/p>\n<p><strong>***Sugerujemy wyb\u00f3r obuwia o numer wi\u0119kszego ni\u017c standardowo noszone, ze wzgl\u0119du na zani\u017con\u0105 rozmiar\u00f3wk\u0119.***<\/strong><\/p>\n","protected":false},"featured_media":1279,"template":"","meta":{"_et_pb_use_builder":"","_et_pb_old_content":"","_et_gb_content_width":""},"product_brand":[],"product_cat":[102,40],"product_tag":[],"class_list":{"0":"post-1278","1":"product","2":"type-product","3":"status-publish","4":"has-post-thumbnail","6":"product_cat-klapki-medyczne-profilaktyczne","7":"product_cat-ochrona-nog","9":"first","10":"instock","11":"shipping-taxable","12":"product-type-simple"},"_links":{"self":[{"href":"https:\/\/ani-mex.com\/index.php?rest_route=\/wp\/v2\/product\/1278","targetHints":{"allow":["GET"]}}],"collection":[{"href":"https:\/\/ani-mex.com\/index.php?rest_route=\/wp\/v2\/product"}],"about":[{"href":"https:\/\/ani-mex.com\/index.php?rest_route=\/wp\/v2\/types\/product"}],"wp:featuredmedia":[{"embeddable":true,"href":"https:\/\/ani-mex.com\/index.php?rest_route=\/wp\/v2\/media\/1279"}],"wp:attachment":[{"href":"https:\/\/ani-mex.com\/index.php?rest_route=%2Fwp%2Fv2%2Fmedia&parent=1278"}],"wp:term":[{"taxonomy":"product_brand","embeddable":true,"href":"https:\/\/ani-mex.com\/index.php?rest_route=%2Fwp%2Fv2%2Fproduct_brand&post=1278"},{"taxonomy":"product_cat","embeddable":true,"href":"https:\/\/ani-mex.com\/index.php?rest_route=%2Fwp%2Fv2%2Fproduct_cat&post=1278"},{"taxonomy":"product_tag","embeddable":true,"href":"https:\/\/ani-mex.com\/index.php?rest_route=%2Fwp%2Fv2%2Fproduct_tag&post=1278"}],"curies":[{"name":"wp","href":"https:\/\/api.w.org\/{rel}","templated":true}]}}