{"id":1281,"date":"2025-02-07T10:14:14","date_gmt":"2025-02-07T10:14:14","guid":{"rendered":"https:\/\/ani-mex.com\/?post_type=product&#038;p=1281"},"modified":"2025-02-07T10:14:14","modified_gmt":"2025-02-07T10:14:14","slug":"klapki-meskie-wz-17-biale","status":"publish","type":"product","link":"https:\/\/ani-mex.com\/?product=klapki-meskie-wz-17-biale","title":{"rendered":"KLAPKI M\u0118SKIE WZ 17 BIA\u0141E"},"content":{"rendered":"<div id=\"description\" class=\"tab-pane in active\">\n<div class=\"product-description\">\n<div class=\"rte-content\">\n<p>Niezwykle wygodne m\u0119skie klapki. Wykonane zosta\u0142y z bardzo trwa\u0142ej i do\u015b\u0107 \u0142atwej w utrzymaniu w czysto\u015bci sk\u00f3ry, kt\u00f3ra dzi\u0119ki swej mi\u0119kko\u015bci dopasowuje si\u0119 do kszta\u0142tu stopy i pozwala uzyska\u0107 optymalny komfort w czasie noszenia. Powierzchnia ca\u0142o\u015bci pokryta jest drobnymi wycinanymi dziurkami zapewniaj\u0105cymi przep\u0142yw powietrza, co zapobiega przegrzewaniu si\u0119 stopy. G\u00f3r\u0119 zdobi delikatny pasek z ma\u0142\u0105 sprz\u0105czk\u0105. Sp\u00f3d lekko pokarbowany, antypo\u015blizgowy. Klapki tylko w kolorze bia\u0142ym. Do wyboru r\u00f3\u017cne rozmiary.<\/p>\n<div class=\"clearfix\"><\/div>\n<p><strong>Kolory:<\/strong>\u00a0Bia\u0142y,<\/p>\n<p><strong>Dost\u0119pne rozmiary:<\/strong>\u00a040, 41, 42, 43, 44, 45,<\/p>\n<p><strong>Sk\u0142ad:<\/strong>\u00a0&#8211;<\/p>\n<p><strong><span style=\"color: #777777;\">***Sugerujemy wyb\u00f3r obuwia o numer wi\u0119kszego ni\u017c standardowo noszone, ze wzgl\u0119du na zani\u017con\u0105 rozmiar\u00f3wk\u0119.***<\/span><\/strong><\/p>\n<\/div>\n<\/div>\n<\/div>\n","protected":false},"excerpt":{"rendered":"<div id=\"description\" class=\"tab-pane in active\">\n<div class=\"product-description\">\n<div class=\"rte-content\">\n<p>Niezwykle wygodne m\u0119skie klapki. Wykonane zosta\u0142y z bardzo trwa\u0142ej i do\u015b\u0107 \u0142atwej w utrzymaniu w czysto\u015bci sk\u00f3ry, kt\u00f3ra dzi\u0119ki swej mi\u0119kko\u015bci dopasowuje si\u0119 do kszta\u0142tu stopy i pozwala uzyska\u0107 optymalny komfort w czasie noszenia. Powierzchnia ca\u0142o\u015bci pokryta jest drobnymi wycinanymi dziurkami zapewniaj\u0105cymi przep\u0142yw powietrza, co zapobiega przegrzewaniu si\u0119 stopy. G\u00f3r\u0119 zdobi delikatny pasek z ma\u0142\u0105 sprz\u0105czk\u0105. Sp\u00f3d lekko pokarbowany, antypo\u015blizgowy. Klapki tylko w kolorze bia\u0142ym. Do wyboru r\u00f3\u017cne rozmiary.<\/p>\n<div class=\"clearfix\"><\/div>\n<p><strong>Kolory:<\/strong>\u00a0Bia\u0142y,<\/p>\n<p><strong>Dost\u0119pne rozmiary:<\/strong>\u00a040, 41, 42, 43, 44, 45,<\/p>\n<p><strong>Sk\u0142ad:<\/strong>\u00a0&#8211;<\/p>\n<p><strong><span style=\"color: #777777;\">***Sugerujemy wyb\u00f3r obuwia o numer wi\u0119kszego ni\u017c standardowo noszone, ze wzgl\u0119du na zani\u017con\u0105 rozmiar\u00f3wk\u0119.***<\/span><\/strong><\/p>\n<\/div>\n<\/div>\n<\/div>\n","protected":false},"featured_media":1282,"template":"","meta":{"_et_pb_use_builder":"","_et_pb_old_content":"","_et_gb_content_width":""},"product_brand":[],"product_cat":[102,40],"product_tag":[],"class_list":{"0":"post-1281","1":"product","2":"type-product","3":"status-publish","4":"has-post-thumbnail","6":"product_cat-klapki-medyczne-profilaktyczne","7":"product_cat-ochrona-nog","9":"first","10":"instock","11":"shipping-taxable","12":"product-type-simple"},"_links":{"self":[{"href":"https:\/\/ani-mex.com\/index.php?rest_route=\/wp\/v2\/product\/1281","targetHints":{"allow":["GET"]}}],"collection":[{"href":"https:\/\/ani-mex.com\/index.php?rest_route=\/wp\/v2\/product"}],"about":[{"href":"https:\/\/ani-mex.com\/index.php?rest_route=\/wp\/v2\/types\/product"}],"wp:featuredmedia":[{"embeddable":true,"href":"https:\/\/ani-mex.com\/index.php?rest_route=\/wp\/v2\/media\/1282"}],"wp:attachment":[{"href":"https:\/\/ani-mex.com\/index.php?rest_route=%2Fwp%2Fv2%2Fmedia&parent=1281"}],"wp:term":[{"taxonomy":"product_brand","embeddable":true,"href":"https:\/\/ani-mex.com\/index.php?rest_route=%2Fwp%2Fv2%2Fproduct_brand&post=1281"},{"taxonomy":"product_cat","embeddable":true,"href":"https:\/\/ani-mex.com\/index.php?rest_route=%2Fwp%2Fv2%2Fproduct_cat&post=1281"},{"taxonomy":"product_tag","embeddable":true,"href":"https:\/\/ani-mex.com\/index.php?rest_route=%2Fwp%2Fv2%2Fproduct_tag&post=1281"}],"curies":[{"name":"wp","href":"https:\/\/api.w.org\/{rel}","templated":true}]}}