{"id":1298,"date":"2025-02-10T11:22:29","date_gmt":"2025-02-10T11:22:29","guid":{"rendered":"https:\/\/ani-mex.com\/?post_type=product&#038;p=1298"},"modified":"2025-02-10T11:22:29","modified_gmt":"2025-02-10T11:22:29","slug":"exena-lotus-s1-sandaly-bezpieczne-mikrofibra","status":"publish","type":"product","link":"https:\/\/ani-mex.com\/?product=exena-lotus-s1-sandaly-bezpieczne-mikrofibra","title":{"rendered":"EXENA LOTUS S1 &#8211; SANDA\u0141Y BEZPIECZNE MIKROFIBRA"},"content":{"rendered":"<div id=\"product-description-short-4362\" class=\"product_desc\">\n<p><strong>Bia\u0142e sanda\u0142y robocze wykonane z mikrofibry, z kompozytowym podnoskiem ochronnym, zapinane na rzepy, obuwie lekkie, oddychaj\u0105ce, bez element\u00f3w metalowych<\/strong><br \/>\n<strong>Marka: EXENA\u00a0\u00a0<\/strong><\/p>\n<\/div>\n","protected":false},"excerpt":{"rendered":"<p>Sanda\u0142y bezpieczne bia\u0142e &#8211; EXENA LOTUS S1 SRC:<br \/>\n&#8211; materia\u0142 cholewki: oddychaj\u0105ca mikrofibra<br \/>\n&#8211; podszewka: tkanina obuwnicza, przewiewna, oddychaj\u0105ca, odporna na \u015bcieranie<br \/>\n&#8211; podeszwa wykonana z poliuretanu (PU 1D), odporna na oleje, t\u0142uszcze zwierz\u0119ce i inne rozpuszczalniki organiczne (Fo), antypo\u015blizgowa (SRC), shock absorber (E), antystatyczna (A)<br \/>\n&#8211; obuwie bez element\u00f3w metalowych<br \/>\n&#8211; wk\u0142adka wewn\u0119trzna z w\u0142\u00f3kniny wy\u015bci\u00f3\u0142kowej o wysokiej higroskopijno\u015bci<br \/>\n&#8211; podnosek ochronny kompozytowy (200 J)<br \/>\n&#8211; zapi\u0119cie na podw\u00f3jny rzep<br \/>\n&#8211; rozmiary: od 35 do 48<br \/>\n&#8211; waga: 440 g (rozmiar 42)<br \/>\n&#8211; zgodne z norm\u0105: EN ISO 20345:2011 &#8211;\u00a0\u015arodki ochrony indywidualnej. Obuwie bezpieczne<br \/>\n&#8211;\u00a0produkt w ci\u0105g\u0142ej ofercie<\/p>\n","protected":false},"featured_media":1299,"template":"","meta":{"_et_pb_use_builder":"","_et_pb_old_content":"","_et_gb_content_width":""},"product_brand":[],"product_cat":[40,95],"product_tag":[],"class_list":{"0":"post-1298","1":"product","2":"type-product","3":"status-publish","4":"has-post-thumbnail","6":"product_cat-ochrona-nog","7":"product_cat-sandaly","9":"first","10":"instock","11":"shipping-taxable","12":"purchasable","13":"product-type-simple"},"_links":{"self":[{"href":"https:\/\/ani-mex.com\/index.php?rest_route=\/wp\/v2\/product\/1298","targetHints":{"allow":["GET"]}}],"collection":[{"href":"https:\/\/ani-mex.com\/index.php?rest_route=\/wp\/v2\/product"}],"about":[{"href":"https:\/\/ani-mex.com\/index.php?rest_route=\/wp\/v2\/types\/product"}],"wp:featuredmedia":[{"embeddable":true,"href":"https:\/\/ani-mex.com\/index.php?rest_route=\/wp\/v2\/media\/1299"}],"wp:attachment":[{"href":"https:\/\/ani-mex.com\/index.php?rest_route=%2Fwp%2Fv2%2Fmedia&parent=1298"}],"wp:term":[{"taxonomy":"product_brand","embeddable":true,"href":"https:\/\/ani-mex.com\/index.php?rest_route=%2Fwp%2Fv2%2Fproduct_brand&post=1298"},{"taxonomy":"product_cat","embeddable":true,"href":"https:\/\/ani-mex.com\/index.php?rest_route=%2Fwp%2Fv2%2Fproduct_cat&post=1298"},{"taxonomy":"product_tag","embeddable":true,"href":"https:\/\/ani-mex.com\/index.php?rest_route=%2Fwp%2Fv2%2Fproduct_tag&post=1298"}],"curies":[{"name":"wp","href":"https:\/\/api.w.org\/{rel}","templated":true}]}}