{"id":1313,"date":"2025-02-10T12:04:14","date_gmt":"2025-02-10T12:04:14","guid":{"rendered":"https:\/\/ani-mex.com\/?post_type=product&#038;p=1313"},"modified":"2025-02-10T12:04:14","modified_gmt":"2025-02-10T12:04:14","slug":"buty-airvent-mf","status":"publish","type":"product","link":"https:\/\/ani-mex.com\/?product=buty-airvent-mf","title":{"rendered":"Buty AIRVENT MF"},"content":{"rendered":"<p><strong>Obuwie ochronne o modnym, nowoczesnym i atrakcyjnym wzornictwie oraz wygl\u0105dzie, cholewka z materia\u0142u w\u0142\u00f3kienniczego. Posiadaj\u0105 kompozytowy podnosek, bez element\u00f3w metalowych.<\/strong><\/p>\n","protected":false},"excerpt":{"rendered":"<p><strong>Kategoria ochrony: SB FO SR<\/strong><\/p>\n<p><strong>&#8211; <\/strong>podnosek kompozytowy zapewnia wytrzyma\u0142o\u015b\u0107 na uderzenie z energi\u0105 200 +\/-4 J, jest l\u017cejszy ni\u017c metalowy podnosek,<\/p>\n<p>&#8211; cholewka wykonana z szybkoschn\u0105cego i elastycznego materia\u0142u w\u0142\u00f3kienniczego, dla lepszej wentylacji stopy,<\/p>\n<p>&#8211; zewn\u0119trzna a\u017curowa pow\u0142oka z tworzywa pokrywaj\u0105ca cholewk\u0119 odporna na \u015bcieranie i zabrudzenia,<\/p>\n<p>&#8211; buty sznurowane,<\/p>\n<p><strong>&#8211; mi\u0119kki j\u0119zyk i ko\u0142nierz podwy\u017csza komfort u\u017cytkowania,<\/strong><\/p>\n<p><strong>&#8211; wymienna wk\u0142adka,<\/strong><\/p>\n<p><strong>&#8211; podeszwa urze\u017abiona PU, monta\u017c metod\u0105 wtrysku,<\/strong><\/p>\n<p><strong>&#8211;<\/strong><strong> chroni\u0105ca przed po\u015blizgiem (SR),<\/strong><\/p>\n<p><strong>&#8211; <\/strong><strong>odporna na olej nap\u0119dowy<\/strong><strong> (FO),<\/strong><\/p>\n<p><strong>&#8211; dodatkowe usztywnienie na pi\u0119cie.<\/strong><\/p>\n<p><strong>Zalecamy zakup rozmiaru wi\u0119kszego o jeden rozmiar, ze wzgl\u0119du na zani\u017con\u0105 rozmiar\u00f3wk\u0119.<\/strong><\/p>\n<p>Rozmiary 36-47.<\/p>\n<p><u>Waga obuwia jest u\u015bredniona<\/u><\/p>\n<p>Kategoria ochrony: <strong>SB FO SR<\/strong><\/p>\n<p>Kat. II <em>EN ISO 20345:20<\/em><em>22<\/em>&#8211; opakowanie zbiorcze 1\/10, Waga: 12 kg<\/p>\n","protected":false},"featured_media":1314,"template":"","meta":{"_et_pb_use_builder":"","_et_pb_old_content":"","_et_gb_content_width":""},"product_brand":[],"product_cat":[40,94],"product_tag":[],"class_list":{"0":"post-1313","1":"product","2":"type-product","3":"status-publish","4":"has-post-thumbnail","6":"product_cat-ochrona-nog","7":"product_cat-polbuty","9":"first","10":"instock","11":"shipping-taxable","12":"purchasable","13":"product-type-simple"},"_links":{"self":[{"href":"https:\/\/ani-mex.com\/index.php?rest_route=\/wp\/v2\/product\/1313","targetHints":{"allow":["GET"]}}],"collection":[{"href":"https:\/\/ani-mex.com\/index.php?rest_route=\/wp\/v2\/product"}],"about":[{"href":"https:\/\/ani-mex.com\/index.php?rest_route=\/wp\/v2\/types\/product"}],"wp:featuredmedia":[{"embeddable":true,"href":"https:\/\/ani-mex.com\/index.php?rest_route=\/wp\/v2\/media\/1314"}],"wp:attachment":[{"href":"https:\/\/ani-mex.com\/index.php?rest_route=%2Fwp%2Fv2%2Fmedia&parent=1313"}],"wp:term":[{"taxonomy":"product_brand","embeddable":true,"href":"https:\/\/ani-mex.com\/index.php?rest_route=%2Fwp%2Fv2%2Fproduct_brand&post=1313"},{"taxonomy":"product_cat","embeddable":true,"href":"https:\/\/ani-mex.com\/index.php?rest_route=%2Fwp%2Fv2%2Fproduct_cat&post=1313"},{"taxonomy":"product_tag","embeddable":true,"href":"https:\/\/ani-mex.com\/index.php?rest_route=%2Fwp%2Fv2%2Fproduct_tag&post=1313"}],"curies":[{"name":"wp","href":"https:\/\/api.w.org\/{rel}","templated":true}]}}