{"id":1315,"date":"2025-02-10T12:07:52","date_gmt":"2025-02-10T12:07:52","guid":{"rendered":"https:\/\/ani-mex.com\/?post_type=product&#038;p=1315"},"modified":"2025-02-25T08:20:05","modified_gmt":"2025-02-25T08:20:05","slug":"buty-airvent-mf-o1","status":"publish","type":"product","link":"https:\/\/ani-mex.com\/?product=buty-airvent-mf-o1","title":{"rendered":"Buty AIRVENT MF O1"},"content":{"rendered":"<p><strong>Buty robocze: p\u00f3\u0142buty bez podnoska\u00a0<\/strong><strong>metal free \u2013 bez element\u00f3w metalowych<\/strong><strong>, cholewka wykonana z elastycznego materia\u0142u <\/strong><strong>w\u0142\u00f3kienniczego<\/strong><\/p>\n<p><em>Certyfikat CE Kat. II<\/em><\/p>\n<p><strong>Kategoria ochrony: <\/strong><strong>O1<\/strong><\/p>\n<p>Opakowanie zbiorcze: 10 par<\/p>\n<p>Waga: 11\u00a0kg<\/p>\n<p>Opakowanie jednostkowe: 1 para<\/p>\n<p>opakowanie jednostkowe: 1<br \/>\nkarton: 10<\/p>\n","protected":false},"excerpt":{"rendered":"<div class=\"col-lg-7 col-md-6 col-sm-6 col-12\">\n<div id=\"nav-tabContent\" class=\"tab-content\">\n<div id=\"nav-text\" class=\"tab-pane fade show active\" role=\"tabpanel\" aria-labelledby=\"nav-text-tab\">\n<p><strong>Obuwie ochronne bez podnoska o modnym, nowoczesnym i atrakcyjnym wzornictwie oraz wygl\u0105dzie, cholewka z materia\u0142u w\u0142\u00f3kienniczego. Nie posiadaj\u0105 element\u00f3w metalowych.<\/strong><\/p>\n<p>&nbsp;<\/p>\n<p><strong>Kategoria ochrony: <\/strong><strong>O1<\/strong><\/p>\n<p>&#8211; cholewka wykonana z szybkoschn\u0105cego i elastycznego materia\u0142u w\u0142\u00f3kienniczego, dla lepszej wentylacji stopy,<\/p>\n<p>&#8211; zewn\u0119trzna a\u017curowa pow\u0142oka z tworzywa pokrywaj\u0105ca cholewk\u0119 odporna na \u015bcieranie i zabrudzenia,<\/p>\n<p>&#8211; buty sznurowane,<\/p>\n<p><strong>&#8211; mi\u0119kki j\u0119zyk i ko\u0142nierz podwy\u017csza komfort u\u017cytkowania,<\/strong><\/p>\n<p><strong>&#8211; wymienna wk\u0142adka,<\/strong><\/p>\n<p><strong>&#8211; podeszwa urze\u017abiona PU, monta\u017c metod\u0105 wtrysku,<\/strong><\/p>\n<p><strong>&#8211;<\/strong><strong> chroni\u0105ca przed po\u015blizgiem (SR),<\/strong><\/p>\n<p><strong>&#8211; <\/strong><strong>odporna na olej nap\u0119dowy<\/strong><strong> (FO),<\/strong><\/p>\n<p><strong>&#8211; dodatkowe usztywnienie na pi\u0119cie.<\/strong><\/p>\n<p>&nbsp;<\/p>\n<p><strong>Zastosowanie: <\/strong><strong>szczeg\u00f3lnie wa\u017cne dla os\u00f3b pracuj\u0105cych w miejscach, gdzie stosowane s\u0105 wykrywacze metali, w pobli\u017cu wszelkiego rodzaju urz\u0105dze\u0144 elektronicznych oraz dla alergik\u00f3w<\/strong><\/p>\n<p>&nbsp;<\/p>\n<p>Rozmiary 36-47.<\/p>\n<p><u>Waga obuwia jest u\u015bredniona<\/u><\/p>\n<p>Kategoria ochrony: <strong>O1<\/strong><\/p>\n<p>Certyfikat CE Kat. II <em>EN ISO 2034<\/em><em>7<\/em><em>:20<\/em><em>22<\/em>&#8211; opakowanie zbiorcze 1\/10<\/p>\n<\/div>\n<\/div>\n<\/div>\n<div class=\"col-lg-5 col-md-6 col-sm-6 col-12\">\n<div>P\u00f3\u0142buty<\/div>\n<h1>Buty AIRVENT MF O1<\/h1>\n<div>\n<p><strong>Buty robocze: p\u00f3\u0142buty bez podnoska\u00a0<\/strong><strong>metal free \u2013 bez element\u00f3w metalowych<\/strong><strong>, cholewka wykonana z elastycznego materia\u0142u <\/strong><strong>w\u0142\u00f3kienniczego<\/strong><\/p>\n<p><em>Certyfikat CE Kat. II<\/em><\/p>\n<p><strong>Kategoria ochrony: <\/strong><strong>O1<\/strong><\/p>\n<p>Opakowanie zbiorcze: 10 par<\/p>\n<p>Waga: 11\u00a0kg<\/p>\n<p>Opakowanie jednostkowe: 1 para<\/p>\n<p>opakowanie jednostkowe: 1<br \/>\nkarton: 10<\/p>\n<\/div>\n<div>\n<div class=\"d-flex\">\n<div class=\"align-items-center\"><\/div>\n<\/div>\n<\/div>\n<div>\n<div id=\"scroll-variants\" class=\"ps ps--active-y\"><\/div>\n<\/div>\n<\/div>\n","protected":false},"featured_media":1314,"template":"","meta":{"_et_pb_use_builder":"","_et_pb_old_content":"","_et_gb_content_width":""},"product_brand":[],"product_cat":[40,94],"product_tag":[],"class_list":{"0":"post-1315","1":"product","2":"type-product","3":"status-publish","4":"has-post-thumbnail","6":"product_cat-ochrona-nog","7":"product_cat-polbuty","9":"first","10":"instock","11":"shipping-taxable","12":"purchasable","13":"product-type-simple"},"_links":{"self":[{"href":"https:\/\/ani-mex.com\/index.php?rest_route=\/wp\/v2\/product\/1315","targetHints":{"allow":["GET"]}}],"collection":[{"href":"https:\/\/ani-mex.com\/index.php?rest_route=\/wp\/v2\/product"}],"about":[{"href":"https:\/\/ani-mex.com\/index.php?rest_route=\/wp\/v2\/types\/product"}],"wp:featuredmedia":[{"embeddable":true,"href":"https:\/\/ani-mex.com\/index.php?rest_route=\/wp\/v2\/media\/1314"}],"wp:attachment":[{"href":"https:\/\/ani-mex.com\/index.php?rest_route=%2Fwp%2Fv2%2Fmedia&parent=1315"}],"wp:term":[{"taxonomy":"product_brand","embeddable":true,"href":"https:\/\/ani-mex.com\/index.php?rest_route=%2Fwp%2Fv2%2Fproduct_brand&post=1315"},{"taxonomy":"product_cat","embeddable":true,"href":"https:\/\/ani-mex.com\/index.php?rest_route=%2Fwp%2Fv2%2Fproduct_cat&post=1315"},{"taxonomy":"product_tag","embeddable":true,"href":"https:\/\/ani-mex.com\/index.php?rest_route=%2Fwp%2Fv2%2Fproduct_tag&post=1315"}],"curies":[{"name":"wp","href":"https:\/\/api.w.org\/{rel}","templated":true}]}}