{"id":1347,"date":"2025-02-11T07:41:53","date_gmt":"2025-02-11T07:41:53","guid":{"rendered":"https:\/\/ani-mex.com\/?post_type=product&#038;p=1347"},"modified":"2025-02-11T07:41:53","modified_gmt":"2025-02-11T07:41:53","slug":"klapki-doctor-885-bialy","status":"publish","type":"product","link":"https:\/\/ani-mex.com\/?product=klapki-doctor-885-bialy","title":{"rendered":"Klapki DOCTOR 885 &#8211; bia\u0142y"},"content":{"rendered":"<p>Wykonane z wysokiej jako\u015bci tworzywa EVA, super lekkie, para wa\u017cy ok. 0,25 kg. Elastyczne, wygodne, rozmiary damsko\/ m\u0119skie. \u0141atwe w utrzymaniu czysto\u015bci, pasek na pi\u0119t\u0119, otwory zapewniaj\u0105ce cyrkulacj\u0119 powietrza, odporno\u015b\u0107 obuwia na po\u015blizg SRC.<\/p>\n","protected":false},"excerpt":{"rendered":"<p><strong>Klapki DOCTOR 855\/ LEMIGO.<\/strong> Lekkie i elastyczne obuwie wykonane z wielk\u0105 staranno\u015bci\u0105, by zadowoli\u0107 i zapewni\u0107 komfort ka\u017cdemu u\u017cytkownikowi. Wyst\u0119puj\u0105 w kolorze zielonym, rozmiary od 36 do 47. <strong>Wykonane<\/strong> <strong>z lekkiego, wodoodpornego i wytrzyma\u0142ego tworzywa EVA. <\/strong>Klapki s\u0105 niesamowicie wygodne, pianka EVA jest spr\u0119\u017cysta, dzi\u0119ki czemu \u015bwietnie absorbuje wstrz\u0105sy. Podeszwa zapewnia dobr\u0105 przyczepno\u015b\u0107. Klapki wyposa\u017cono w pasek na pi\u0119t\u0119, kt\u00f3ry utrzymuje obuwie we w\u0142a\u015bciwej pozycji, gwarantuje lepsz\u0105 stabilno\u015b\u0107. W cz\u0119\u015bci przedniej znajduj\u0105 si\u0119 otwory wentylacyjne zapewniaj\u0105 cyrkulacj\u0119 powietrza i zapobiegaj\u0105 zawilgoceniu. Idealne klapki do u\u017cytku codziennego, do ogrodu. Wyj\u0105tkowo \u0142atwe w czyszczeniu.<\/p>\n<p><strong>CECHY PRODUKTU<\/strong><\/p>\n<ul>\n<li><strong>Klapki DOCTOR 855\/ LEMIGO<\/strong><\/li>\n<li>Kolor: bia\u0142y, zielony, niebieski, granatowy<\/li>\n<li>Rozmiar: od 36 do 47<\/li>\n<li>Waga: 0.25g<\/li>\n<li>Super lekkie i elastyczne<\/li>\n<li>Pasek na pi\u0119t\u0119<\/li>\n<li>Otwory zapewniaj\u0105ce cyrkulacje powietrza<\/li>\n<li>\u0141atwo\u015b\u0107 utrzymania czysto\u015bci<\/li>\n<li>Komfort i wygoda noszenia<\/li>\n<li>Idealne klapki do u\u017cytku codziennego<\/li>\n<\/ul>\n","protected":false},"featured_media":1348,"template":"","meta":{"_et_pb_use_builder":"","_et_pb_old_content":"","_et_gb_content_width":""},"product_brand":[],"product_cat":[102,40],"product_tag":[],"class_list":{"0":"post-1347","1":"product","2":"type-product","3":"status-publish","4":"has-post-thumbnail","6":"product_cat-klapki-medyczne-profilaktyczne","7":"product_cat-ochrona-nog","9":"first","10":"instock","11":"shipping-taxable","12":"product-type-simple"},"_links":{"self":[{"href":"https:\/\/ani-mex.com\/index.php?rest_route=\/wp\/v2\/product\/1347","targetHints":{"allow":["GET"]}}],"collection":[{"href":"https:\/\/ani-mex.com\/index.php?rest_route=\/wp\/v2\/product"}],"about":[{"href":"https:\/\/ani-mex.com\/index.php?rest_route=\/wp\/v2\/types\/product"}],"wp:featuredmedia":[{"embeddable":true,"href":"https:\/\/ani-mex.com\/index.php?rest_route=\/wp\/v2\/media\/1348"}],"wp:attachment":[{"href":"https:\/\/ani-mex.com\/index.php?rest_route=%2Fwp%2Fv2%2Fmedia&parent=1347"}],"wp:term":[{"taxonomy":"product_brand","embeddable":true,"href":"https:\/\/ani-mex.com\/index.php?rest_route=%2Fwp%2Fv2%2Fproduct_brand&post=1347"},{"taxonomy":"product_cat","embeddable":true,"href":"https:\/\/ani-mex.com\/index.php?rest_route=%2Fwp%2Fv2%2Fproduct_cat&post=1347"},{"taxonomy":"product_tag","embeddable":true,"href":"https:\/\/ani-mex.com\/index.php?rest_route=%2Fwp%2Fv2%2Fproduct_tag&post=1347"}],"curies":[{"name":"wp","href":"https:\/\/api.w.org\/{rel}","templated":true}]}}