{"id":1368,"date":"2025-02-11T12:07:01","date_gmt":"2025-02-11T12:07:01","guid":{"rendered":"https:\/\/ani-mex.com\/?post_type=product&#038;p=1368"},"modified":"2025-02-11T12:07:01","modified_gmt":"2025-02-11T12:07:01","slug":"classic-stretch-slim-white-gray-spodnie-kat-i","status":"publish","type":"product","link":"https:\/\/ani-mex.com\/?product=classic-stretch-slim-white-gray-spodnie-kat-i","title":{"rendered":"CLASSIC STRETCH slim white-gray Spodnie kat. I"},"content":{"rendered":"<p><strong>Spodnie robocze <u>CLASSIC <\/u><\/strong><strong><u>STRETCH slim<\/u><\/strong><strong>, do pasa, grupa: ubrania robocze<\/strong><\/p>\n<p><strong>Dost\u0119pne kolory:<\/strong><\/p>\n<p><strong>&#8211; szaro-czarny z zielonymi wstawkami i elementami odblaskowymi,<\/strong><\/p>\n<p><strong>&#8211; granatowo-czarny z jasnoszarymi wstawkami i odblaskowymi elementami,<\/strong><\/p>\n<p><strong>&#8211; bia\u0142o-szary z jasnoszarymi wstawkami i odblaskowymi elementami.<\/strong><\/p>\n<p>&nbsp;<\/p>\n<p><strong>Gramatura 2<\/strong><strong>6<\/strong><strong>0 +\/-10 g\/m<sup>2 <\/sup><\/strong><\/p>\n<p>&nbsp;<\/p>\n<p>Opakowanie zbiorcze: 20 szt<\/p>\n<p>Waga: 15 kg<\/p>\n<p>Opakowanie jednostkowe: 1 szt<\/p>\n<p>Rozmiary: <strong>44-64<\/strong><\/p>\n<p>opakowanie jednostkowe: 1<br \/>\nkarton: 20<\/p>\n<p>&nbsp;<\/p>\n","protected":false},"excerpt":{"rendered":"<p>Spodnie ochronne <strong><u>CLASSIC <\/u><\/strong><strong><u>STRETCH slim<\/u><\/strong> do pasa, o wyj\u0105tkowo atrakcyjnym wzornictwie i doskona\u0142ej funkcjonalno\u015bci. Wygodny i <strong><u>nowoczesny <\/u><\/strong><strong><u>fason<\/u><\/strong><strong><u> Slim <\/u><\/strong><strong><u>doskonale<\/u><\/strong><strong><u> dopasow<\/u><\/strong><strong><u>uje<\/u><\/strong><strong><u> si\u0119 do <\/u><\/strong><strong><u>sylwetk<\/u><\/strong><u>i<\/u>, w \u017caden spos\u00f3b nie kr\u0119puj\u0105c ruch\u00f3w, dzi\u0119ki zastosowaniu materia\u0142u z dodatkiem elastanu. Wykonane z bardzo wytrzyma\u0142ej i elastycznej tkaniny typu canvas o sk\u0142adzie: 60% bawe\u0142na i 38% poliester, 2% spandex o gramaturze 260 +\/-10 g\/m<sup>2<\/sup> oraz mocnym zwartym splocie.<\/p>\n<p>Charakterystyka:<\/p>\n<p>&#8211; profesjonalne szycie i estetyka wykonania,<br \/>\n&#8211; <strong>czarny klin<\/strong>, potr\u00f3jne szwy oraz liczne solidne rygl\u00f3wki wzmacniaj\u0105ce miejsca szczeg\u00f3lnie nara\u017cone na rozerwanie,<\/p>\n<p>&#8211; elementy odblaskowe z przodu spodni,<br \/>\n&#8211; 10 funkcjonalnych kieszeni wzmocnionych tkanin\u0105 poliestrow\u0105 Oxford600D, szlufka na m\u0142otek. Kieszenie posiadaj\u0105ce klapk\u0119 zapinane s\u0105 na rzep.<br \/>\n&#8211; 2 kieszenie kolanowe z otworem od do\u0142u zapinane na rzep na nakolanniki. Kieszenie wzmocnione s\u0105 tkanin\u0105 poliester Oxford 600D, kt\u00f3ra charakteryzuje si\u0119 du\u017c\u0105 wytrzyma\u0142o\u015bci\u0105, odporno\u015bci\u0105 na \u015bcieranie i rozci\u0105ganie oraz wodoodporno\u015bci\u0105,<br \/>\n&#8211; klapki kieszeni bocznych i tylnej posiadaja funkcjonalny element z Oxfordu u\u0142atwiaj\u0105cy \u0142atwe utrzymanie cz\u0119sto u\u017cywanego elementu w czystosci,<\/p>\n<p>&#8211; zapinane z przodu na guzik i suwak,<br \/>\n&#8211; wygodny i praktyczny system regulacji obwodu pasa za pomoc\u0105 gumki w pasie,<br \/>\n&#8211; bardzo niska kurczliwo\u015b\u0107, nawet po wielokrotnym praniu<br \/>\n&#8211; stabilno\u015b\u0107 koloru<\/p>\n<p><strong>Dost\u0119pne kolory:<\/strong><\/p>\n<p><strong>&#8211; szaro-czarny z zielonymi wstawkami i elementami odblaskowymi,<\/strong><\/p>\n<p><strong>&#8211; granatowo-czarny z jasnoszarymi wstawkami i odblaskowymi elementami,<\/strong><\/p>\n<p><strong>&#8211; bia\u0142o-szary z jasnoszarymi wstawkami i odblaskowymi elementami.<\/strong><\/p>\n<p><em>CE kat. I <\/em><strong>EN ISO 13688:2013<\/strong><em> -opakowanie zbiorcze 1\/20<\/em><\/p>\n","protected":false},"featured_media":1370,"template":"","meta":{"_et_pb_use_builder":"","_et_pb_old_content":"","_et_gb_content_width":""},"product_brand":[],"product_cat":[37,89],"product_tag":[],"class_list":{"0":"post-1368","1":"product","2":"type-product","3":"status-publish","4":"has-post-thumbnail","6":"product_cat-ochrona-ciala","7":"product_cat-spodnie-do-pasa","9":"first","10":"instock","11":"shipping-taxable","12":"product-type-simple"},"_links":{"self":[{"href":"https:\/\/ani-mex.com\/index.php?rest_route=\/wp\/v2\/product\/1368","targetHints":{"allow":["GET"]}}],"collection":[{"href":"https:\/\/ani-mex.com\/index.php?rest_route=\/wp\/v2\/product"}],"about":[{"href":"https:\/\/ani-mex.com\/index.php?rest_route=\/wp\/v2\/types\/product"}],"wp:featuredmedia":[{"embeddable":true,"href":"https:\/\/ani-mex.com\/index.php?rest_route=\/wp\/v2\/media\/1370"}],"wp:attachment":[{"href":"https:\/\/ani-mex.com\/index.php?rest_route=%2Fwp%2Fv2%2Fmedia&parent=1368"}],"wp:term":[{"taxonomy":"product_brand","embeddable":true,"href":"https:\/\/ani-mex.com\/index.php?rest_route=%2Fwp%2Fv2%2Fproduct_brand&post=1368"},{"taxonomy":"product_cat","embeddable":true,"href":"https:\/\/ani-mex.com\/index.php?rest_route=%2Fwp%2Fv2%2Fproduct_cat&post=1368"},{"taxonomy":"product_tag","embeddable":true,"href":"https:\/\/ani-mex.com\/index.php?rest_route=%2Fwp%2Fv2%2Fproduct_tag&post=1368"}],"curies":[{"name":"wp","href":"https:\/\/api.w.org\/{rel}","templated":true}]}}