{"id":1381,"date":"2025-02-12T09:18:44","date_gmt":"2025-02-12T09:18:44","guid":{"rendered":"https:\/\/ani-mex.com\/?post_type=product&#038;p=1381"},"modified":"2025-02-12T09:18:44","modified_gmt":"2025-02-12T09:18:44","slug":"recznik-wzor-450-gsm","status":"publish","type":"product","link":"https:\/\/ani-mex.com\/?product=recznik-wzor-450-gsm","title":{"rendered":"R\u0118CZNIK WZ\u00d3R: 450 gsm"},"content":{"rendered":"<h3 class=\"subcategory__header-title page-title\"><\/h3>\n<div class=\"term-description\">\n<p>Tekstylia marki Detexpol wyr\u00f3\u017cniaj\u0105 si\u0119 wysok\u0105 jako\u015bci\u0105, starannym wykonaniem i du\u017c\u0105 wytrzyma\u0142o\u015bci\u0105, dlatego te\u017c mog\u0105 by\u0107 u\u017cytkowane przez d\u0142ugi czas zachowuj\u0105c swoje wyj\u0105tkowe w\u0142a\u015bciwo\u015bci.<br \/>\nW ofercie posiadamy szerok\u0105 gam\u0119 r\u0119cznik\u00f3w hotelowych oraz tkanin po\u015bcielowych.<\/p>\n<p>Je\u017celi zainteresowa\u0142a Pa\u0144stwa nasza oferta, zapraszamy do kontaktu<\/p>\n<\/div>\n","protected":false},"excerpt":{"rendered":"<h1 class=\"product_title entry-title\">R\u0118CZNIK WZ\u00d3R: 450 gsm<\/h1>\n<div class=\"woocommerce-product-details__short-description\">\n<p>100% bawe\u0142na<br \/>\n450 gsmm<\/p>\n<p>pakowanie<br \/>\n3 sztuki w worku<br \/>\n30 sztuk w kartonie<\/p>\n<table class=\"woocommerce-product-attributes shop_attributes\">\n<tbody>\n<tr class=\"woocommerce-product-attributes-item woocommerce-product-attributes-item--attribute_pa_kolor\">\n<th class=\"woocommerce-product-attributes-item__label\">Kolor<\/th>\n<td class=\"woocommerce-product-attributes-item__value\"><a href=\"https:\/\/detexpol.pl\/pl\/kolor\/bialy\/\" rel=\"tag\">Bia\u0142y<\/a><\/td>\n<\/tr>\n<tr class=\"woocommerce-product-attributes-item woocommerce-product-attributes-item--attribute_pa_rozmiar\">\n<th class=\"woocommerce-product-attributes-item__label\">Rozmiar<\/th>\n<td class=\"woocommerce-product-attributes-item__value\"><a href=\"https:\/\/detexpol.pl\/pl\/rozmiar\/50x100cm\/\" rel=\"tag\">50x100cm<\/a>, <a href=\"https:\/\/detexpol.pl\/pl\/rozmiar\/70x140cm\/\" rel=\"tag\">70x140cm<\/a><\/td>\n<\/tr>\n<\/tbody>\n<\/table>\n<\/div>\n","protected":false},"featured_media":1382,"template":"","meta":{"_et_pb_use_builder":"","_et_pb_old_content":"","_et_gb_content_width":""},"product_brand":[],"product_cat":[50],"product_tag":[],"class_list":{"0":"post-1381","1":"product","2":"type-product","3":"status-publish","4":"has-post-thumbnail","6":"product_cat-produkty-hotelowe","8":"first","9":"instock","10":"shipping-taxable","11":"product-type-simple"},"_links":{"self":[{"href":"https:\/\/ani-mex.com\/index.php?rest_route=\/wp\/v2\/product\/1381","targetHints":{"allow":["GET"]}}],"collection":[{"href":"https:\/\/ani-mex.com\/index.php?rest_route=\/wp\/v2\/product"}],"about":[{"href":"https:\/\/ani-mex.com\/index.php?rest_route=\/wp\/v2\/types\/product"}],"wp:featuredmedia":[{"embeddable":true,"href":"https:\/\/ani-mex.com\/index.php?rest_route=\/wp\/v2\/media\/1382"}],"wp:attachment":[{"href":"https:\/\/ani-mex.com\/index.php?rest_route=%2Fwp%2Fv2%2Fmedia&parent=1381"}],"wp:term":[{"taxonomy":"product_brand","embeddable":true,"href":"https:\/\/ani-mex.com\/index.php?rest_route=%2Fwp%2Fv2%2Fproduct_brand&post=1381"},{"taxonomy":"product_cat","embeddable":true,"href":"https:\/\/ani-mex.com\/index.php?rest_route=%2Fwp%2Fv2%2Fproduct_cat&post=1381"},{"taxonomy":"product_tag","embeddable":true,"href":"https:\/\/ani-mex.com\/index.php?rest_route=%2Fwp%2Fv2%2Fproduct_tag&post=1381"}],"curies":[{"name":"wp","href":"https:\/\/api.w.org\/{rel}","templated":true}]}}