{"id":1393,"date":"2025-02-12T10:00:50","date_gmt":"2025-02-12T10:00:50","guid":{"rendered":"https:\/\/ani-mex.com\/?post_type=product&#038;p=1393"},"modified":"2025-02-12T10:00:51","modified_gmt":"2025-02-12T10:00:51","slug":"poszwa-na-koldre-wzor-pasek-2-cm","status":"publish","type":"product","link":"https:\/\/ani-mex.com\/?product=poszwa-na-koldre-wzor-pasek-2-cm","title":{"rendered":"POSZWA NA KO\u0141DR\u0118 WZ\u00d3R: pasek 2 cm"},"content":{"rendered":"<div class=\"woocommerce-product-details__short-description\">\n<p>50% bawe\u0142na, 50% poliester<br \/>\n140 gsm<\/p>\n<p>pakowanie:<br \/>\n2 sztuki w worku<br \/>\n20 sztuk w kartonie<\/p>\n<\/div>\n","protected":false},"excerpt":{"rendered":"<table class=\"woocommerce-product-attributes shop_attributes\">\n<tbody>\n<tr class=\"woocommerce-product-attributes-item woocommerce-product-attributes-item--attribute_pa_kolor\">\n<th class=\"woocommerce-product-attributes-item__label\">Kolor<\/th>\n<td class=\"woocommerce-product-attributes-item__value\"><a href=\"https:\/\/detexpol.pl\/pl\/kolor\/bialy\/\" rel=\"tag\">Bia\u0142y<\/a><\/td>\n<\/tr>\n<tr class=\"woocommerce-product-attributes-item woocommerce-product-attributes-item--attribute_pa_motyw\">\n<th class=\"woocommerce-product-attributes-item__label\">Motyw<\/th>\n<td class=\"woocommerce-product-attributes-item__value\"><a href=\"https:\/\/detexpol.pl\/pl\/motyw\/geometria\/\" rel=\"tag\">Geometria<\/a><\/td>\n<\/tr>\n<tr class=\"woocommerce-product-attributes-item woocommerce-product-attributes-item--attribute_pa_rozmiar\">\n<th class=\"woocommerce-product-attributes-item__label\">Rozmiar<\/th>\n<td class=\"woocommerce-product-attributes-item__value\"><a href=\"https:\/\/detexpol.pl\/pl\/rozmiar\/140x200pl\/\" rel=\"tag\">140x200cm<\/a>, <a href=\"https:\/\/detexpol.pl\/pl\/rozmiar\/160x200cm\/\" rel=\"tag\">160x200cm<\/a><\/td>\n<\/tr>\n<\/tbody>\n<\/table>\n","protected":false},"featured_media":1394,"template":"","meta":{"_et_pb_use_builder":"","_et_pb_old_content":"","_et_gb_content_width":""},"product_brand":[],"product_cat":[50],"product_tag":[],"class_list":{"0":"post-1393","1":"product","2":"type-product","3":"status-publish","4":"has-post-thumbnail","6":"product_cat-produkty-hotelowe","8":"first","9":"instock","10":"shipping-taxable","11":"product-type-simple"},"_links":{"self":[{"href":"https:\/\/ani-mex.com\/index.php?rest_route=\/wp\/v2\/product\/1393","targetHints":{"allow":["GET"]}}],"collection":[{"href":"https:\/\/ani-mex.com\/index.php?rest_route=\/wp\/v2\/product"}],"about":[{"href":"https:\/\/ani-mex.com\/index.php?rest_route=\/wp\/v2\/types\/product"}],"wp:featuredmedia":[{"embeddable":true,"href":"https:\/\/ani-mex.com\/index.php?rest_route=\/wp\/v2\/media\/1394"}],"wp:attachment":[{"href":"https:\/\/ani-mex.com\/index.php?rest_route=%2Fwp%2Fv2%2Fmedia&parent=1393"}],"wp:term":[{"taxonomy":"product_brand","embeddable":true,"href":"https:\/\/ani-mex.com\/index.php?rest_route=%2Fwp%2Fv2%2Fproduct_brand&post=1393"},{"taxonomy":"product_cat","embeddable":true,"href":"https:\/\/ani-mex.com\/index.php?rest_route=%2Fwp%2Fv2%2Fproduct_cat&post=1393"},{"taxonomy":"product_tag","embeddable":true,"href":"https:\/\/ani-mex.com\/index.php?rest_route=%2Fwp%2Fv2%2Fproduct_tag&post=1393"}],"curies":[{"name":"wp","href":"https:\/\/api.w.org\/{rel}","templated":true}]}}