{"id":1532,"date":"2025-02-20T07:33:34","date_gmt":"2025-02-20T07:33:34","guid":{"rendered":"https:\/\/ani-mex.com\/?post_type=product&#038;p=1532"},"modified":"2025-02-20T11:16:06","modified_gmt":"2025-02-20T11:16:06","slug":"tasma-antyposlizgowa-czarna-50mm-x-18m","status":"publish","type":"product","link":"https:\/\/ani-mex.com\/?product=tasma-antyposlizgowa-czarna-50mm-x-18m","title":{"rendered":"TA\u015aMA ANTYPO\u015aLIZGOWA CZARNA 50mm x 18m"},"content":{"rendered":"","protected":false},"excerpt":{"rendered":"<p>Ta\u015bma antypo\u015blizgowa stosowana jest do oznaczania miejsc niebezpiecznych co w znacz\u0105cy spos\u00f3b zmniejsza ryzyko po\u015blizgni\u0119cia si\u0119. Ta\u015bma antypo\u015blizgowa swoje zastosowanie znajduje w domach, szko\u0142ach, szpitalach, zak\u0142adach pracy, magazynach oraz wszelkich innych instytucjach jako \u015brodek bezpiecze\u0144stwa. Idealna do zabezpieczenia schod\u00f3w, podest\u00f3w, rusztowa\u0144 a tak\u017ce innych \u015bliskich powierzchni. Dzi\u0119ki chropowatej powierzchni oraz odporno\u015bci na wilgo\u0107 mo\u017ce by\u0107 u\u017cyta w miejscach szczeg\u00f3lnie nara\u017conych na po\u015blizg jak baseny, \u0142azienki, kuchnie itp. Ta\u015bmy antypo\u015blizgowe dzi\u0119ki zastosowaniu bardzo mocnego kleju mo\u017cna przykleja\u0107 na suche, czyste i odt\u0142uszczone powierzchnie drewniane, metalowe, ceramiczne i wi\u0119kszo\u015b\u0107 innych g\u0142adkich pod\u0142o\u017cy. \u00a0Mo\u017cna stosowa\u0107 je zar\u00f3wno wewn\u0105trz jak i na zewn\u0105trz pomieszcze\u0144 (przykleja\u0107 nale\u017cy w temperaturach dodatnich). Ta\u015bmy te s\u0105 odporne na \u015bcieranie i promieniowanie UV.<\/p>\n<p><strong>Zalety ta\u015bmy antypo\u015blizgowej:<\/strong><\/p>\n<ul>\n<li>doskona\u0142e zabezpieczenie antypo\u015blizgowe<\/li>\n<li>widoczne odznaczenie stref niebezpiecznych oraz nara\u017conych na po\u015blizg<\/li>\n<li>bardzo du\u017ca si\u0142a klejenia do r\u00f3\u017cnorodnych powierzchni<\/li>\n<li>wysoka odporno\u015b\u0107 na warunki atmosferyczne i starzenie<\/li>\n<li><strong>Dane techniczne ta\u015bmy:<\/strong>Szeroko\u015b\u0107 rolki: 50mm\n<p>D\u0142ugo\u015b\u0107 ta\u015bmy: 18,3mb<\/p>\n<p>Rodzaj kleju: kauczuk<\/p>\n<p>Kolor ta\u015bmy:\u00a0czarna<\/li>\n<\/ul>\n","protected":false},"featured_media":1533,"template":"","meta":{"_et_pb_use_builder":"","_et_pb_old_content":"","_et_gb_content_width":""},"product_brand":[],"product_cat":[47],"product_tag":[],"class_list":{"0":"post-1532","1":"product","2":"type-product","3":"status-publish","4":"has-post-thumbnail","6":"product_cat-pozostale","8":"first","9":"instock","10":"shipping-taxable","11":"product-type-simple"},"_links":{"self":[{"href":"https:\/\/ani-mex.com\/index.php?rest_route=\/wp\/v2\/product\/1532","targetHints":{"allow":["GET"]}}],"collection":[{"href":"https:\/\/ani-mex.com\/index.php?rest_route=\/wp\/v2\/product"}],"about":[{"href":"https:\/\/ani-mex.com\/index.php?rest_route=\/wp\/v2\/types\/product"}],"wp:featuredmedia":[{"embeddable":true,"href":"https:\/\/ani-mex.com\/index.php?rest_route=\/wp\/v2\/media\/1533"}],"wp:attachment":[{"href":"https:\/\/ani-mex.com\/index.php?rest_route=%2Fwp%2Fv2%2Fmedia&parent=1532"}],"wp:term":[{"taxonomy":"product_brand","embeddable":true,"href":"https:\/\/ani-mex.com\/index.php?rest_route=%2Fwp%2Fv2%2Fproduct_brand&post=1532"},{"taxonomy":"product_cat","embeddable":true,"href":"https:\/\/ani-mex.com\/index.php?rest_route=%2Fwp%2Fv2%2Fproduct_cat&post=1532"},{"taxonomy":"product_tag","embeddable":true,"href":"https:\/\/ani-mex.com\/index.php?rest_route=%2Fwp%2Fv2%2Fproduct_tag&post=1532"}],"curies":[{"name":"wp","href":"https:\/\/api.w.org\/{rel}","templated":true}]}}