{"id":1538,"date":"2025-02-20T09:01:05","date_gmt":"2025-02-20T09:01:05","guid":{"rendered":"https:\/\/ani-mex.com\/?post_type=product&#038;p=1538"},"modified":"2025-02-20T09:03:11","modified_gmt":"2025-02-20T09:03:11","slug":"tasma-ostrzegawcza-tred-200-bialo-czerwona","status":"publish","type":"product","link":"https:\/\/ani-mex.com\/?product=tasma-ostrzegawcza-tred-200-bialo-czerwona","title":{"rendered":"Ta\u015bma ostrzegawcza TRED 100 bia\u0142o-czerwona 100m"},"content":{"rendered":"","protected":false},"excerpt":{"rendered":"<p>TA\u015aMA OSTRZEGAWCZO-OZNACZENIOWA PE<\/p>\n<p><strong><em>Rolki 100 m.<\/em><\/strong><\/p>\n<p>opakowanie jednostkowe: 1<br \/>\nkarton: 40<\/p>\n<div id=\"nav-text\" class=\"tab-pane fade show active\" role=\"tabpanel\" aria-labelledby=\"nav-text-tab\">\n<p>TA\u015aMA OSTRZEGAWCZO-OZNACZENIOWA PE<\/p>\n<ul>\n<li>szeroko\u015b\u0107 70 mm\/3- (tolerancja rozmiaru +\/- 10%).<\/li>\n<\/ul>\n<\/div>\n<p>&nbsp;<\/p>\n","protected":false},"featured_media":1539,"template":"","meta":{"_et_pb_use_builder":"","_et_pb_old_content":"","_et_gb_content_width":""},"product_brand":[],"product_cat":[47],"product_tag":[],"class_list":{"0":"post-1538","1":"product","2":"type-product","3":"status-publish","4":"has-post-thumbnail","6":"product_cat-pozostale","8":"first","9":"instock","10":"shipping-taxable","11":"product-type-simple"},"_links":{"self":[{"href":"https:\/\/ani-mex.com\/index.php?rest_route=\/wp\/v2\/product\/1538","targetHints":{"allow":["GET"]}}],"collection":[{"href":"https:\/\/ani-mex.com\/index.php?rest_route=\/wp\/v2\/product"}],"about":[{"href":"https:\/\/ani-mex.com\/index.php?rest_route=\/wp\/v2\/types\/product"}],"wp:featuredmedia":[{"embeddable":true,"href":"https:\/\/ani-mex.com\/index.php?rest_route=\/wp\/v2\/media\/1539"}],"wp:attachment":[{"href":"https:\/\/ani-mex.com\/index.php?rest_route=%2Fwp%2Fv2%2Fmedia&parent=1538"}],"wp:term":[{"taxonomy":"product_brand","embeddable":true,"href":"https:\/\/ani-mex.com\/index.php?rest_route=%2Fwp%2Fv2%2Fproduct_brand&post=1538"},{"taxonomy":"product_cat","embeddable":true,"href":"https:\/\/ani-mex.com\/index.php?rest_route=%2Fwp%2Fv2%2Fproduct_cat&post=1538"},{"taxonomy":"product_tag","embeddable":true,"href":"https:\/\/ani-mex.com\/index.php?rest_route=%2Fwp%2Fv2%2Fproduct_tag&post=1538"}],"curies":[{"name":"wp","href":"https:\/\/api.w.org\/{rel}","templated":true}]}}