{"id":1540,"date":"2025-02-20T11:00:29","date_gmt":"2025-02-20T11:00:29","guid":{"rendered":"https:\/\/ani-mex.com\/?post_type=product&#038;p=1540"},"modified":"2025-02-20T11:00:29","modified_gmt":"2025-02-20T11:00:29","slug":"wesel-pasek-elastyczny-z-klamra-metalowa-czarny-uni-130cm","status":"publish","type":"product","link":"https:\/\/ani-mex.com\/?product=wesel-pasek-elastyczny-z-klamra-metalowa-czarny-uni-130cm","title":{"rendered":"WESEL pasek elastyczny z klamr\u0105 metalow\u0105 czarny uni 130cm"},"content":{"rendered":"<p>Pasek do spodni WESEL to po\u0142\u0105czenie funkcjonalno\u015bci ze \u015bwietnym designem. Jest\u00a0to tkany pas p\u0142\u00f3cienny, kt\u00f3ry dzi\u0119ki swojej grubo\u015bci, zapewni maksymaln\u0105 trwa\u0142o\u015b\u0107 i\u00a0wygod\u0119.<\/p>\n","protected":false},"excerpt":{"rendered":"<div id=\"opis-produktu\" class=\"wpb_row vc_row-fluid vc_row inner_row  vc_custom_1626868672803 right_padding_89px left_padding_89px top_padding_tablet_34px bottom_padding_tablet_0px right_padding_tablet_34px left_padding_tablet_34px\" data-midnight=\"\" data-column-margin=\"default\">\n<div class=\"row_col_wrap_12_inner col span_12  left\">\n<div class=\"vc_col-sm-8 wpb_column column_container vc_column_container col child_column no-extra-padding inherit_tablet inherit_phone \" data-padding-pos=\"all\" data-has-bg-color=\"false\" data-bg-color=\"\" data-bg-opacity=\"1\" data-animation=\"\" data-delay=\"0\">\n<div class=\"vc_column-inner\">\n<div class=\"wpb_wrapper\">\n<div class=\"wpb_text_column wpb_content_element \">\n<div class=\"wpb_wrapper\">\n<p>Pasek do spodni WESEL to po\u0142\u0105czenie funkcjonalno\u015bci ze \u015bwietnym designem. Jest\u00a0to tkany pas p\u0142\u00f3cienny, kt\u00f3ry dzi\u0119ki swojej grubo\u015bci, zapewni maksymaln\u0105 trwa\u0142o\u015b\u0107 i\u00a0wygod\u0119. Sprawdzi si\u0119 zar\u00f3wno do spodni roboczych, jak i\u00a0do odzie\u017cy na co dzie\u0144. Uniwersalny kolor czarny sprawia, \u017ce pasuje do d\u017cins\u00f3w, spodni sztruksowych, boj\u00f3wek, a\u00a0tak\u017ce spodni roboczych. Pasek wykonany jest w\u00a030%\u00a0z gumy oraz 70%\u00a0z polipropylenu i\u00a0dzi\u0119ki temu\u00a0jest elastyczny. Wysokiej jako\u015bci metalowa klamra z\u00a0logo\u00a0zapewnia\u00a0mo\u017cliwo\u015b\u0107 regulacji.<\/p>\n<\/div>\n<\/div>\n<\/div>\n<\/div>\n<\/div>\n<div class=\"vc_col-sm-2 wpb_column column_container vc_column_container col child_column no-extra-padding inherit_tablet inherit_phone \" data-padding-pos=\"all\" data-has-bg-color=\"false\" data-bg-color=\"\" data-bg-opacity=\"1\" data-animation=\"\" data-delay=\"0\">\n<div class=\"vc_column-inner\">\n<div class=\"wpb_wrapper\"><\/div>\n<\/div>\n<\/div>\n<\/div>\n<\/div>\n<div id=\"charakterystyka\" class=\"wpb_row vc_row-fluid vc_row inner_row  vc_custom_1626868683321 right_padding_89px left_padding_89px bottom_padding_tablet_0px right_padding_tablet_34px left_padding_tablet_34px\" data-midnight=\"\" data-column-margin=\"default\">\n<div class=\"row-bg-wrap\">\n<div class=\"row-bg\">\n<ul>\n<li>materia\u0142: 30%\u00a0guma, 70%\u00a0polipropylen;<\/li>\n<li><i class=\"icon-default-style fa fa-check-circle extra-color-1\"><\/i> 130\u00a0cm d\u0142ugo\u015bci;<\/li>\n<li><i class=\"icon-default-style fa fa-check-circle extra-color-1\"><\/i> oko\u0142o 38\u00a0mm szeroko\u015bci i\u00a02\u00a0mm grubo\u015bci;<\/li>\n<li><i class=\"icon-default-style fa fa-check-circle extra-color-1\"><\/i> uniwersalny pasek w\u00a0kolorze czarnym;<\/li>\n<li><i class=\"icon-default-style fa fa-check-circle extra-color-1\"><\/i> mocny i\u00a0wytrzyma\u0142y;<\/li>\n<li><i class=\"icon-default-style fa fa-check-circle extra-color-1\"><\/i> metalowa klamra z\u00a0logo;<\/li>\n<li><i class=\"icon-default-style fa fa-check-circle extra-color-1\"><\/i> zapewnia maksymaln\u0105 wygod\u0119.<\/li>\n<\/ul>\n<\/div>\n<\/div>\n<div class=\"row_col_wrap_12_inner col span_12  left\">\n<div class=\"vc_col-sm-2 wpb_column column_container vc_column_container col child_column no-extra-padding inherit_tablet inherit_phone \" data-padding-pos=\"all\" data-has-bg-color=\"false\" data-bg-color=\"\" data-bg-opacity=\"1\" data-animation=\"\" data-delay=\"0\">\n<div class=\"vc_column-inner\">\n<div class=\"wpb_wrapper\"><\/div>\n<\/div>\n<\/div>\n<div class=\"vc_col-sm-8 wpb_column column_container vc_column_container col child_column no-extra-padding inherit_tablet inherit_phone \" data-padding-pos=\"all\" data-has-bg-color=\"false\" data-bg-color=\"\" data-bg-opacity=\"1\" data-animation=\"\" data-delay=\"0\">\n<div class=\"vc_column-inner\">\n<div class=\"wpb_wrapper\">\n<div class=\"divider-wrap\" data-alignment=\"default\">\n<div class=\"divider-border\" data-width=\"100%\" data-animate=\"\" data-animation-delay=\"\" data-color=\"default\"><\/div>\n<\/div>\n<\/div>\n<\/div>\n<\/div>\n<\/div>\n<\/div>\n","protected":false},"featured_media":1541,"template":"","meta":{"_et_pb_use_builder":"","_et_pb_old_content":"","_et_gb_content_width":""},"product_brand":[],"product_cat":[47],"product_tag":[],"class_list":{"0":"post-1540","1":"product","2":"type-product","3":"status-publish","4":"has-post-thumbnail","6":"product_cat-pozostale","8":"first","9":"instock","10":"shipping-taxable","11":"purchasable","12":"product-type-simple"},"_links":{"self":[{"href":"https:\/\/ani-mex.com\/index.php?rest_route=\/wp\/v2\/product\/1540","targetHints":{"allow":["GET"]}}],"collection":[{"href":"https:\/\/ani-mex.com\/index.php?rest_route=\/wp\/v2\/product"}],"about":[{"href":"https:\/\/ani-mex.com\/index.php?rest_route=\/wp\/v2\/types\/product"}],"wp:featuredmedia":[{"embeddable":true,"href":"https:\/\/ani-mex.com\/index.php?rest_route=\/wp\/v2\/media\/1541"}],"wp:attachment":[{"href":"https:\/\/ani-mex.com\/index.php?rest_route=%2Fwp%2Fv2%2Fmedia&parent=1540"}],"wp:term":[{"taxonomy":"product_brand","embeddable":true,"href":"https:\/\/ani-mex.com\/index.php?rest_route=%2Fwp%2Fv2%2Fproduct_brand&post=1540"},{"taxonomy":"product_cat","embeddable":true,"href":"https:\/\/ani-mex.com\/index.php?rest_route=%2Fwp%2Fv2%2Fproduct_cat&post=1540"},{"taxonomy":"product_tag","embeddable":true,"href":"https:\/\/ani-mex.com\/index.php?rest_route=%2Fwp%2Fv2%2Fproduct_tag&post=1540"}],"curies":[{"name":"wp","href":"https:\/\/api.w.org\/{rel}","templated":true}]}}