{"id":1545,"date":"2025-02-20T11:04:55","date_gmt":"2025-02-20T11:04:55","guid":{"rendered":"https:\/\/ani-mex.com\/?post_type=product&#038;p=1545"},"modified":"2025-02-20T11:04:55","modified_gmt":"2025-02-20T11:04:55","slug":"orke-pasek-parciany-czarny-uni-130-cm","status":"publish","type":"product","link":"https:\/\/ani-mex.com\/?product=orke-pasek-parciany-czarny-uni-130-cm","title":{"rendered":"ORKE pasek parciany czarny uni 130 cm"},"content":{"rendered":"<div class=\"vc_col-sm-2 wpb_column column_container vc_column_container col child_column no-extra-padding inherit_tablet inherit_phone \" data-padding-pos=\"all\" data-has-bg-color=\"false\" data-bg-color=\"\" data-bg-opacity=\"1\" data-animation=\"\" data-delay=\"0\">\n<div class=\"vc_column-inner\">\n<div class=\"wpb_wrapper\"><\/div>\n<\/div>\n<\/div>\n<div class=\"vc_col-sm-8 wpb_column column_container vc_column_container col child_column no-extra-padding inherit_tablet inherit_phone \" data-padding-pos=\"all\" data-has-bg-color=\"false\" data-bg-color=\"\" data-bg-opacity=\"1\" data-animation=\"\" data-delay=\"0\">\n<div class=\"vc_column-inner\">\n<div class=\"wpb_wrapper\">\n<div class=\"wpb_text_column wpb_content_element \">\n<div class=\"wpb_wrapper\">\n<h3><\/h3>\n<\/div>\n<\/div>\n<div class=\"wpb_text_column wpb_content_element \">\n<div class=\"wpb_wrapper\">\n<p>Pasek parciany w\u00a0uniwersalnym rozmiarze oraz praktycznym czarnym kolorze. Wygodna regulacja paska umo\u017cliwia dopasowanie d\u0142ugo\u015bci do indywidualnych potrzeb. Dobrze komponuje si\u0119 d\u017cinsami, spodniami sztruksowymi, boj\u00f3wkami, a\u00a0tak\u017ce spodniami roboczymi.<\/p>\n<\/div>\n<\/div>\n<\/div>\n<\/div>\n<\/div>\n","protected":false},"excerpt":{"rendered":"<ul>\n<li>materia\u0142: 25%\u00a0poliester, 75%\u00a0bawe\u0142na<\/li>\n<li><i class=\"icon-default-style fa fa-check-circle extra-color-1\"><\/i> mocny i\u00a0wytrzyma\u0142y<\/li>\n<li><i class=\"icon-default-style fa fa-check-circle extra-color-1\"><\/i> m\u0119ski<\/li>\n<li><i class=\"icon-default-style fa fa-check-circle extra-color-1\"><\/i> zapinany na 2\u00a0metalowe, prostok\u0105tne klamry.<\/li>\n<\/ul>\n","protected":false},"featured_media":1546,"template":"","meta":{"_et_pb_use_builder":"","_et_pb_old_content":"","_et_gb_content_width":""},"product_brand":[],"product_cat":[47],"product_tag":[],"class_list":{"0":"post-1545","1":"product","2":"type-product","3":"status-publish","4":"has-post-thumbnail","6":"product_cat-pozostale","8":"first","9":"instock","10":"shipping-taxable","11":"purchasable","12":"product-type-simple"},"_links":{"self":[{"href":"https:\/\/ani-mex.com\/index.php?rest_route=\/wp\/v2\/product\/1545","targetHints":{"allow":["GET"]}}],"collection":[{"href":"https:\/\/ani-mex.com\/index.php?rest_route=\/wp\/v2\/product"}],"about":[{"href":"https:\/\/ani-mex.com\/index.php?rest_route=\/wp\/v2\/types\/product"}],"wp:featuredmedia":[{"embeddable":true,"href":"https:\/\/ani-mex.com\/index.php?rest_route=\/wp\/v2\/media\/1546"}],"wp:attachment":[{"href":"https:\/\/ani-mex.com\/index.php?rest_route=%2Fwp%2Fv2%2Fmedia&parent=1545"}],"wp:term":[{"taxonomy":"product_brand","embeddable":true,"href":"https:\/\/ani-mex.com\/index.php?rest_route=%2Fwp%2Fv2%2Fproduct_brand&post=1545"},{"taxonomy":"product_cat","embeddable":true,"href":"https:\/\/ani-mex.com\/index.php?rest_route=%2Fwp%2Fv2%2Fproduct_cat&post=1545"},{"taxonomy":"product_tag","embeddable":true,"href":"https:\/\/ani-mex.com\/index.php?rest_route=%2Fwp%2Fv2%2Fproduct_tag&post=1545"}],"curies":[{"name":"wp","href":"https:\/\/api.w.org\/{rel}","templated":true}]}}