{"id":1598,"date":"2025-09-02T10:53:46","date_gmt":"2025-09-02T10:53:46","guid":{"rendered":"https:\/\/ani-mex.com\/?post_type=product&#038;p=1598"},"modified":"2025-09-02T10:53:46","modified_gmt":"2025-09-02T10:53:46","slug":"koc-gasniczy-szklany-1-2-x-1-8-m","status":"publish","type":"product","link":"https:\/\/ani-mex.com\/?product=koc-gasniczy-szklany-1-2-x-1-8-m","title":{"rendered":"Koc ga\u015bniczy szklany 1.2 x 1.8 m"},"content":{"rendered":"<p>Koc ga\u015bniczy szklany 1,2 x 1,8 m 97-674 marki NEO wykonany zosta\u0142 w 100% z w\u0142\u00f3kna szklanego. Charakteryzuje si\u0119<b> wymiarami 1,2 x 1,8\u00a0<\/b><\/p>\n<div class=\"mp4t_16_s mryx_16_s mr3m_1 mli2_1 mh85_56 mh85_0_l\">\n<div class=\"mgn2_16 _0d3bd_am0a-\">\n<h2>Charakterystyka produktu:<\/h2>\n<p><b>\u2714\ufe0f<\/b>wykonany z 100% w\u0142\u00f3kna szklanego<\/p>\n<p><b>\u2714\ufe0f<\/b>wymiary 1,2m x 1,8m<\/p>\n<p><b>\u2714\ufe0f<\/b>zapakowany w czerwony pokrowiec z otworem do powieszenia na \u015bcianie<\/p>\n<p><b>\u2714\ufe0f<\/b>nie przepuszcza smar\u00f3w i olej\u00f3w, co zmniejsza ryzyko ponownego zap\u0142onu<\/p>\n<p><b>\u2714\ufe0f<\/b>wytrzyma\u0142o\u015b\u0107 do 500\u00b0C<\/p>\n<p><b>\u2714\ufe0f<\/b>certyfikat na zgodno\u015b\u0107 z norm\u0105 EN-1869:2019<\/p>\n<p>Zapakowany w czerwony pokrowiec z otworem <b>do powieszenia na \u015bcianie, jest zawsze gotowy do u\u017cycia<\/b>. Nie przepuszcza smar\u00f3w oraz olej\u00f3w, co znacz\u0105co zmniejsza ryzyko ponownego zap\u0142onu.<\/p>\n<p>Posiada <b>wytrzyma\u0142o\u015b\u0107 do 500 \u00b0C<\/b>. Jest zgodny z norm\u0105 EN-1869:2019. Niezb\u0119dny w sytuacji ma\u0142ych po\u017car\u00f3w w domu lub miejscu pracy.<\/p>\n<div class=\"mp4t_16_s mryx_16_s mr3m_1 mli2_1 mh85_56 mh85_0_l\">\n<div class=\"mgn2_16 _0d3bd_am0a-\">\n<ul>\n<li><b>D\u0142ugo\u015b\u0107 ca\u0142kowita produktu:<\/b> 1.8 m<\/li>\n<li><b>Ilo\u015b\u0107 sztuk w zestawie:<\/b> 1 szt<\/li>\n<li><b>Materia\u0142 wykonania produktu:<\/b> w\u0142\u00f3kno szklane<\/li>\n<li><b>Szeroko\u015b\u0107 ca\u0142kowita produktu:<\/b> 1.2 m<\/li>\n<li><b>Waga netto:<\/b> 970 g<\/li>\n<\/ul>\n<\/div>\n<\/div>\n<\/div>\n<\/div>\n","protected":false},"excerpt":{"rendered":"<p>Koc ga\u015bniczy szklany 1,2 x 1,8 m 97-674 marki NEO wykonany zosta\u0142 w 100% z w\u0142\u00f3kna szklanego. Charakteryzuje si\u0119<b> wymiarami 1,2 x 1,8\u00a0<\/b><\/p>\n<div class=\"mp4t_16_s mryx_16_s mr3m_1 mli2_1 mh85_56 mh85_0_l\">\n<div class=\"mgn2_16 _0d3bd_am0a-\">\n<h2>Charakterystyka produktu:<\/h2>\n<p><b>\u2714\ufe0f<\/b>wykonany z 100% w\u0142\u00f3kna szklanego<\/p>\n<p><b>\u2714\ufe0f<\/b>wymiary 1,2m x 1,8m<\/p>\n<p><b>\u2714\ufe0f<\/b>zapakowany w czerwony pokrowiec z otworem do powieszenia na \u015bcianie<\/p>\n<p><b>\u2714\ufe0f<\/b>nie przepuszcza smar\u00f3w i olej\u00f3w, co zmniejsza ryzyko ponownego zap\u0142onu<\/p>\n<p><b>\u2714\ufe0f<\/b>wytrzyma\u0142o\u015b\u0107 do 500\u00b0C<\/p>\n<p><b>\u2714\ufe0f<\/b>certyfikat na zgodno\u015b\u0107 z norm\u0105 EN-1869:2019<\/p>\n<p>Zapakowany w czerwony pokrowiec z otworem <b>do powieszenia na \u015bcianie, jest zawsze gotowy do u\u017cycia<\/b>. Nie przepuszcza smar\u00f3w oraz olej\u00f3w, co znacz\u0105co zmniejsza ryzyko ponownego zap\u0142onu.<\/p>\n<\/div>\n<\/div>\n","protected":false},"featured_media":1599,"template":"","meta":{"_et_pb_use_builder":"","_et_pb_old_content":"","_et_gb_content_width":""},"product_brand":[],"product_cat":[107],"product_tag":[],"class_list":{"0":"post-1598","1":"product","2":"type-product","3":"status-publish","4":"has-post-thumbnail","6":"product_cat-przeciwpozarowe","8":"first","9":"instock","10":"shipping-taxable","11":"purchasable","12":"product-type-simple"},"_links":{"self":[{"href":"https:\/\/ani-mex.com\/index.php?rest_route=\/wp\/v2\/product\/1598","targetHints":{"allow":["GET"]}}],"collection":[{"href":"https:\/\/ani-mex.com\/index.php?rest_route=\/wp\/v2\/product"}],"about":[{"href":"https:\/\/ani-mex.com\/index.php?rest_route=\/wp\/v2\/types\/product"}],"wp:featuredmedia":[{"embeddable":true,"href":"https:\/\/ani-mex.com\/index.php?rest_route=\/wp\/v2\/media\/1599"}],"wp:attachment":[{"href":"https:\/\/ani-mex.com\/index.php?rest_route=%2Fwp%2Fv2%2Fmedia&parent=1598"}],"wp:term":[{"taxonomy":"product_brand","embeddable":true,"href":"https:\/\/ani-mex.com\/index.php?rest_route=%2Fwp%2Fv2%2Fproduct_brand&post=1598"},{"taxonomy":"product_cat","embeddable":true,"href":"https:\/\/ani-mex.com\/index.php?rest_route=%2Fwp%2Fv2%2Fproduct_cat&post=1598"},{"taxonomy":"product_tag","embeddable":true,"href":"https:\/\/ani-mex.com\/index.php?rest_route=%2Fwp%2Fv2%2Fproduct_tag&post=1598"}],"curies":[{"name":"wp","href":"https:\/\/api.w.org\/{rel}","templated":true}]}}