{"id":276,"date":"2024-11-13T09:12:05","date_gmt":"2024-11-13T09:12:05","guid":{"rendered":"https:\/\/ani-mex.com\/?post_type=product&#038;p=276"},"modified":"2024-11-13T09:12:05","modified_gmt":"2024-11-13T09:12:05","slug":"rekawice-perfect-fit-glove-mig-fit","status":"publish","type":"product","link":"https:\/\/ani-mex.com\/?product=rekawice-perfect-fit-glove-mig-fit","title":{"rendered":"R\u0119kawice PERFECT FIT GLOVE MIG FIT"},"content":{"rendered":"<p><strong>R\u0119kawice spawalnicze PERFECT FIT GLOVE MIG FIT<\/strong>, spe\u0142niaj\u0105 normy <strong>EN 420\/ EN 388\/ EN 407\/ EN 12477 A . CAT.II. <\/strong>Wewn\u0119trzna cz\u0119\u015b\u0107 r\u0119kawicy wykonana z <strong>dwoinowej sk\u00f3ry wo\u0142owej<\/strong>, grzbiet r\u0119kawicy w ca\u0142o\u015bci pokryty <strong>aluminiowym materia\u0142em<\/strong> (kevlar) zapewnia du\u017c\u0105 odporno\u015b\u0107 na ciep\u0142o, promieniowanie i niewielkie odpryski stopionego metalu. Podszewka z polaru bawe\u0142nianego zwi\u0119ksza izolacj\u0119 termiczn\u0105 r\u0119kawicy. <strong>D\u0142ugi mankiet<\/strong>zabezpiecza d\u0142o\u0144 i cz\u0119\u015b\u0107 przedramienia. U\u017cyte najwy\u017cszej jako\u015bci materia\u0142y wyd\u0142u\u017caj\u0105 znacz\u0105co ich \u017cywotno\u015b\u0107. Fason pi\u0119ciopalcowy zapewnia pewny chwyt i manualn\u0105 swobod\u0119 podczas wykonywanych czynno\u015bci. Chroni\u0105 u\u017cytkownika przed urazami mechanicznymi typu: \u015bcieranie, przeci\u0119cie, rozdarcie, przek\u0142ucie i uderzenie. Dobra jako\u015b\u0107 wykonania daje potrzebn\u0105 przy pracach spawalniczych izolacj\u0119 ogniochronn\u0105. Sprawdza si\u0119 podczas spawania metoda TIG i MIG, spawania \u0142ukowego. Przeznaczone do przemys\u0142u chemicznego, metalurgicznego, tworzyw sztucznych, odlewniczego i spawania. R\u0119kawice firmy <strong>URGENT<\/strong> to prawdziwie zadaniowy produkt, godny polecenia.<\/p>\n<p><strong>CECHY PRODUKTY<\/strong><\/p>\n<ul>\n<li><strong>R\u0119kawice spawalnicze, EN 420\/ EN 388\/ EN 407\/ EN 12477 A . CAT.II<\/strong><\/li>\n<li>Ochrona przed oddzia\u0142ywaniem mechanicznym<\/li>\n<li>Doskona\u0142a izolacja termiczna<\/li>\n<li>Pewny chwyt<\/li>\n<li>Do przemys\u0142u metalurgicznego i odlewniczego<\/li>\n<\/ul>\n","protected":false},"excerpt":{"rendered":"<p>R\u0119kawice spawalnicze PERFECT FIT GLOVE MIG FIT, spe\u0142niaj\u0105 normy EN 420\/ EN 388\/ EN 407\/ EN 12477. CAT.II. Wewn\u0119trzna cz\u0119\u015b\u0107 r\u0119kawicy wykonana z dwoinowej sk\u00f3ry wo\u0142owej, grzbiet r\u0119kawicy w ca\u0142o\u015bci pokryty aluminiowym materia\u0142em (kevlar) zapewnia du\u017c\u0105 odporn&#8230;<\/p>\n","protected":false},"featured_media":277,"template":"","meta":{"_et_pb_use_builder":"","_et_pb_old_content":"","_et_gb_content_width":""},"product_brand":[],"product_cat":[43],"product_tag":[],"class_list":{"0":"post-276","1":"product","2":"type-product","3":"status-publish","4":"has-post-thumbnail","6":"product_cat-ochrona-rak","8":"first","9":"instock","10":"shipping-taxable","11":"product-type-simple"},"_links":{"self":[{"href":"https:\/\/ani-mex.com\/index.php?rest_route=\/wp\/v2\/product\/276","targetHints":{"allow":["GET"]}}],"collection":[{"href":"https:\/\/ani-mex.com\/index.php?rest_route=\/wp\/v2\/product"}],"about":[{"href":"https:\/\/ani-mex.com\/index.php?rest_route=\/wp\/v2\/types\/product"}],"wp:featuredmedia":[{"embeddable":true,"href":"https:\/\/ani-mex.com\/index.php?rest_route=\/wp\/v2\/media\/277"}],"wp:attachment":[{"href":"https:\/\/ani-mex.com\/index.php?rest_route=%2Fwp%2Fv2%2Fmedia&parent=276"}],"wp:term":[{"taxonomy":"product_brand","embeddable":true,"href":"https:\/\/ani-mex.com\/index.php?rest_route=%2Fwp%2Fv2%2Fproduct_brand&post=276"},{"taxonomy":"product_cat","embeddable":true,"href":"https:\/\/ani-mex.com\/index.php?rest_route=%2Fwp%2Fv2%2Fproduct_cat&post=276"},{"taxonomy":"product_tag","embeddable":true,"href":"https:\/\/ani-mex.com\/index.php?rest_route=%2Fwp%2Fv2%2Fproduct_tag&post=276"}],"curies":[{"name":"wp","href":"https:\/\/api.w.org\/{rel}","templated":true}]}}