{"id":295,"date":"2024-11-13T09:24:28","date_gmt":"2024-11-13T09:24:28","guid":{"rendered":"https:\/\/ani-mex.com\/?post_type=product&#038;p=295"},"modified":"2024-11-13T09:24:41","modified_gmt":"2024-11-13T09:24:41","slug":"wodoodporny-worek-pros-sport-model-750-czarny","status":"publish","type":"product","link":"https:\/\/ani-mex.com\/?product=wodoodporny-worek-pros-sport-model-750-czarny","title":{"rendered":"Wodoodporny worek PROS SPORT model 750 &#8211; czarny"},"content":{"rendered":"<p><strong>Wymiary: 40cm wysoko\u015b\u0107, 34cm szeroko\u015b\u0107<\/strong><\/p>\n<p align=\"left\"><strong>PLAVITEX<\/strong>\u00a0&#8211; materia\u0142 na podk\u0142adzie poliestrowym, jednostronnie powlekany PVC. Charakteryzuje si\u0119 odporno\u015bci\u0105 na rozdzieranie i wodoszczelno\u015bci\u0105 szw\u00f3w. Sk\u0142ad chemiczny powleczenia gwarantuje odporno\u015b\u0107 tkaniny na niekorzystne warunki atmosferyczne oraz zginanie przy temperaturach do -50\u00b0 C. Materia\u0142 spe\u0142nia wymogi normy EN 343, co potwierdzono w badaniach przeprowadzonych przez akredytowany instytut bada\u0144 materia\u0142\u00f3w w\u0142\u00f3kienniczych.<\/p>\n<ul>\n<li>nieprzemakalny materia\u0142<\/li>\n<li>zapobiega przenikaniu zapach\u00f3w<\/li>\n<li>wykonany zosta\u0142 z mocnego i \u0142atwego w czyszczeniu poliuretanu<\/li>\n<li>sznury po bokach pozwalaj\u0105 na noszenie go zar\u00f3wno na plecach, jak i w d\u0142oniach<\/li>\n<\/ul>\n","protected":false},"excerpt":{"rendered":"<p>Lekki, por\u0119czny i pakowny worek na twoje buty i sprz\u0119t sportowy. Wykonany z wodoochronnego materia\u0142u, dzi\u0119ki czemu zawarto\u015b\u0107 wn\u0119trza pozostanie zawsze sucha, niezale\u017cnie od pogody.<\/p>\n<p>Dla lepszej wygody noszenia zaprojektowano po bokach dwa sznurki, przez co worka mo\u017cesz u\u017cywa\u0107 r\u00f3wnie\u017c jak plecaka. Praktyczna regulacja wlotu zapobiegnie zgubieniu noszonych przedmiot\u00f3w.<\/p>\n","protected":false},"featured_media":296,"template":"","meta":{"_et_pb_use_builder":"","_et_pb_old_content":"","_et_gb_content_width":""},"product_brand":[],"product_cat":[48],"product_tag":[],"class_list":{"0":"post-295","1":"product","2":"type-product","3":"status-publish","4":"has-post-thumbnail","6":"product_cat-torby-i-worki","8":"first","9":"instock","10":"shipping-taxable","11":"product-type-simple"},"_links":{"self":[{"href":"https:\/\/ani-mex.com\/index.php?rest_route=\/wp\/v2\/product\/295","targetHints":{"allow":["GET"]}}],"collection":[{"href":"https:\/\/ani-mex.com\/index.php?rest_route=\/wp\/v2\/product"}],"about":[{"href":"https:\/\/ani-mex.com\/index.php?rest_route=\/wp\/v2\/types\/product"}],"wp:featuredmedia":[{"embeddable":true,"href":"https:\/\/ani-mex.com\/index.php?rest_route=\/wp\/v2\/media\/296"}],"wp:attachment":[{"href":"https:\/\/ani-mex.com\/index.php?rest_route=%2Fwp%2Fv2%2Fmedia&parent=295"}],"wp:term":[{"taxonomy":"product_brand","embeddable":true,"href":"https:\/\/ani-mex.com\/index.php?rest_route=%2Fwp%2Fv2%2Fproduct_brand&post=295"},{"taxonomy":"product_cat","embeddable":true,"href":"https:\/\/ani-mex.com\/index.php?rest_route=%2Fwp%2Fv2%2Fproduct_cat&post=295"},{"taxonomy":"product_tag","embeddable":true,"href":"https:\/\/ani-mex.com\/index.php?rest_route=%2Fwp%2Fv2%2Fproduct_tag&post=295"}],"curies":[{"name":"wp","href":"https:\/\/api.w.org\/{rel}","templated":true}]}}