{"id":322,"date":"2024-11-15T09:30:25","date_gmt":"2024-11-15T09:30:25","guid":{"rendered":"https:\/\/ani-mex.com\/?post_type=product&#038;p=322"},"modified":"2024-11-15T09:30:27","modified_gmt":"2024-11-15T09:30:27","slug":"fartuch-spawalniczy-marin","status":"publish","type":"product","link":"https:\/\/ani-mex.com\/?product=fartuch-spawalniczy-marin","title":{"rendered":"Fartuch spawalniczy MARIN"},"content":{"rendered":"<p>Fartuch spawalniczy ADIN\/ ARDON spe\u0142nia normy EN 13688\/ EN 11611 A1\/ CAT.II. Fartuch dostosowany do potrzeb ka\u017cdego rzemie\u015blnika, profesjonalna ochrona przed iskrami, odpryskami i zagro\u017ceniami mechanicznymi podczas prac spawalniczych i innych rob\u00f3t o podobnym stopniu ryzyka. Wykonany z elastycznej, mocnej dwoiny wo\u0142owej, kt\u00f3ra charakteryzuje si\u0119 wytrzyma\u0142o\u015bci\u0105 oraz doskona\u0142\u0105 odporno\u015bci\u0105 na \u015bcieranie i wysok\u0105 temperatur\u0119. Model z os\u0142oni\u0119tymi ramionami, nie ogranicza ruch\u00f3w. Rozmiar:105 x 72 cm. Nadaje si\u0119 do r\u00f3\u017cnych typ\u00f3w sylwetek, idealnie uzupe\u0142nia odzie\u017c robocz\u0105. Solidnie wykonany, trwa\u0142y, wygodny i niezast\u0105piony podczas obr\u00f3bki gor\u0105cego metalu, skutecznie zapobiega powa\u017cnym obra\u017ceniom. Fartuch dedykowany dla rzemie\u015blnik\u00f3w zajmuj\u0105cych si\u0119 kowalstwem i metaloplastyk\u0105, do prac spawalniczych wszelkiego rodzaju. Fartuch stanowi doskona\u0142\u0105 ochron\u0119 dla cia\u0142a i odzie\u017cy.<\/p>\n<p>CECHY PRODUKTU<\/p>\n<p>    Fartuch spawalniczy ADIN\/ ARDON<br \/>\n    EN 13688\/ EN 11611 A1\/ CAT.II.<br \/>\n    Rozmiar: 105 x 72 cm<br \/>\n    Model z os\u0142on\u0105 ramion<br \/>\n    Wykonany z dwoiny wo\u0142owej<br \/>\n    Doskona\u0142a ochrona przy pracach spawalniczych, kowalskich<br \/>\n    Uzupe\u0142nienie odzie\u017cy roboczej<br \/>\n    Dobre dopasowanie<br \/>\n    Swoboda ruch\u00f3w<br \/>\n    Ochrona przed obra\u017ceniami<\/p>\n","protected":false},"excerpt":{"rendered":"<p>Fartuch spawalniczy ADIN\/ ARDON spe\u0142nia normy EN 13688\/ EN 11611 A1\/ CAT.II. Fartuch dostosowany do potrzeb ka\u017cdego rzemie\u015blnika, profesjonalna ochrona przed iskrami, odpryskami i zagro\u017ceniami mechanicznymi podczas prac spawalniczych i innych rob\u00f3t o podo&#8230; <\/p>\n","protected":false},"featured_media":323,"template":"","meta":{"_et_pb_use_builder":"","_et_pb_old_content":"","_et_gb_content_width":""},"product_brand":[],"product_cat":[35,54],"product_tag":[],"class_list":{"0":"post-322","1":"product","2":"type-product","3":"status-publish","4":"has-post-thumbnail","6":"product_cat-dla-spawaczy","7":"product_cat-fartuchy","9":"first","10":"instock","11":"shipping-taxable","12":"product-type-simple"},"_links":{"self":[{"href":"https:\/\/ani-mex.com\/index.php?rest_route=\/wp\/v2\/product\/322","targetHints":{"allow":["GET"]}}],"collection":[{"href":"https:\/\/ani-mex.com\/index.php?rest_route=\/wp\/v2\/product"}],"about":[{"href":"https:\/\/ani-mex.com\/index.php?rest_route=\/wp\/v2\/types\/product"}],"wp:featuredmedia":[{"embeddable":true,"href":"https:\/\/ani-mex.com\/index.php?rest_route=\/wp\/v2\/media\/323"}],"wp:attachment":[{"href":"https:\/\/ani-mex.com\/index.php?rest_route=%2Fwp%2Fv2%2Fmedia&parent=322"}],"wp:term":[{"taxonomy":"product_brand","embeddable":true,"href":"https:\/\/ani-mex.com\/index.php?rest_route=%2Fwp%2Fv2%2Fproduct_brand&post=322"},{"taxonomy":"product_cat","embeddable":true,"href":"https:\/\/ani-mex.com\/index.php?rest_route=%2Fwp%2Fv2%2Fproduct_cat&post=322"},{"taxonomy":"product_tag","embeddable":true,"href":"https:\/\/ani-mex.com\/index.php?rest_route=%2Fwp%2Fv2%2Fproduct_tag&post=322"}],"curies":[{"name":"wp","href":"https:\/\/api.w.org\/{rel}","templated":true}]}}