{"id":335,"date":"2024-11-15T09:55:32","date_gmt":"2024-11-15T09:55:32","guid":{"rendered":"https:\/\/ani-mex.com\/?post_type=product&#038;p=335"},"modified":"2024-11-15T09:55:32","modified_gmt":"2024-11-15T09:55:32","slug":"rekawice-cxs-cita-ii-antyprzecieciowe-szary","status":"publish","type":"product","link":"https:\/\/ani-mex.com\/?product=rekawice-cxs-cita-ii-antyprzecieciowe-szary","title":{"rendered":"R\u0119kawice CXS CITA II antyprzeci\u0119ciowe szary"},"content":{"rendered":"","protected":false},"excerpt":{"rendered":"<p>Bezszwowe r\u0119kawice antyprzeci\u0119ciowe z odporno\u015b\u0107i przeciw ci\u0119ciu 5, z d\u0142oniami a palcami maczanymi w poliuretanie. Doskona\u0142\u0105 odporno\u015b\u0107 na \u015bcieranie i kraw\u0119d\u017a tn\u0105c\u0105<\/p>\n","protected":false},"featured_media":336,"template":"","meta":{"_et_pb_use_builder":"","_et_pb_old_content":"","_et_gb_content_width":""},"product_brand":[],"product_cat":[62],"product_tag":[],"class_list":{"0":"post-335","1":"product","2":"type-product","3":"status-publish","4":"has-post-thumbnail","6":"product_cat-rekawice-antyprzepieciowe","8":"first","9":"instock","10":"shipping-taxable","11":"product-type-simple"},"_links":{"self":[{"href":"https:\/\/ani-mex.com\/index.php?rest_route=\/wp\/v2\/product\/335","targetHints":{"allow":["GET"]}}],"collection":[{"href":"https:\/\/ani-mex.com\/index.php?rest_route=\/wp\/v2\/product"}],"about":[{"href":"https:\/\/ani-mex.com\/index.php?rest_route=\/wp\/v2\/types\/product"}],"wp:featuredmedia":[{"embeddable":true,"href":"https:\/\/ani-mex.com\/index.php?rest_route=\/wp\/v2\/media\/336"}],"wp:attachment":[{"href":"https:\/\/ani-mex.com\/index.php?rest_route=%2Fwp%2Fv2%2Fmedia&parent=335"}],"wp:term":[{"taxonomy":"product_brand","embeddable":true,"href":"https:\/\/ani-mex.com\/index.php?rest_route=%2Fwp%2Fv2%2Fproduct_brand&post=335"},{"taxonomy":"product_cat","embeddable":true,"href":"https:\/\/ani-mex.com\/index.php?rest_route=%2Fwp%2Fv2%2Fproduct_cat&post=335"},{"taxonomy":"product_tag","embeddable":true,"href":"https:\/\/ani-mex.com\/index.php?rest_route=%2Fwp%2Fv2%2Fproduct_tag&post=335"}],"curies":[{"name":"wp","href":"https:\/\/api.w.org\/{rel}","templated":true}]}}