{"id":347,"date":"2024-11-18T11:45:31","date_gmt":"2024-11-18T11:45:31","guid":{"rendered":"https:\/\/ani-mex.com\/?post_type=product&#038;p=347"},"modified":"2024-11-18T11:45:31","modified_gmt":"2024-11-18T11:45:31","slug":"fartuch-spawalniczy-skora-bydleca-fsb","status":"publish","type":"product","link":"https:\/\/ani-mex.com\/?product=fartuch-spawalniczy-skora-bydleca-fsb","title":{"rendered":"Fartuch spawalniczy sk\u00f3ra bydl\u0119ca FSB"},"content":{"rendered":"<div id=\"nav-section__product-description\" class=\"tab-pane fade show active\" role=\"tabpanel\">\n<div class=\"productDescription\">\n<p><strong>Fartuch spawalniczy FSB\/ REIS\u00a0<\/strong>spe\u0142nia normy<strong>\u00a0EN 11611\u00a0<\/strong>(odzie\u017c ochronna do stosowania podczas spawania i w procesach pokrewnych),<strong>\u00a0EN 13688\u00a0<\/strong>(odzie\u017c ochronna &#8211; wymagania og\u00f3lne). Profesjonalny fartuch spawalniczy wykonany ze sk\u00f3ry bydl\u0119cej dwoinowej. Rozmiar: 60 x 90. Fartuch przedni z mocowaniem na szyi oraz wi\u0105zaniem w pasie. Zapewnia swobod\u0119 ruch\u00f3w, doskonale dopasowuje si\u0119 do sylwetki.\u00a0Przeznaczenie: do ci\u0119\u017ckiego spawania.<\/p>\n<p><strong>CECHY PRODUKTU<\/strong><\/p>\n<ul>\n<li><strong>Fartuch spawalniczy FSB\/ REIS<\/strong><\/li>\n<li><strong>EN 11611<\/strong>\u00a0(odzie\u017c ochronna do stosowania podczas spawania i w procesach pokrewnych)<\/li>\n<li><strong>EN 13688\u00a0<\/strong>(odzie\u017c ochronna &#8211; wymagania og\u00f3lne)<\/li>\n<li>Profesjonalny fartuch spawalniczy<\/li>\n<li>Materia\u0142: sk\u00f3ra bydl\u0119ca dwoinowa<\/li>\n<li>Konstrukcja: fartuch przedni, mocowanie na szyi oraz wi\u0105zanie w pasie<\/li>\n<li>Doskona\u0142e dopasowanie do r\u00f3\u017cnego typu sylwetek<\/li>\n<li>Przeznaczenie: do ci\u0119\u017ckiego spawania<\/li>\n<\/ul>\n<\/div>\n<\/div>\n","protected":false},"excerpt":{"rendered":"<p>Fartuch spawalniczy sk\u00f3rzany przedni, zak\u0142adany na szyj\u0119. sk\u00f3ra bydl\u0119ca dwoinowa wymiar: 60&#215;90 cm zgodny z norm\u0105 EN11611 oraz EN13688<\/p>\n","protected":false},"featured_media":348,"template":"","meta":{"_et_pb_use_builder":"","_et_pb_old_content":"","_et_gb_content_width":""},"product_brand":[],"product_cat":[35,54],"product_tag":[],"class_list":{"0":"post-347","1":"product","2":"type-product","3":"status-publish","4":"has-post-thumbnail","6":"product_cat-dla-spawaczy","7":"product_cat-fartuchy","9":"first","10":"instock","11":"shipping-taxable","12":"product-type-simple"},"_links":{"self":[{"href":"https:\/\/ani-mex.com\/index.php?rest_route=\/wp\/v2\/product\/347","targetHints":{"allow":["GET"]}}],"collection":[{"href":"https:\/\/ani-mex.com\/index.php?rest_route=\/wp\/v2\/product"}],"about":[{"href":"https:\/\/ani-mex.com\/index.php?rest_route=\/wp\/v2\/types\/product"}],"wp:featuredmedia":[{"embeddable":true,"href":"https:\/\/ani-mex.com\/index.php?rest_route=\/wp\/v2\/media\/348"}],"wp:attachment":[{"href":"https:\/\/ani-mex.com\/index.php?rest_route=%2Fwp%2Fv2%2Fmedia&parent=347"}],"wp:term":[{"taxonomy":"product_brand","embeddable":true,"href":"https:\/\/ani-mex.com\/index.php?rest_route=%2Fwp%2Fv2%2Fproduct_brand&post=347"},{"taxonomy":"product_cat","embeddable":true,"href":"https:\/\/ani-mex.com\/index.php?rest_route=%2Fwp%2Fv2%2Fproduct_cat&post=347"},{"taxonomy":"product_tag","embeddable":true,"href":"https:\/\/ani-mex.com\/index.php?rest_route=%2Fwp%2Fv2%2Fproduct_tag&post=347"}],"curies":[{"name":"wp","href":"https:\/\/api.w.org\/{rel}","templated":true}]}}