{"id":350,"date":"2024-11-18T11:48:41","date_gmt":"2024-11-18T11:48:41","guid":{"rendered":"https:\/\/ani-mex.com\/?post_type=product&#038;p=350"},"modified":"2024-11-18T11:48:41","modified_gmt":"2024-11-18T11:48:41","slug":"fartuch-przedni-tyvek-pa30l0-bialy","status":"publish","type":"product","link":"https:\/\/ani-mex.com\/?product=fartuch-przedni-tyvek-pa30l0-bialy","title":{"rendered":"Fartuch przedni TYVEK PA30L0 &#8211; bia\u0142y"},"content":{"rendered":"","protected":false},"excerpt":{"rendered":"<div id=\"nav-section__product-description\" class=\"tab-pane fade show active\" role=\"tabpanel\">\n<div class=\"productDescription\">\n<p><b>Fartuch przedni wykonany z materia\u0142u Tyvek.<\/b><\/p>\n<ul>\n<li>d\u0142ugo\u015b\u0107: 108 cm<\/li>\n<li>z karczkiem<\/li>\n<li>zak\u0142adany na szyj\u0119 z wi\u0105zaniem na paski z ty\u0142u, dzi\u0119ki czemu mo\u017cna idealnie dopasowa\u0107 fartuch do sylwetki<\/li>\n<li>pakowane po 25 szt. w opakowaniu<\/li>\n<\/ul>\n<\/div>\n<\/div>\n","protected":false},"featured_media":351,"template":"","meta":{"_et_pb_use_builder":"","_et_pb_old_content":"","_et_gb_content_width":""},"product_brand":[],"product_cat":[35,54],"product_tag":[],"class_list":{"0":"post-350","1":"product","2":"type-product","3":"status-publish","4":"has-post-thumbnail","6":"product_cat-dla-spawaczy","7":"product_cat-fartuchy","9":"first","10":"instock","11":"shipping-taxable","12":"product-type-simple"},"_links":{"self":[{"href":"https:\/\/ani-mex.com\/index.php?rest_route=\/wp\/v2\/product\/350","targetHints":{"allow":["GET"]}}],"collection":[{"href":"https:\/\/ani-mex.com\/index.php?rest_route=\/wp\/v2\/product"}],"about":[{"href":"https:\/\/ani-mex.com\/index.php?rest_route=\/wp\/v2\/types\/product"}],"wp:featuredmedia":[{"embeddable":true,"href":"https:\/\/ani-mex.com\/index.php?rest_route=\/wp\/v2\/media\/351"}],"wp:attachment":[{"href":"https:\/\/ani-mex.com\/index.php?rest_route=%2Fwp%2Fv2%2Fmedia&parent=350"}],"wp:term":[{"taxonomy":"product_brand","embeddable":true,"href":"https:\/\/ani-mex.com\/index.php?rest_route=%2Fwp%2Fv2%2Fproduct_brand&post=350"},{"taxonomy":"product_cat","embeddable":true,"href":"https:\/\/ani-mex.com\/index.php?rest_route=%2Fwp%2Fv2%2Fproduct_cat&post=350"},{"taxonomy":"product_tag","embeddable":true,"href":"https:\/\/ani-mex.com\/index.php?rest_route=%2Fwp%2Fv2%2Fproduct_tag&post=350"}],"curies":[{"name":"wp","href":"https:\/\/api.w.org\/{rel}","templated":true}]}}