{"id":353,"date":"2024-11-18T11:53:55","date_gmt":"2024-11-18T11:53:55","guid":{"rendered":"https:\/\/ani-mex.com\/?post_type=product&#038;p=353"},"modified":"2024-11-18T11:53:55","modified_gmt":"2024-11-18T11:53:55","slug":"fartuch-olejoodporny-110-120-120","status":"publish","type":"product","link":"https:\/\/ani-mex.com\/?product=fartuch-olejoodporny-110-120-120","title":{"rendered":"Fartuch olejoodporny 110 &#8211; 120\/120"},"content":{"rendered":"<p><strong>Fartuch przedni dedykowany do prac wymagaj\u0105cych kontaktu ze smarami lub ch\u0142odziwem. Wykonany z wytrzyma\u0142ego, wodoochronnego materia\u0142u powlekanego, o zwi\u0119kszonej odporno\u015bci na uszkodzenia mechaniczne, t\u0142uszcze, oleje i ich pochodne oraz \u015brodki dezynfekuj\u0105ce. Praktyczny i wygodny pasek szyjny. Produkt zachowuje swoje w\u0142a\u015bciwo\u015bci r\u00f3wnie\u017c przy niskich temperaturach.<\/strong><\/p>\n<p>Model sugerowany dla bran\u017c: przemys\u0142 maszynowy, us\u0142ugi mechaniczne, usuwanie odpad\u00f3w komunalnych.<\/p>\n<p><strong>Cechy specyficzne:<\/strong><\/p>\n<ul>\n<li>grubszy materia\u0142<\/li>\n<li>zwi\u0119kszona wytrzyma\u0142o\u015b\u0107<\/li>\n<li>wygodny pasek szyjny<\/li>\n<li>odporno\u015b\u0107 na niskie temperatury<\/li>\n<\/ul>\n<p><strong>Normy:<\/strong><\/p>\n<ul>\n<li>EN ISO 13688<\/li>\n<li>EN 343<\/li>\n<li>-50oC<\/li>\n<\/ul>\n<p><strong>PLAVITEX HEAVY DUTY<\/strong>\u00a0&#8211; materia\u0142 na podk\u0142adzie poliestrowym, jednostronnie powlekany PVC. Charakteryzuje si\u0119 zwi\u0119kszon\u0105 odporno\u015bci\u0105 na rozdzieranie i wodoszczelno\u015bci\u0105 szw\u00f3w. Sk\u0142ad chemiczny powleczenia gwarantuje wyj\u0105tkow\u0105 odporno\u015b\u0107 tkaniny na niekorzystne warunki atmosferyczne oraz zginanie przy temperaturach do -50\u00b0 C. Materia\u0142 spe\u0142nia wymogi normy EN 343, co potwierdzono w badaniach przeprowadzonych przez akredytowany instytut bada\u0144 materia\u0142\u00f3w w\u0142\u00f3kienniczych.<\/p>\n","protected":false},"excerpt":{"rendered":"<p>Fartuch przedni dedykowany do prac wymagaj\u0105cych kontaktu ze smarami lub ch\u0142odziwem. Wykonany z wytrzyma\u0142ego, wodoochronnego materia\u0142u powlekanego, o zwi\u0119kszonej odporno\u015bci na uszkodzenia mechaniczne, t\u0142uszcze, oleje i ich pochodne oraz \u015brodki dezynfekuj\u0105ce. Praktyczny i wygodny pasek szyjny. Produkt zachowuje swoje w\u0142a\u015bciwo\u015bci r\u00f3wnie\u017c przy niskich temperaturach. Model sugerowany dla bran\u017c: przemys\u0142 maszynowy, us\u0142ugi mechaniczne, usuwanie odpad\u00f3w komunalnych. [&hellip;]<\/p>\n","protected":false},"featured_media":354,"template":"","meta":{"_et_pb_use_builder":"","_et_pb_old_content":"","_et_gb_content_width":""},"product_brand":[],"product_cat":[35,54],"product_tag":[],"class_list":{"0":"post-353","1":"product","2":"type-product","3":"status-publish","4":"has-post-thumbnail","6":"product_cat-dla-spawaczy","7":"product_cat-fartuchy","9":"first","10":"instock","11":"shipping-taxable","12":"product-type-simple"},"_links":{"self":[{"href":"https:\/\/ani-mex.com\/index.php?rest_route=\/wp\/v2\/product\/353","targetHints":{"allow":["GET"]}}],"collection":[{"href":"https:\/\/ani-mex.com\/index.php?rest_route=\/wp\/v2\/product"}],"about":[{"href":"https:\/\/ani-mex.com\/index.php?rest_route=\/wp\/v2\/types\/product"}],"wp:featuredmedia":[{"embeddable":true,"href":"https:\/\/ani-mex.com\/index.php?rest_route=\/wp\/v2\/media\/354"}],"wp:attachment":[{"href":"https:\/\/ani-mex.com\/index.php?rest_route=%2Fwp%2Fv2%2Fmedia&parent=353"}],"wp:term":[{"taxonomy":"product_brand","embeddable":true,"href":"https:\/\/ani-mex.com\/index.php?rest_route=%2Fwp%2Fv2%2Fproduct_brand&post=353"},{"taxonomy":"product_cat","embeddable":true,"href":"https:\/\/ani-mex.com\/index.php?rest_route=%2Fwp%2Fv2%2Fproduct_cat&post=353"},{"taxonomy":"product_tag","embeddable":true,"href":"https:\/\/ani-mex.com\/index.php?rest_route=%2Fwp%2Fv2%2Fproduct_tag&post=353"}],"curies":[{"name":"wp","href":"https:\/\/api.w.org\/{rel}","templated":true}]}}