{"id":360,"date":"2024-11-18T11:57:24","date_gmt":"2024-11-18T11:57:24","guid":{"rendered":"https:\/\/ani-mex.com\/?post_type=product&#038;p=360"},"modified":"2024-11-18T11:57:26","modified_gmt":"2024-11-18T11:57:26","slug":"fartuch-spawalniczy-eu-f1","status":"publish","type":"product","link":"https:\/\/ani-mex.com\/?product=fartuch-spawalniczy-eu-f1","title":{"rendered":"Fartuch spawalniczy EU-F1"},"content":{"rendered":"<div id=\"nav-section__product-description\" class=\"tab-pane fade show active\" role=\"tabpanel\">\n<div class=\"productDescription\">\n<p><strong>Fartuch spawalniczy lico EU-F1\/ EUROPOL\u00a0<\/strong>spe\u0142nia normy<strong>\u00a0<\/strong><strong>EN ISO 11611:2015, Klasa 2, A1<\/strong>\u00a0(Odzie\u017c ochronna do stosowania podczas spawania i w procesach pokrewnych),\u00a0<strong>EN ISO 13688:2013<\/strong>\u00a0(Odzie\u017c ochronna &#8211; wymagania og\u00f3lne). Profesjonalny fartuch spawalniczy\u00a0wykonany z jako\u015bciowej sk\u00f3ry licowej w kolorze br\u0105zowym.\u00a0 Wykonany z jednego kawa\u0142ka sk\u00f3ry. Mocowany wok\u00f3\u0142 szyi oraz pasa za pomoc\u0105 pask\u00f3w sk\u00f3rzanych z regulacj\u0105, dzi\u0119ki czemu mo\u017cliwe jest optymalne dopasowanie do sylwetki. Przeznaczenie: do ci\u0119\u017ckiego spawania.<\/p>\n<p><strong>CECHY PRODUKTU<\/strong><\/p>\n<ul>\n<li><strong>Fartuch spawalniczy lico EU-F1\/ EUROPOL<\/strong><\/li>\n<li><strong>EN ISO 11611:2015, Klasa 2, A1\u00a0<\/strong>(Odzie\u017c ochronna do stosowania podczas spawania i w procesach pokrewnych)<\/li>\n<li><strong>EN ISO 13688:2013\u00a0<\/strong>(Odzie\u017c ochronna &#8211; wymagania og\u00f3lne)<\/li>\n<li>Profesjonalny fartuch spawalniczy<\/li>\n<li>Materia\u0142: sk\u00f3ra licowa<\/li>\n<li>Konstrukcja: wykonany z jednego kawa\u0142ka, mocowany wok\u00f3\u0142 szyi oraz pasa za pomoc\u0105 pask\u00f3w sk\u00f3rzanych z regulacj\u0105<\/li>\n<li>Doskona\u0142e dopasowanie do r\u00f3\u017cnego typu sylwetek<\/li>\n<li>Przeznaczenie: do ci\u0119\u017ckiego spawania<\/li>\n<\/ul>\n<\/div>\n<\/div>\n","protected":false},"excerpt":{"rendered":"<p>Sk\u00f3rzany fartuch spawalniczy, wykonany z wysokiej jako\u015bci sk\u00f3ry licowej. Fartuch wykonany z jednego kawa\u0142ka sk\u00f3ry. Przeznaczony do ci\u0119\u017ckiego spawania. Mocowany wok\u00f3\u0142 szyi oraz pasa za pomoc\u0105 pask\u00f3w sk\u00f3rzanych z regulacj\u0105, dzi\u0119ki czemu mo\u017cliwe jest optyma&#8230;<\/p>\n","protected":false},"featured_media":361,"template":"","meta":{"_et_pb_use_builder":"","_et_pb_old_content":"","_et_gb_content_width":""},"product_brand":[],"product_cat":[35,54],"product_tag":[],"class_list":{"0":"post-360","1":"product","2":"type-product","3":"status-publish","4":"has-post-thumbnail","6":"product_cat-dla-spawaczy","7":"product_cat-fartuchy","9":"first","10":"instock","11":"shipping-taxable","12":"product-type-simple"},"_links":{"self":[{"href":"https:\/\/ani-mex.com\/index.php?rest_route=\/wp\/v2\/product\/360","targetHints":{"allow":["GET"]}}],"collection":[{"href":"https:\/\/ani-mex.com\/index.php?rest_route=\/wp\/v2\/product"}],"about":[{"href":"https:\/\/ani-mex.com\/index.php?rest_route=\/wp\/v2\/types\/product"}],"wp:featuredmedia":[{"embeddable":true,"href":"https:\/\/ani-mex.com\/index.php?rest_route=\/wp\/v2\/media\/361"}],"wp:attachment":[{"href":"https:\/\/ani-mex.com\/index.php?rest_route=%2Fwp%2Fv2%2Fmedia&parent=360"}],"wp:term":[{"taxonomy":"product_brand","embeddable":true,"href":"https:\/\/ani-mex.com\/index.php?rest_route=%2Fwp%2Fv2%2Fproduct_brand&post=360"},{"taxonomy":"product_cat","embeddable":true,"href":"https:\/\/ani-mex.com\/index.php?rest_route=%2Fwp%2Fv2%2Fproduct_cat&post=360"},{"taxonomy":"product_tag","embeddable":true,"href":"https:\/\/ani-mex.com\/index.php?rest_route=%2Fwp%2Fv2%2Fproduct_tag&post=360"}],"curies":[{"name":"wp","href":"https:\/\/api.w.org\/{rel}","templated":true}]}}