{"id":370,"date":"2024-11-18T12:16:06","date_gmt":"2024-11-18T12:16:06","guid":{"rendered":"https:\/\/ani-mex.com\/?post_type=product&#038;p=370"},"modified":"2024-11-18T12:17:45","modified_gmt":"2024-11-18T12:17:45","slug":"trzewiki-spawalnicze-9-075-s3-hro-src-2","status":"publish","type":"product","link":"https:\/\/ani-mex.com\/?product=trzewiki-spawalnicze-9-075-s3-hro-src-2","title":{"rendered":"Trzewiki Spawalnicze 9-075 S3 HRO SRC"},"content":{"rendered":"<p>Trzewiki spawalnicze S3 HRO SRC\/ DEMAR spe\u0142niaj\u0105 normy EN-20345\/ CAT.III. Obuwie do zada\u0144 specjalnych. Posiadaj\u0105 w\u0142a\u015bciwo\u015bci antyelektrostatyczne. Wykonane z wodoodpornej sk\u00f3ry, kt\u00f3ra doskonale ogranicza przepuszczalno\u015b\u0107 i absorpcj\u0119 wody. Obuwie w pe\u0142ni zabudowane, posiada klapk\u0119 zakrywaj\u0105c\u0105 oraz system szybkiego zdejmowania buta, chroni stop\u0119 przed wpadni\u0119ciem rozgrzanych odprysk\u00f3w metalu, jest trwa\u0142e i wytrzyma\u0142e. Podszewka z dzianiny dystansowej jest komfortowa, pozwala oddycha\u0107 stopie. Stalowy podnosek odporny na uderzenia z si\u0142\u0105 200J chroni palce przed urazami a nadlanie podnoska zabezpiecza obuwie przed \u015bcieraniem i wyd\u0142u\u017ca jego \u017cywotno\u015b\u0107. Bardzo wygodne trzewiki ze \u015bwietn\u0105 amortyzacj\u0105. Specjalnie wyprofilowana podeszwa (poliuretan\/guma) jest antypo\u015blizgowa, odporna na przebicie i na kontakt z olejami, benzyn\u0105 czy innymi rozpuszczalnikami organicznymi. Podeszwa HRO doskonale izoluje stopy od pod\u0142o\u017ca, sprawdzi si\u0119 zar\u00f3wno w ch\u0142odnych, jak i ciep\u0142ych temperaturach. Trzewiki posiadaj\u0105 wszystkie zabezpieczenia i wzmocnienia niezb\u0119dne do pracy spawacza, zapewniaj\u0105 optymaln\u0105 ochron\u0119 w extremalnych warunkach.<\/p>\n<p>CECHY PRODUKTU<\/p>\n<p>Obuwie spawalnicze S3 HRO SRC\/ EN-20345\/ CAT.III<br \/>\nCholewka z wodoodpornej sk\u00f3ry<br \/>\nSystem szybkiego rozpinania<br \/>\nAnatomiczna, wymienna wk\u0142adka<br \/>\nStalowy podnosek odporny na uderzenia z si\u0142a 200J<br \/>\nNadlany podnosek odporny na tarcie<br \/>\nAntyelektrostatyczno\u015b\u0107<br \/>\nAntypo\u015blizgowo\u015b\u0107<br \/>\nAmortyzacja w cz\u0119\u015bci pi\u0119towej<br \/>\nOdporno\u015b\u0107 na oleje i kwasy<br \/>\nOdporno\u015b\u0107 podeszwy na przebicie<br \/>\nOdporno\u015b\u0107 spod\u00f3w na kontakt z gor\u0105cym pod\u0142o\u017cem do 300\u00b0C<br \/>\nM\u0119ska t\u0119go\u015b\u0107 obuwia<\/p>\n","protected":false},"excerpt":{"rendered":"<p>Trzewiki spawalnicze S3 HRO SRC\/ DEMAR spe\u0142niaj\u0105 normy S3 HRO SRC. Obuwie do zada\u0144 specjalnych. Posiadaj\u0105 w\u0142a\u015bciwo\u015bci antyelektrostatyczne. Wykonane z wodoodpornej sk\u00f3ry, kt\u00f3ra doskonale ogranicza przepuszczalno\u015b\u0107 i absorpcj\u0119 wody. Obuwie w pe\u0142ni zabudow&#8230;<\/p>\n","protected":false},"featured_media":371,"template":"","meta":{"_et_pb_use_builder":"","_et_pb_old_content":"","_et_gb_content_width":""},"product_brand":[],"product_cat":[35,60],"product_tag":[],"class_list":{"0":"post-370","1":"product","2":"type-product","3":"status-publish","4":"has-post-thumbnail","6":"product_cat-dla-spawaczy","7":"product_cat-obuwie","9":"first","10":"instock","11":"shipping-taxable","12":"product-type-simple"},"_links":{"self":[{"href":"https:\/\/ani-mex.com\/index.php?rest_route=\/wp\/v2\/product\/370","targetHints":{"allow":["GET"]}}],"collection":[{"href":"https:\/\/ani-mex.com\/index.php?rest_route=\/wp\/v2\/product"}],"about":[{"href":"https:\/\/ani-mex.com\/index.php?rest_route=\/wp\/v2\/types\/product"}],"wp:featuredmedia":[{"embeddable":true,"href":"https:\/\/ani-mex.com\/index.php?rest_route=\/wp\/v2\/media\/371"}],"wp:attachment":[{"href":"https:\/\/ani-mex.com\/index.php?rest_route=%2Fwp%2Fv2%2Fmedia&parent=370"}],"wp:term":[{"taxonomy":"product_brand","embeddable":true,"href":"https:\/\/ani-mex.com\/index.php?rest_route=%2Fwp%2Fv2%2Fproduct_brand&post=370"},{"taxonomy":"product_cat","embeddable":true,"href":"https:\/\/ani-mex.com\/index.php?rest_route=%2Fwp%2Fv2%2Fproduct_cat&post=370"},{"taxonomy":"product_tag","embeddable":true,"href":"https:\/\/ani-mex.com\/index.php?rest_route=%2Fwp%2Fv2%2Fproduct_tag&post=370"}],"curies":[{"name":"wp","href":"https:\/\/api.w.org\/{rel}","templated":true}]}}