{"id":376,"date":"2024-11-18T12:21:58","date_gmt":"2024-11-18T12:21:58","guid":{"rendered":"https:\/\/ani-mex.com\/?post_type=product&#038;p=376"},"modified":"2024-11-18T12:21:58","modified_gmt":"2024-11-18T12:21:58","slug":"trzewiki-spawalnicze-atlas-duo-soft-775-s3-hi-hro","status":"publish","type":"product","link":"https:\/\/ani-mex.com\/?product=trzewiki-spawalnicze-atlas-duo-soft-775-s3-hi-hro","title":{"rendered":"Trzewiki spawalnicze ATLAS DUO SOFT 775 S3 HI HRO"},"content":{"rendered":"<ul>\n<li>Buty z cholewk\u0105 dla spawaczy<\/li>\n<li>Os\u0142ona termoizolacyjna<\/li>\n<li>Boczne zamki b\u0142yskawiczne<\/li>\n<li>System szw\u00f3w Kevlar<\/li>\n<li>antyprzebiciowy<\/li>\n<li>3D-system amortyzacji<\/li>\n<li>sk\u00f3ra wodoodporna<\/li>\n<li>termoizolacja dolnej cz\u0119\u015bci obuwia<\/li>\n<li>DUOSOFT\u00ae technologia podeszwy<\/li>\n<li>przystosowane r\u00f3wnie\u017c dla nosz\u0105cych wk\u0142adki<\/li>\n<\/ul>\n","protected":false},"excerpt":{"rendered":"<p>Buty z cholewk\u0105 dla spawaczy Os\u0142ona termoizolacyjna Boczne zamki b\u0142yskawiczne System szw\u00f3w Kevlar antyprzebiciowy 3D-system amortyzacji sk\u00f3ra wodoodporna termoizolacja dolnej cz\u0119\u015bci obuwia DUOSOFT\u00ae technologia podeszwy przystosowane r\u00f3wnie\u017c dla nosz\u0105cych wk\u0142adki<\/p>\n","protected":false},"featured_media":377,"template":"","meta":{"_et_pb_use_builder":"","_et_pb_old_content":"","_et_gb_content_width":""},"product_brand":[],"product_cat":[35,60],"product_tag":[],"class_list":{"0":"post-376","1":"product","2":"type-product","3":"status-publish","4":"has-post-thumbnail","6":"product_cat-dla-spawaczy","7":"product_cat-obuwie","9":"first","10":"instock","11":"shipping-taxable","12":"product-type-simple"},"_links":{"self":[{"href":"https:\/\/ani-mex.com\/index.php?rest_route=\/wp\/v2\/product\/376","targetHints":{"allow":["GET"]}}],"collection":[{"href":"https:\/\/ani-mex.com\/index.php?rest_route=\/wp\/v2\/product"}],"about":[{"href":"https:\/\/ani-mex.com\/index.php?rest_route=\/wp\/v2\/types\/product"}],"wp:featuredmedia":[{"embeddable":true,"href":"https:\/\/ani-mex.com\/index.php?rest_route=\/wp\/v2\/media\/377"}],"wp:attachment":[{"href":"https:\/\/ani-mex.com\/index.php?rest_route=%2Fwp%2Fv2%2Fmedia&parent=376"}],"wp:term":[{"taxonomy":"product_brand","embeddable":true,"href":"https:\/\/ani-mex.com\/index.php?rest_route=%2Fwp%2Fv2%2Fproduct_brand&post=376"},{"taxonomy":"product_cat","embeddable":true,"href":"https:\/\/ani-mex.com\/index.php?rest_route=%2Fwp%2Fv2%2Fproduct_cat&post=376"},{"taxonomy":"product_tag","embeddable":true,"href":"https:\/\/ani-mex.com\/index.php?rest_route=%2Fwp%2Fv2%2Fproduct_tag&post=376"}],"curies":[{"name":"wp","href":"https:\/\/api.w.org\/{rel}","templated":true}]}}