{"id":380,"date":"2024-11-18T12:27:57","date_gmt":"2024-11-18T12:27:57","guid":{"rendered":"https:\/\/ani-mex.com\/?post_type=product&#038;p=380"},"modified":"2024-11-18T12:27:57","modified_gmt":"2024-11-18T12:27:57","slug":"maska-spawalnicza-honeywell-813000","status":"publish","type":"product","link":"https:\/\/ani-mex.com\/?product=maska-spawalnicza-honeywell-813000","title":{"rendered":"Maska spawalnicza Honeywell 813000"},"content":{"rendered":"<p><strong>Maska spawalnicza 813000\/ HONEYWELL <\/strong>spe\u0142niaj\u0105 normy<strong> EN 166 (ochrona indywidualna oczu)\/ EN 170 (ochrona indywidualna oczu- filtry chroni\u0105ce przed nadfioletem)\/ EN 175 (ochrona indywidualna &#8211; \u015brodki ochrony oczu i twarzy stosowane podczas spawania i w procesach pokrewnych) EN 169 (ochrona indywidualna oczu &#8211; filtry spawalnicze i filtry dla technik pokrewnych). <\/strong>Ka\u017cdy pracownik powinien mie\u0107 mo\u017cliwo\u015b\u0107 wyboru \u015brodk\u00f3w ochrony oczu, twarzy i szyi dostosowanego do w\u0142asnych wymaga\u0144 i potrzeb, zapewniaj\u0105c sobie bezpiecze\u0144stwo, komfort pracy w ekstremalnie trudnych warunkach. Maska spawalnicza <strong>wykonana ze sk\u00f3ry szczotkowanej o d\u0142ugo\u015bci 30 cm<\/strong> z wbudowanymi okularami ochronnymi. Dopasowanie za pomoc\u0105 elastycznej gumy. Ochrona przed zaparowaniem, zarysowaniem, promieniowanie UV i wysokimi temperaturami. Solidna maska spawalnicza odpowiednia do pracy w wymagaj\u0105cym \u015brodowisku polecane dla przemys\u0142u stoczniowego, hutniczego, odlewniczego.<\/p>\n<p><strong>CECHY PRODUKTU<\/strong><\/p>\n<p><strong>MASKA SPAWALNICZA 813000\/HONEYWELL<\/strong><\/p>\n<ul>\n<li>EN 166 (ochrona indywidualna oczu)<\/li>\n<li>EN 170 (ochrona indywidualna oczu- filtry chroni\u0105ce przed nadfioletem)<\/li>\n<li>EN 175 (ochrona indywidualna &#8211; \u015brodki ochrony oczu i twarzy stosowane podczas spawania i w procesach pokrewnych)<\/li>\n<li>EN 169 (ochrona indywidualna oczu &#8211; filtry spawalnicze i filtry dla technik pokrewnych)<\/li>\n<li>Materia\u0142: sk\u00f3ra szczotkowana<\/li>\n<li>D\u0142ugo\u015b\u0107: 30 cm<\/li>\n<li>Waga: 800g<\/li>\n<li>Wbudowane okulary ochronne<\/li>\n<li>Rozmiar szk\u0142a spawalniczego 50 mm<\/li>\n<li>Dopasowanie: elastyczna guma<\/li>\n<li>Ochrona wzroku, twarzy i szyi<\/li>\n<li>Ochrona przed zaparowaniem, zarysowaniem, promieniowanie UV i wysokimi temperaturami<\/li>\n<\/ul>\n","protected":false},"excerpt":{"rendered":"<p>Maska spawalnicza 813000\/ HONEYWELL spe\u0142niaj\u0105 normy EN 166 (ochrona indywidualna oczu)\/ EN 170 (ochrona indywidualna oczu- filtry chroni\u0105ce przed nadfioletem)\/ EN 175 (ochrona indywidualna &#8211; \u015brodki ochrony oczu i twarzy stosowane podczas spawania i w procesach pokrewnych) EN 169 (ochrona indywidualna oczu &#8211; filtry spawalnicze i filtry dla technik pokrewnych). Ka\u017cdy pracownik powinien mie\u0107 mo\u017cliwo\u015b\u0107 [&hellip;]<\/p>\n","protected":false},"featured_media":381,"template":"","meta":{"_et_pb_use_builder":"","_et_pb_old_content":"","_et_gb_content_width":""},"product_brand":[],"product_cat":[35,57],"product_tag":[],"class_list":{"0":"post-380","1":"product","2":"type-product","3":"status-publish","4":"has-post-thumbnail","6":"product_cat-dla-spawaczy","7":"product_cat-okularymaski","9":"first","10":"instock","11":"shipping-taxable","12":"product-type-simple"},"_links":{"self":[{"href":"https:\/\/ani-mex.com\/index.php?rest_route=\/wp\/v2\/product\/380","targetHints":{"allow":["GET"]}}],"collection":[{"href":"https:\/\/ani-mex.com\/index.php?rest_route=\/wp\/v2\/product"}],"about":[{"href":"https:\/\/ani-mex.com\/index.php?rest_route=\/wp\/v2\/types\/product"}],"wp:featuredmedia":[{"embeddable":true,"href":"https:\/\/ani-mex.com\/index.php?rest_route=\/wp\/v2\/media\/381"}],"wp:attachment":[{"href":"https:\/\/ani-mex.com\/index.php?rest_route=%2Fwp%2Fv2%2Fmedia&parent=380"}],"wp:term":[{"taxonomy":"product_brand","embeddable":true,"href":"https:\/\/ani-mex.com\/index.php?rest_route=%2Fwp%2Fv2%2Fproduct_brand&post=380"},{"taxonomy":"product_cat","embeddable":true,"href":"https:\/\/ani-mex.com\/index.php?rest_route=%2Fwp%2Fv2%2Fproduct_cat&post=380"},{"taxonomy":"product_tag","embeddable":true,"href":"https:\/\/ani-mex.com\/index.php?rest_route=%2Fwp%2Fv2%2Fproduct_tag&post=380"}],"curies":[{"name":"wp","href":"https:\/\/api.w.org\/{rel}","templated":true}]}}