{"id":384,"date":"2024-11-18T12:32:36","date_gmt":"2024-11-18T12:32:36","guid":{"rendered":"https:\/\/ani-mex.com\/?post_type=product&#038;p=384"},"modified":"2024-11-18T12:32:37","modified_gmt":"2024-11-18T12:32:37","slug":"przylbica-spawalnicza-3m-speedglas-g5-02","status":"publish","type":"product","link":"https:\/\/ani-mex.com\/?product=przylbica-spawalnicza-3m-speedglas-g5-02","title":{"rendered":"Przy\u0142bica spawalnicza 3M Speedglas G5-02"},"content":{"rendered":"<p>Produkt pomaga chroni\u0107 oczy i twarz u\u017cytkownika przed odpryskami stopionego metalu, szkodliwym promieniowaniem ultrafioletowym (UV) i podczerwonym. Promieniowanie podczerwone (IR) powsta\u0142e podczas niekt\u00f3rych proces\u00f3w spawania \u0142ukowego w os\u0142onach gazowych. \u00a0Przy\u0142bica spawalnicza Speedglas G5-02 jest przeznaczona do: \u2022 wi\u0119kszo\u015bci proces\u00f3w spawalniczych, takich jak: spawanie \u0142ukowe elektrod\u0105 otulon\u0105, spawanie MIG\/MAG i zoptymalizowana pod k\u0105tem spawania metod\u0105 TIG oraz niskopr\u0105dow\u0105 TIG<\/p>\n<ul>\n<li>Najwi\u0119ksze pole widzenia soczewki samo\u015bciemniaj\u0105cej (150&#215;76 mm), wykorzystuj\u0105cej technologi\u0119 zakrzywionego szk\u0142a 3M\u2122 Speedglas\u2122<\/li>\n<li>\u0141\u0105czno\u015b\u0107 Bluetooth z zarz\u0105dzaniem za pomoc\u0105 aplikacji<\/li>\n<li>Du\u017ca widoczno\u015b\u0107 przed, w trakcie i po spawaniu dzi\u0119ki naszej technologii 3M\u2122 Speedglas\u2122 Natural Color<\/li>\n<li>Wybieraj\u0105c odpowiednie ustawienia do wykonywanej pracy, ograniczasz zm\u0119czenie wzroku, co przek\u0142ada si\u0119 na jako\u015b\u0107 ka\u017cdego spawu<\/li>\n<li>Wysoka czu\u0142o\u015b\u0107 wykrywania \u0142uku, idealna do spawania metod\u0105 TIG<\/li>\n<li>Funkcja op\u00f3\u017anienia pozwala ustawi\u0107 tempo rozja\u015bnienia filtra<\/li>\n<\/ul>\n<h3 tabindex=\"-1\">Cechy charakterystyczne<\/h3>\n<table class=\" cke_show_border\" role=\"table\">\n<tbody role=\"rowgroup\">\n<tr role=\"row\">\n<td role=\"cell\">Cechy<\/td>\n<td role=\"cell\">Ochrona wzroku i twarzy<\/td>\n<\/tr>\n<tr role=\"row\">\n<td role=\"cell\">Filtr spawalniczy<\/td>\n<td role=\"cell\">Zakrzywiony automatyczny filtr spawalniczy 3M\u2122 Speedglas\u2122 G5-02<\/td>\n<\/tr>\n<tr role=\"row\">\n<td role=\"cell\">Ilo\u015b\u0107 kasetek<\/td>\n<td role=\"cell\">1<\/td>\n<\/tr>\n<tr role=\"row\">\n<td role=\"cell\">Marki<\/td>\n<td role=\"cell\">Speedglas\u2122<\/td>\n<\/tr>\n<tr role=\"row\">\n<td role=\"cell\">Metoda spawalnicza<\/td>\n<td role=\"cell\">Zoptymalizowany do spawania metod\u0105 TIG, odpowiedni r\u00f3wnie\u017c do wi\u0119kszo\u015bci innych proces\u00f3w, takich jak MMA, MIG\/MAG i spawanie plazmowe.<\/td>\n<\/tr>\n<tr role=\"row\">\n<td role=\"cell\">Ochrona UV\/IR<\/td>\n<td role=\"cell\">Stopie\u0144 zaciemnienia 12 (sta\u0142y)<\/td>\n<\/tr>\n<tr role=\"row\">\n<td role=\"cell\">Spe\u0142nione specyfikacje<\/td>\n<td role=\"cell\">EN 175:F, EN166:FT<\/td>\n<\/tr>\n<tr role=\"row\">\n<td role=\"cell\">Typ baterii<\/td>\n<td role=\"cell\">ADF: litowy 3 V (CR2450)<\/td>\n<\/tr>\n<tr role=\"row\">\n<td role=\"cell\">Typ soczewek<\/td>\n<td role=\"cell\">Automatycznie \u015bciemniaj\u0105cy<\/td>\n<\/tr>\n<tr role=\"row\">\n<td role=\"cell\">Waga netto (jednostki metryczne)<\/td>\n<td role=\"cell\">535 g<\/td>\n<\/tr>\n<tr role=\"row\">\n<td role=\"cell\">Zaciemnienie soczewki<\/td>\n<td role=\"cell\">8 &#8211; 12<\/td>\n<\/tr>\n<tr role=\"row\">\n<td role=\"cell\">Zastosowanie<\/td>\n<td role=\"cell\">Naprawa metalu, Obr\u00f3bka metalu, Spawanie<\/td>\n<\/tr>\n<tr role=\"row\">\n<td role=\"cell\">\u017bywotno\u015b\u0107<\/td>\n<td role=\"cell\">1500 h<\/td>\n<\/tr>\n<\/tbody>\n<\/table>\n","protected":false},"excerpt":{"rendered":"<p>Produkt pomaga chroni\u0107 oczy i twarz u\u017cytkownika przed odpryskami stopionego metalu, szkodliwym promieniowaniem ultrafioletowym (UV) i podczerwonym. Promieniowanie podczerwone (IR) powsta\u0142e podczas niekt\u00f3rych proces\u00f3w spawania \u0142ukowego w os\u0142onach gazowych. \u00a0Przy\u0142bica spawalnicza Speedglas G5-02 jest przeznaczona do: \u2022 wi\u0119kszo\u015bci proces\u00f3w spawalniczych, takich jak: spawanie \u0142ukowe elektrod\u0105 otulon\u0105, spawanie MIG\/MAG i zoptymalizowana pod k\u0105tem spawania metod\u0105 TIG [&hellip;]<\/p>\n","protected":false},"featured_media":385,"template":"","meta":{"_et_pb_use_builder":"","_et_pb_old_content":"","_et_gb_content_width":""},"product_brand":[],"product_cat":[35,56],"product_tag":[],"class_list":{"0":"post-384","1":"product","2":"type-product","3":"status-publish","4":"has-post-thumbnail","6":"product_cat-dla-spawaczy","7":"product_cat-przylbice","9":"first","10":"instock","11":"shipping-taxable","12":"product-type-simple"},"_links":{"self":[{"href":"https:\/\/ani-mex.com\/index.php?rest_route=\/wp\/v2\/product\/384","targetHints":{"allow":["GET"]}}],"collection":[{"href":"https:\/\/ani-mex.com\/index.php?rest_route=\/wp\/v2\/product"}],"about":[{"href":"https:\/\/ani-mex.com\/index.php?rest_route=\/wp\/v2\/types\/product"}],"wp:featuredmedia":[{"embeddable":true,"href":"https:\/\/ani-mex.com\/index.php?rest_route=\/wp\/v2\/media\/385"}],"wp:attachment":[{"href":"https:\/\/ani-mex.com\/index.php?rest_route=%2Fwp%2Fv2%2Fmedia&parent=384"}],"wp:term":[{"taxonomy":"product_brand","embeddable":true,"href":"https:\/\/ani-mex.com\/index.php?rest_route=%2Fwp%2Fv2%2Fproduct_brand&post=384"},{"taxonomy":"product_cat","embeddable":true,"href":"https:\/\/ani-mex.com\/index.php?rest_route=%2Fwp%2Fv2%2Fproduct_cat&post=384"},{"taxonomy":"product_tag","embeddable":true,"href":"https:\/\/ani-mex.com\/index.php?rest_route=%2Fwp%2Fv2%2Fproduct_tag&post=384"}],"curies":[{"name":"wp","href":"https:\/\/api.w.org\/{rel}","templated":true}]}}