{"id":414,"date":"2024-11-19T07:52:56","date_gmt":"2024-11-19T07:52:56","guid":{"rendered":"https:\/\/ani-mex.com\/?post_type=product&#038;p=414"},"modified":"2024-11-19T07:52:56","modified_gmt":"2024-11-19T07:52:56","slug":"rekawice-odporne-na-temperature-mefisto-m5-dm","status":"publish","type":"product","link":"https:\/\/ani-mex.com\/?product=rekawice-odporne-na-temperature-mefisto-m5-dm","title":{"rendered":"R\u0119kawice odporne na temperatur\u0119 MEFISTO M5 DM"},"content":{"rendered":"<p>Tr\u00f3jwarstwowe r\u0119kawice odporne na ciep\u0142o. G\u00f3rna warstwa z tkaniny aramidowej i warstwy aluminiowej chroni przed ryzykiem mechanicznym i termicznym, szwy na g\u00f3rnej stronie szyte nici\u0105 Kevlar\u00ae. Warstwa \u015brodkowa jest wykonana z tkaniny we\u0142nianej do ochrony przed zagro\u017ceniami termicznymi i wewn\u0119trzn\u0105 warstwa z tkaniny bawe\u0142nianej o funkcji higienicznej. Zabezpieczenie przed promieniowaniem cieplnym i rozprysk\u00f3w roztopionego metalu do temperatury 500\u00b0C.<\/p>\n<p>Zalecane zastosowanie: odlewnie, przemys\u0142 hutniczy, \u015brodowisko z promieniowaniem ciep\u0142nym.<\/p>\n","protected":false},"excerpt":{"rendered":"<p>Tr\u00f3jwarstwowe r\u0119kawice odporne na ciep\u0142o. G\u00f3rna warstwa z tkaniny aramidowej i warstwy aluminiowej chroni przed ryzykiem mechanicznym i termicznym, szwy na g\u00f3rnej stronie szyte nici\u0105 Kevlar\u00ae. Warstwa \u015brodkowa jest wykonana z tkaniny we\u0142nianej do ochrony przed zagro\u017ceniami termicznymi i wewn\u0119trzn\u0105 warstwa z tkaniny bawe\u0142nianej o funkcji higienicznej. Zabezpieczenie przed promieniowaniem cieplnym i rozprysk\u00f3w roztopionego metalu [&hellip;]<\/p>\n","protected":false},"featured_media":415,"template":"","meta":{"_et_pb_use_builder":"","_et_pb_old_content":"","_et_gb_content_width":""},"product_brand":[],"product_cat":[35,58],"product_tag":[],"class_list":{"0":"post-414","1":"product","2":"type-product","3":"status-publish","4":"has-post-thumbnail","6":"product_cat-dla-spawaczy","7":"product_cat-rekawice","9":"first","10":"instock","11":"shipping-taxable","12":"product-type-simple"},"_links":{"self":[{"href":"https:\/\/ani-mex.com\/index.php?rest_route=\/wp\/v2\/product\/414","targetHints":{"allow":["GET"]}}],"collection":[{"href":"https:\/\/ani-mex.com\/index.php?rest_route=\/wp\/v2\/product"}],"about":[{"href":"https:\/\/ani-mex.com\/index.php?rest_route=\/wp\/v2\/types\/product"}],"wp:featuredmedia":[{"embeddable":true,"href":"https:\/\/ani-mex.com\/index.php?rest_route=\/wp\/v2\/media\/415"}],"wp:attachment":[{"href":"https:\/\/ani-mex.com\/index.php?rest_route=%2Fwp%2Fv2%2Fmedia&parent=414"}],"wp:term":[{"taxonomy":"product_brand","embeddable":true,"href":"https:\/\/ani-mex.com\/index.php?rest_route=%2Fwp%2Fv2%2Fproduct_brand&post=414"},{"taxonomy":"product_cat","embeddable":true,"href":"https:\/\/ani-mex.com\/index.php?rest_route=%2Fwp%2Fv2%2Fproduct_cat&post=414"},{"taxonomy":"product_tag","embeddable":true,"href":"https:\/\/ani-mex.com\/index.php?rest_route=%2Fwp%2Fv2%2Fproduct_tag&post=414"}],"curies":[{"name":"wp","href":"https:\/\/api.w.org\/{rel}","templated":true}]}}