{"id":422,"date":"2024-11-19T08:06:28","date_gmt":"2024-11-19T08:06:28","guid":{"rendered":"https:\/\/ani-mex.com\/?post_type=product&#038;p=422"},"modified":"2024-11-19T08:06:28","modified_gmt":"2024-11-19T08:06:28","slug":"rekawice-cxs-lorne-spawalnicze","status":"publish","type":"product","link":"https:\/\/ani-mex.com\/?product=rekawice-cxs-lorne-spawalnicze","title":{"rendered":"R\u0119kawice CXS LORNE spawalnicze"},"content":{"rendered":"<p>Sk\u00f3rzane r\u0119kawice spawalnicze bez podszewki, zszyte niciami z kevlaru. Zalecane zastosowanie: bran\u017ca metalurgiczna, spawalnicza, budowa maszyn a przemys\u0142 ci\u0119\u017cki.<\/p>\n<table class=\" cke_show_border\">\n<tbody>\n<tr>\n<td><strong>Materia\u0142 zewn\u0119trzny\u00a0 \u00a0 \u00a0 \u00a0 \u00a0 \u00a0<\/strong><\/td>\n<td>d\u0142o\u0144: sk\u00f3ra kozia licowa, grzbiet: sk\u00f3ra kozia licowa, mankiet: dwoina bydl\u0119ca<\/td>\n<\/tr>\n<tr>\n<td><strong>CAT<\/strong><\/td>\n<td>cat. 2<\/td>\n<\/tr>\n<tr>\n<td><strong>Normy<\/strong><\/td>\n<td>EN 420, EN 388, EN 1149, EN 12477\/B<\/td>\n<\/tr>\n<tr>\n<td><strong>D\u0142ugo\u015b\u0107<\/strong><\/td>\n<td>33 &#8211; 35 cm<\/td>\n<\/tr>\n<tr>\n<td><strong>Rozmiar<\/strong><\/td>\n<td>09; 10; 11<\/td>\n<\/tr>\n<tr>\n<td><strong>Znak<\/strong><\/td>\n<td>CXS<\/td>\n<\/tr>\n<tr>\n<td><strong>\u00a0 \u00a0 \u00a0 \u00a0 \u00a0\u00a0<\/strong><\/td>\n<td><\/td>\n<\/tr>\n<\/tbody>\n<\/table>\n","protected":false},"excerpt":{"rendered":"<p>sk\u00f3rzane r\u0119kawice spawalnicze bez podszewki, zszyte niciami z kevlaru. Zalecane zastosowanie: bran\u017ca metalurgiczna, spawalnicza, budowa maszyn a przemys\u0142 ci\u0119\u017cki.<\/p>\n","protected":false},"featured_media":423,"template":"","meta":{"_et_pb_use_builder":"","_et_pb_old_content":"","_et_gb_content_width":""},"product_brand":[],"product_cat":[35,58],"product_tag":[],"class_list":{"0":"post-422","1":"product","2":"type-product","3":"status-publish","4":"has-post-thumbnail","6":"product_cat-dla-spawaczy","7":"product_cat-rekawice","9":"first","10":"instock","11":"shipping-taxable","12":"product-type-simple"},"_links":{"self":[{"href":"https:\/\/ani-mex.com\/index.php?rest_route=\/wp\/v2\/product\/422","targetHints":{"allow":["GET"]}}],"collection":[{"href":"https:\/\/ani-mex.com\/index.php?rest_route=\/wp\/v2\/product"}],"about":[{"href":"https:\/\/ani-mex.com\/index.php?rest_route=\/wp\/v2\/types\/product"}],"wp:featuredmedia":[{"embeddable":true,"href":"https:\/\/ani-mex.com\/index.php?rest_route=\/wp\/v2\/media\/423"}],"wp:attachment":[{"href":"https:\/\/ani-mex.com\/index.php?rest_route=%2Fwp%2Fv2%2Fmedia&parent=422"}],"wp:term":[{"taxonomy":"product_brand","embeddable":true,"href":"https:\/\/ani-mex.com\/index.php?rest_route=%2Fwp%2Fv2%2Fproduct_brand&post=422"},{"taxonomy":"product_cat","embeddable":true,"href":"https:\/\/ani-mex.com\/index.php?rest_route=%2Fwp%2Fv2%2Fproduct_cat&post=422"},{"taxonomy":"product_tag","embeddable":true,"href":"https:\/\/ani-mex.com\/index.php?rest_route=%2Fwp%2Fv2%2Fproduct_tag&post=422"}],"curies":[{"name":"wp","href":"https:\/\/api.w.org\/{rel}","templated":true}]}}