{"id":495,"date":"2024-11-20T12:04:10","date_gmt":"2024-11-20T12:04:10","guid":{"rendered":"https:\/\/ani-mex.com\/?post_type=product&#038;p=495"},"modified":"2024-11-20T12:04:13","modified_gmt":"2024-11-20T12:04:13","slug":"wysciolki-hundert-mark-ppo","status":"publish","type":"product","link":"https:\/\/ani-mex.com\/?product=wysciolki-hundert-mark-ppo","title":{"rendered":"Wy\u015bci\u00f3\u0142ki Hundert Mark PPO"},"content":{"rendered":"<p>Wy\u015bci\u00f3\u0142ki z filtrem aktywnego w\u0119gla o w\u0142a\u015bciwo\u015bciach antybakteryjnych, przeciwpotnych i przeciwgrzybiczych, skutecznie neutralizuj\u0105ce przykre zapachy. Dost\u0119pne w rozmiarach 39-48. Zalecane do stosowania z obuwiem z kolekcji PPO Composite.<\/p>\n","protected":false},"excerpt":{"rendered":"<p>Wy\u015bci\u00f3\u0142ki z filtrem aktywnego w\u0119gla o w\u0142a\u015bciwo\u015bciach antybakteryjnych, przeciwpotnych i przeciwgrzybiczych, skutecznie neutralizuj\u0105ce przykre zapachy. Dost\u0119pne w rozmiarach 39-48. Zalecane do stosowania z obuwiem z kolekcji PPO Composite.<\/p>\n","protected":false},"featured_media":496,"template":"","meta":{"_et_pb_use_builder":"","_et_pb_old_content":"","_et_gb_content_width":""},"product_brand":[],"product_cat":[92,40],"product_tag":[],"class_list":{"0":"post-495","1":"product","2":"type-product","3":"status-publish","4":"has-post-thumbnail","6":"product_cat-akcesoria","7":"product_cat-ochrona-nog","9":"first","10":"instock","11":"shipping-taxable","12":"product-type-simple"},"_links":{"self":[{"href":"https:\/\/ani-mex.com\/index.php?rest_route=\/wp\/v2\/product\/495","targetHints":{"allow":["GET"]}}],"collection":[{"href":"https:\/\/ani-mex.com\/index.php?rest_route=\/wp\/v2\/product"}],"about":[{"href":"https:\/\/ani-mex.com\/index.php?rest_route=\/wp\/v2\/types\/product"}],"wp:featuredmedia":[{"embeddable":true,"href":"https:\/\/ani-mex.com\/index.php?rest_route=\/wp\/v2\/media\/496"}],"wp:attachment":[{"href":"https:\/\/ani-mex.com\/index.php?rest_route=%2Fwp%2Fv2%2Fmedia&parent=495"}],"wp:term":[{"taxonomy":"product_brand","embeddable":true,"href":"https:\/\/ani-mex.com\/index.php?rest_route=%2Fwp%2Fv2%2Fproduct_brand&post=495"},{"taxonomy":"product_cat","embeddable":true,"href":"https:\/\/ani-mex.com\/index.php?rest_route=%2Fwp%2Fv2%2Fproduct_cat&post=495"},{"taxonomy":"product_tag","embeddable":true,"href":"https:\/\/ani-mex.com\/index.php?rest_route=%2Fwp%2Fv2%2Fproduct_tag&post=495"}],"curies":[{"name":"wp","href":"https:\/\/api.w.org\/{rel}","templated":true}]}}